{"id":122923,"date":"2025-12-24T01:57:54","date_gmt":"2025-12-23T22:57:54","guid":{"rendered":"https:\/\/feetglide.com\/?post_type=product&#038;p=122923"},"modified":"2026-03-29T14:14:17","modified_gmt":"2026-03-29T11:14:17","slug":"feetglide-skates-for-gravastar-mercury-x-pro-fg-315","status":"publish","type":"product","link":"https:\/\/feetglide.com\/pl\/shop\/glides\/feetglide-skates-for-gravastar-mercury-x-pro-fg-315\/","title":{"rendered":"FeetGlide \u015alizgacze do GravaStar Mercury X Pro (FG-315)"},"content":{"rendered":"<style>\n#tab-description div.row {padding:25px 0;border-bottom:1px solid #d0d0d0;}<br \/>#tab-description div.row:first-of-type {border-top:1px solid #d0d0d0;}<br \/>#tab-description div.row > div:first-of-type {text-align:center;}<br \/>@media (min-width:992px){#tab-description h3 {margin-top:50px;}}<br \/><\/style>\n<div class=\"row\">\n<div class=\"col-md-4\"><img loading=\"lazy\" decoding=\"async\" class=\"alignnone wp-image-996\" src=\"https:\/\/feetglide.com\/wp-content\/uploads\/2020\/10\/glides-01-300x244.jpg\" alt=\"Perfect glide\" width=\"300\" height=\"244\" srcset=\"https:\/\/feetglide.com\/wp-content\/uploads\/2020\/10\/glides-01-300x244.jpg 300w, https:\/\/feetglide.com\/wp-content\/uploads\/2020\/10\/glides-01-200x163.jpg 200w, https:\/\/feetglide.com\/wp-content\/uploads\/2020\/10\/glides-01.jpg 312w\" sizes=\"(max-width: 300px) 100vw, 300px\" \/><\/div>\n<div class=\"col-md-8\">\n<h3>Idealny po\u015blizg<\/h3>\n<p>Czysty, polerowany materia\u0142 PTFE zapewnia niezr\u00f3wnany poziom po\u015blizgu twojej myszy..<\/p>\n<\/div>\n<\/div>\n<div class=\"row\">\n<div class=\"col-md-4\"><img loading=\"lazy\" decoding=\"async\" class=\"alignnone wp-image-997\" src=\"https:\/\/feetglide.com\/wp-content\/uploads\/2020\/10\/glides-02-300x244.jpg\" alt=\"Precision and control\" width=\"300\" height=\"244\" srcset=\"https:\/\/feetglide.com\/wp-content\/uploads\/2020\/10\/glides-02-300x244.jpg 300w, https:\/\/feetglide.com\/wp-content\/uploads\/2020\/10\/glides-02-200x163.jpg 200w, https:\/\/feetglide.com\/wp-content\/uploads\/2020\/10\/glides-02.jpg 312w\" sizes=\"(max-width: 300px) 100vw, 300px\" \/><\/div>\n<div class=\"col-md-8\">\n<h3>Precyzja i pe\u0142na kontrola<\/h3>\n<p>U\u017cywanie teflonowych n\u00f3\u017cek zapewnia pe\u0142n\u0105 kontrol\u0119 nad ruchem myszy po powierzchni roboczej. Zar\u00f3wno przy szerokich ruchach, jak i minimalnym przesuni\u0119ciu myszy. Osi\u0105gni\u0119cie maksymalnej precyzji kursora jest teraz \u0142atwiejsze.<\/p>\n<\/div>\n<\/div>\n<div class=\"row\">\n<div class=\"col-md-4\"><img loading=\"lazy\" decoding=\"async\" class=\"alignnone wp-image-27216\" src=\"https:\/\/feetglide.com\/wp-content\/uploads\/2021\/07\/glides-05-300x244.jpg\" alt=\"Finished edge\" width=\"300\" height=\"244\" srcset=\"https:\/\/feetglide.com\/wp-content\/uploads\/2021\/07\/glides-05-300x244.jpg 300w, https:\/\/feetglide.com\/wp-content\/uploads\/2021\/07\/glides-05-200x163.jpg 200w, https:\/\/feetglide.com\/wp-content\/uploads\/2021\/07\/glides-05.jpg 312w\" sizes=\"(max-width: 300px) 100vw, 300px\" \/><\/div>\n<div class=\"col-md-8\">\n<h3>Obrobione kraw\u0119dzie<\/h3>\n<p>Wszystkie \u015blizgacze przechodz\u0105 obr\u00f3bk\u0119 kraw\u0119dzi zewn\u0119trznej. Brak ostrych kraw\u0119dzi zapewnia p\u0142ynno\u015b\u0107 ruchu myszy i skraca czas potrzebny na dopasowanie na pocz\u0105tku u\u017cytkowania.<\/p>\n<\/div>\n<\/div>\n<div class=\"row\">\n<div class=\"col-md-4\"><img loading=\"lazy\" decoding=\"async\" class=\"alignnone wp-image-998\" src=\"https:\/\/feetglide.com\/wp-content\/uploads\/2020\/10\/glides-03-300x244.jpg\" alt=\"High quality materials\" width=\"300\" height=\"244\" srcset=\"https:\/\/feetglide.com\/wp-content\/uploads\/2020\/10\/glides-03-300x244.jpg 300w, https:\/\/feetglide.com\/wp-content\/uploads\/2020\/10\/glides-03-200x163.jpg 200w, https:\/\/feetglide.com\/wp-content\/uploads\/2020\/10\/glides-03.jpg 312w\" sizes=\"(max-width: 300px) 100vw, 300px\" \/><\/div>\n<div class=\"col-md-8\">\n<h3>Wysoka jako\u015b\u0107 materia\u0142\u00f3w<\/h3>\n<p>W produkcji \u015blizgaczy u\u017cywany jest tylko 100% czysty materia\u0142 PTFE o najni\u017cszym wsp\u00f3\u0142czynniku tarcia. Dodatkowo specjalnie dobrany klej zapewnia niezawodne mocowanie \u015blizgaczy i nie pozostawia zb\u0119dnych \u015blad\u00f3w po ich usuni\u0119ciu.<\/p>\n<\/div>\n<\/div>\n<div class=\"row\">\n<div class=\"col-md-4\"><img loading=\"lazy\" decoding=\"async\" class=\"alignnone wp-image-999\" src=\"https:\/\/feetglide.com\/wp-content\/uploads\/2020\/10\/glides-04-300x244.jpg\" alt=\"High resource\" width=\"300\" height=\"244\" srcset=\"https:\/\/feetglide.com\/wp-content\/uploads\/2020\/10\/glides-04-300x244.jpg 300w, https:\/\/feetglide.com\/wp-content\/uploads\/2020\/10\/glides-04-200x163.jpg 200w, https:\/\/feetglide.com\/wp-content\/uploads\/2020\/10\/glides-04.jpg 312w\" sizes=\"(max-width: 300px) 100vw, 300px\" \/><\/div>\n<div class=\"col-md-8\">\n<h3>Wysoka trwa\u0142o\u015b\u0107<\/h3>\n<p>Grubo\u015b\u0107 materia\u0142u jest dobrana indywidualnie dla ka\u017cdego modelu myszy, aby zapewni\u0107 maksymaln\u0105 trwa\u0142o\u015b\u0107 u\u017cytkowania, nie naruszaj\u0105c przy tym standardowej wysoko\u015bci odrywania sensora.<\/p>\n<\/div>\n<\/div>\n","protected":false},"excerpt":{"rendered":"<div style=\"padding: 5px; font-size: 1.125rem; color: #857700; border: 2px solid #857700;\"><strong>Zyskaj darmow\u0105 wysy\u0142k\u0119 mi\u0119dzynarodow\u0105, gdy w koszyku s\u0105 \u015blizgacze i gripy do myszki, lub 3+j produkty jednego rodzaju.<\/strong><\/div>\n","protected":false},"featured_media":122921,"comment_status":"open","ping_status":"closed","template":"","meta":[],"product_cat":[16],"product_tag":[],"class_list":["post-122923","product","type-product","status-publish","has-post-thumbnail","hentry","product_cat-glides"],"translation":{"provider":"WPGlobus","version":"2.8.2","language":"pl","enabled_languages":["en","pl","ru","uk","ua"],"languages":{"en":{"title":true,"content":true,"excerpt":true},"pl":{"title":true,"content":true,"excerpt":true},"ru":{"title":true,"content":true,"excerpt":true},"uk":{"title":true,"content":true,"excerpt":false},"ua":{"title":true,"content":true,"excerpt":false}}},"yoast_head":"<!-- This site is optimized with the Yoast SEO plugin v23.5 - https:\/\/yoast.com\/wordpress\/plugins\/seo\/ -->\n<title>\u015alizgacze GravaStar Mercury X Pro - niskie ceny w FeetGlide<\/title>\n<meta name=\"description\" content=\"\u015alizgacze do myszek GravaStar Mercury X Pro w FeetGlide. \u015alizgacze teflonowe GravaStar Mercury X Pro - najlepsze ceny i promocje od sklepu internetowego FeetGlide\" \/>\n<meta name=\"robots\" content=\"index, follow, max-snippet:-1, max-image-preview:large, max-video-preview:-1\" \/>\n<link rel=\"canonical\" href=\"https:\/\/feetglide.com\/pl\/shop\/glides\/feetglide-skates-for-gravastar-mercury-x-pro-fg-315\/\" \/>\n<meta property=\"og:locale\" content=\"pl_PL\" \/>\n<meta property=\"og:type\" content=\"article\" \/>\n<meta property=\"og:title\" content=\"FeetGlide\" \/>\n<meta property=\"og:description\" content=\"\u015alizgacze do myszek GravaStar Mercury X Pro w FeetGlide. \u015alizgacze teflonowe GravaStar Mercury X Pro - najlepsze ceny i promocje od sklepu internetowego FeetGlide\" \/>\n<meta property=\"og:url\" content=\"https:\/\/feetglide.com\/pl\/shop\/glides\/feetglide-skates-for-gravastar-mercury-x-pro-fg-315\/\" \/>\n<meta property=\"og:site_name\" content=\"FeetGlide\" \/>\n<meta property=\"article:modified_time\" content=\"2026-03-29T11:14:17+00:00\" \/>\n<meta property=\"og:image\" content=\"https:\/\/feetglide.com\/wp-content\/uploads\/2025\/12\/GravaStar-Mercury-X-Pro_2.jpg\" \/>\n\t<meta property=\"og:image:width\" content=\"1700\" \/>\n\t<meta property=\"og:image:height\" content=\"1700\" \/>\n\t<meta property=\"og:image:type\" content=\"image\/jpeg\" \/>\n<meta name=\"twitter:card\" content=\"summary_large_image\" \/>\n<meta name=\"twitter:label1\" content=\"Szacowany czas czytania\" \/>\n\t<meta name=\"twitter:data1\" content=\"2 minuty\" \/>\n<script type=\"application\/ld+json\" class=\"yoast-schema-graph\">{\"@context\":\"https:\/\/schema.org\",\"@graph\":[{\"@type\":\"WebPage\",\"@id\":\"https:\/\/feetglide.com\/pl\/shop\/glides\/feetglide-skates-for-gravastar-mercury-x-pro-fg-315\/\",\"url\":\"https:\/\/feetglide.com\/pl\/shop\/glides\/feetglide-skates-for-gravastar-mercury-x-pro-fg-315\/\",\"name\":\"GravaStar Mercury X Pro mouse feet - buy hyperglides GravaStar Mercury X Pro mouse skates | FeetGlideGravaStar Mercury X Pro\",\"isPartOf\":{\"@id\":\"https:\/\/feetglide.com\/pl\/#website\"},\"primaryImageOfPage\":{\"@id\":\"https:\/\/feetglide.com\/pl\/shop\/glides\/feetglide-skates-for-gravastar-mercury-x-pro-fg-315\/#primaryimage\"},\"image\":{\"@id\":\"https:\/\/feetglide.com\/pl\/shop\/glides\/feetglide-skates-for-gravastar-mercury-x-pro-fg-315\/#primaryimage\"},\"thumbnailUrl\":\"https:\/\/feetglide.com\/pl\/wp-content\/uploads\/2025\/12\/GravaStar-Mercury-X-Pro_2.jpg\",\"datePublished\":\"2025-12-23T22:57:54+00:00\",\"dateModified\":\"2026-03-29T11:14:17+00:00\",\"description\":\"\u3010GravaStar Mercury X Pro hyperglide mouse feet\u3011 buy GravaStar Mercury X Pro mouse skates\u23e9the lowest prices\u26a1 in the online store \u27a6 FeetGlide.com \u2705Guarantee \u2b50Quality \u2708\ufe0fDelivery.\",\"breadcrumb\":{\"@id\":\"https:\/\/feetglide.com\/pl\/shop\/glides\/feetglide-skates-for-gravastar-mercury-x-pro-fg-315\/#breadcrumb\"},\"inLanguage\":\"pl-PL\",\"potentialAction\":[{\"@type\":\"ReadAction\",\"target\":[\"https:\/\/feetglide.com\/pl\/shop\/glides\/feetglide-skates-for-gravastar-mercury-x-pro-fg-315\/\"]}]},{\"@type\":\"ImageObject\",\"inLanguage\":\"pl-PL\",\"@id\":\"https:\/\/feetglide.com\/pl\/shop\/glides\/feetglide-skates-for-gravastar-mercury-x-pro-fg-315\/#primaryimage\",\"url\":\"https:\/\/feetglide.com\/pl\/wp-content\/uploads\/2025\/12\/GravaStar-Mercury-X-Pro_2.jpg\",\"contentUrl\":\"https:\/\/feetglide.com\/pl\/wp-content\/uploads\/2025\/12\/GravaStar-Mercury-X-Pro_2.jpg\",\"width\":1700,\"height\":1700,\"caption\":\"{:en}FeetGlide Skates for GravaStar Mercury X Pro - side view{:}{:pl}FeetGlides dla GravaStar Mercury X Pro w Warszawie i Polsce - widok z boku{:}{:ru}\u0413\u043b\u0430\u0439\u0434\u044b FeetGlide \u0434\u043b\u044f GravaStar Mercury X Pro \u0432 \u0410\u043b\u043c\u0430\u0442\u044b \u0438 \u041a\u0430\u0437\u0430\u0445\u0441\u0442\u0430\u043d\u0435 - \u0432\u0438\u0434 \u0441\u0431\u043e\u043a\u0443 {:}{:uk}\u0413\u043b\u0430\u0439\u0434\u0438 FeetGlide \u0434\u043b\u044f GravaStar Mercury X Pro \u0432 \u041a\u0438\u0454\u0432\u0456 \u0442\u0430 \u0423\u043a\u0440\u0430\u0457\u043d\u0456 - \u0432\u0438\u0434 \u0437\u0431\u043e\u043a\u0443{:}{:ua}\u0413\u043b\u0430\u0439\u0434\u044b FeetGlide \u0434\u043b\u044f GravaStar Mercury X Pro \u0432 \u041a\u0438\u0435\u0432\u0435 \u0438 \u0423\u043a\u0440\u0430\u0438\u043d\u0435 - \u0432\u0438\u0434 \u0441\u0431\u043e\u043a\u0443{:}\"},{\"@type\":\"BreadcrumbList\",\"@id\":\"https:\/\/feetglide.com\/pl\/shop\/glides\/feetglide-skates-for-gravastar-mercury-x-pro-fg-315\/#breadcrumb\",\"itemListElement\":[{\"@type\":\"ListItem\",\"position\":1,\"name\":\"FeetGlide\",\"item\":\"https:\/\/feetglide.com\/\"},{\"@type\":\"ListItem\",\"position\":2,\"name\":\"Akcesoria do myszy\",\"item\":\"https:\/\/feetglide.com\/pl\/shop\/\"},{\"@type\":\"ListItem\",\"position\":3,\"name\":\"FeetGlide Skates for GravaStar Mercury X Pro (FG-315)\"}]},{\"@type\":\"WebSite\",\"@id\":\"https:\/\/feetglide.com\/pl\/#website\",\"url\":\"https:\/\/feetglide.com\/pl\/\",\"name\":\"FeetGlide\",\"description\":\"\",\"publisher\":{\"@id\":\"https:\/\/feetglide.com\/pl\/#organization\"},\"potentialAction\":[{\"@type\":\"SearchAction\",\"target\":{\"@type\":\"EntryPoint\",\"urlTemplate\":\"https:\/\/feetglide.com\/pl\/?s={search_term_string}\"},\"query-input\":{\"@type\":\"PropertyValueSpecification\",\"valueRequired\":true,\"valueName\":\"search_term_string\"}}],\"inLanguage\":\"pl-PL\"},{\"@type\":\"Organization\",\"@id\":\"https:\/\/feetglide.com\/pl\/#organization\",\"name\":\"FeetGlide\",\"url\":\"https:\/\/feetglide.com\/pl\/\",\"logo\":{\"@type\":\"ImageObject\",\"inLanguage\":\"pl-PL\",\"@id\":\"https:\/\/feetglide.com\/pl\/#\/schema\/logo\/image\/\",\"url\":\"https:\/\/feetglide.com\/pl\/wp-content\/uploads\/2020\/12\/logo.png\",\"contentUrl\":\"https:\/\/feetglide.com\/pl\/wp-content\/uploads\/2020\/12\/logo.png\",\"width\":288,\"height\":58,\"caption\":\"FeetGlide\"},\"image\":{\"@id\":\"https:\/\/feetglide.com\/pl\/#\/schema\/logo\/image\/\"}}]}<\/script>\n<!-- \/ Yoast SEO plugin. -->","yoast_head_json":{"title":"\u015alizgacze GravaStar Mercury X Pro - niskie ceny w FeetGlide","description":"\u015alizgacze do myszek GravaStar Mercury X Pro w FeetGlide. \u015alizgacze teflonowe GravaStar Mercury X Pro - najlepsze ceny i promocje od sklepu internetowego FeetGlide","robots":{"index":"index","follow":"follow","max-snippet":"max-snippet:-1","max-image-preview":"max-image-preview:large","max-video-preview":"max-video-preview:-1"},"canonical":"https:\/\/feetglide.com\/pl\/shop\/glides\/feetglide-skates-for-gravastar-mercury-x-pro-fg-315\/","og_locale":"pl_PL","og_type":"article","og_title":"FeetGlide","og_description":"\u015alizgacze do myszek GravaStar Mercury X Pro w FeetGlide. \u015alizgacze teflonowe GravaStar Mercury X Pro - najlepsze ceny i promocje od sklepu internetowego FeetGlide","og_url":"https:\/\/feetglide.com\/pl\/shop\/glides\/feetglide-skates-for-gravastar-mercury-x-pro-fg-315\/","og_site_name":"FeetGlide","article_modified_time":"2026-03-29T11:14:17+00:00","og_image":[{"width":1700,"height":1700,"url":"https:\/\/feetglide.com\/wp-content\/uploads\/2025\/12\/GravaStar-Mercury-X-Pro_2.jpg","type":"image\/jpeg"}],"twitter_card":"summary_large_image","twitter_misc":{"Szacowany czas czytania":"2 minuty"},"schema":{"@context":"https:\/\/schema.org","@graph":[{"@type":"WebPage","@id":"https:\/\/feetglide.com\/pl\/shop\/glides\/feetglide-skates-for-gravastar-mercury-x-pro-fg-315\/","url":"https:\/\/feetglide.com\/pl\/shop\/glides\/feetglide-skates-for-gravastar-mercury-x-pro-fg-315\/","name":"GravaStar Mercury X Pro mouse feet - buy hyperglides GravaStar Mercury X Pro mouse skates | FeetGlideGravaStar Mercury X Pro","isPartOf":{"@id":"https:\/\/feetglide.com\/pl\/#website"},"primaryImageOfPage":{"@id":"https:\/\/feetglide.com\/pl\/shop\/glides\/feetglide-skates-for-gravastar-mercury-x-pro-fg-315\/#primaryimage"},"image":{"@id":"https:\/\/feetglide.com\/pl\/shop\/glides\/feetglide-skates-for-gravastar-mercury-x-pro-fg-315\/#primaryimage"},"thumbnailUrl":"https:\/\/feetglide.com\/pl\/wp-content\/uploads\/2025\/12\/GravaStar-Mercury-X-Pro_2.jpg","datePublished":"2025-12-23T22:57:54+00:00","dateModified":"2026-03-29T11:14:17+00:00","description":"\u3010GravaStar Mercury X Pro hyperglide mouse feet\u3011 buy GravaStar Mercury X Pro mouse skates\u23e9the lowest prices\u26a1 in the online store \u27a6 FeetGlide.com \u2705Guarantee \u2b50Quality \u2708\ufe0fDelivery.","breadcrumb":{"@id":"https:\/\/feetglide.com\/pl\/shop\/glides\/feetglide-skates-for-gravastar-mercury-x-pro-fg-315\/#breadcrumb"},"inLanguage":"pl-PL","potentialAction":[{"@type":"ReadAction","target":["https:\/\/feetglide.com\/pl\/shop\/glides\/feetglide-skates-for-gravastar-mercury-x-pro-fg-315\/"]}]},{"@type":"ImageObject","inLanguage":"pl-PL","@id":"https:\/\/feetglide.com\/pl\/shop\/glides\/feetglide-skates-for-gravastar-mercury-x-pro-fg-315\/#primaryimage","url":"https:\/\/feetglide.com\/pl\/wp-content\/uploads\/2025\/12\/GravaStar-Mercury-X-Pro_2.jpg","contentUrl":"https:\/\/feetglide.com\/pl\/wp-content\/uploads\/2025\/12\/GravaStar-Mercury-X-Pro_2.jpg","width":1700,"height":1700,"caption":"{:en}FeetGlide Skates for GravaStar Mercury X Pro - side view{:}{:pl}FeetGlides dla GravaStar Mercury X Pro w Warszawie i Polsce - widok z boku{:}{:ru}\u0413\u043b\u0430\u0439\u0434\u044b FeetGlide \u0434\u043b\u044f GravaStar Mercury X Pro \u0432 \u0410\u043b\u043c\u0430\u0442\u044b \u0438 \u041a\u0430\u0437\u0430\u0445\u0441\u0442\u0430\u043d\u0435 - \u0432\u0438\u0434 \u0441\u0431\u043e\u043a\u0443 {:}{:uk}\u0413\u043b\u0430\u0439\u0434\u0438 FeetGlide \u0434\u043b\u044f GravaStar Mercury X Pro \u0432 \u041a\u0438\u0454\u0432\u0456 \u0442\u0430 \u0423\u043a\u0440\u0430\u0457\u043d\u0456 - \u0432\u0438\u0434 \u0437\u0431\u043e\u043a\u0443{:}{:ua}\u0413\u043b\u0430\u0439\u0434\u044b FeetGlide \u0434\u043b\u044f GravaStar Mercury X Pro \u0432 \u041a\u0438\u0435\u0432\u0435 \u0438 \u0423\u043a\u0440\u0430\u0438\u043d\u0435 - \u0432\u0438\u0434 \u0441\u0431\u043e\u043a\u0443{:}"},{"@type":"BreadcrumbList","@id":"https:\/\/feetglide.com\/pl\/shop\/glides\/feetglide-skates-for-gravastar-mercury-x-pro-fg-315\/#breadcrumb","itemListElement":[{"@type":"ListItem","position":1,"name":"FeetGlide","item":"https:\/\/feetglide.com\/"},{"@type":"ListItem","position":2,"name":"Akcesoria do myszy","item":"https:\/\/feetglide.com\/pl\/shop\/"},{"@type":"ListItem","position":3,"name":"FeetGlide Skates for GravaStar Mercury X Pro (FG-315)"}]},{"@type":"WebSite","@id":"https:\/\/feetglide.com\/pl\/#website","url":"https:\/\/feetglide.com\/pl\/","name":"FeetGlide","description":"","publisher":{"@id":"https:\/\/feetglide.com\/pl\/#organization"},"potentialAction":[{"@type":"SearchAction","target":{"@type":"EntryPoint","urlTemplate":"https:\/\/feetglide.com\/pl\/?s={search_term_string}"},"query-input":{"@type":"PropertyValueSpecification","valueRequired":true,"valueName":"search_term_string"}}],"inLanguage":"pl-PL"},{"@type":"Organization","@id":"https:\/\/feetglide.com\/pl\/#organization","name":"FeetGlide","url":"https:\/\/feetglide.com\/pl\/","logo":{"@type":"ImageObject","inLanguage":"pl-PL","@id":"https:\/\/feetglide.com\/pl\/#\/schema\/logo\/image\/","url":"https:\/\/feetglide.com\/pl\/wp-content\/uploads\/2020\/12\/logo.png","contentUrl":"https:\/\/feetglide.com\/pl\/wp-content\/uploads\/2020\/12\/logo.png","width":288,"height":58,"caption":"FeetGlide"},"image":{"@id":"https:\/\/feetglide.com\/pl\/#\/schema\/logo\/image\/"}}]}},"_links":{"self":[{"href":"https:\/\/feetglide.com\/pl\/wp-json\/wp\/v2\/product\/122923"}],"collection":[{"href":"https:\/\/feetglide.com\/pl\/wp-json\/wp\/v2\/product"}],"about":[{"href":"https:\/\/feetglide.com\/pl\/wp-json\/wp\/v2\/types\/product"}],"replies":[{"embeddable":true,"href":"https:\/\/feetglide.com\/pl\/wp-json\/wp\/v2\/comments?post=122923"}],"wp:featuredmedia":[{"embeddable":true,"href":"https:\/\/feetglide.com\/pl\/wp-json\/wp\/v2\/media\/122921"}],"wp:attachment":[{"href":"https:\/\/feetglide.com\/pl\/wp-json\/wp\/v2\/media?parent=122923"}],"wp:term":[{"taxonomy":"product_cat","embeddable":true,"href":"https:\/\/feetglide.com\/pl\/wp-json\/wp\/v2\/product_cat?post=122923"},{"taxonomy":"product_tag","embeddable":true,"href":"https:\/\/feetglide.com\/pl\/wp-json\/wp\/v2\/product_tag?post=122923"}],"curies":[{"name":"wp","href":"https:\/\/api.w.org\/{rel}","templated":true}]}}