{"id":121800,"date":"2025-12-02T23:19:06","date_gmt":"2025-12-02T20:19:06","guid":{"rendered":"https:\/\/feetglide.com\/?post_type=product&#038;p=121800"},"modified":"2026-03-21T13:40:03","modified_gmt":"2026-03-21T10:40:03","slug":"feetglide-grip-tape-for-lofree-hypace-mg-14201","status":"publish","type":"product","link":"https:\/\/feetglide.com\/pl\/shop\/grips\/feetglide-grip-tape-for-lofree-hypace-mg-14201\/","title":{"rendered":"Gripy FeetGlide do Corsair Harpoon RGB Wireless (MG-142)"},"content":{"rendered":"<style><span data-mce-type=\"bookmark\" style=\"display: inline-block; width: 0px; overflow: hidden; line-height: 0;\" class=\"mce_SELRES_start\">\ufeff<\/span><br \/>#tab-description div.row {padding:25px 0;border-bottom:1px solid #d0d0d0;}#tab-description div.row:first-of-type {border-top:1px solid #d0d0d0;}#tab-description div.row img {text-align:center;}@media (min-width:992px){#tab-description h3 {margin-top:50px;}}<\/style>\n<div class=\"row\">\n<div class=\"col-md-8\">\n<h3>Antypo\u015blizgowa tekstura<\/h3>\n<p>Wykonana z polimeru na bazie poliuretanu, ta\u015bma Grip Tape zapewnia doskona\u0142\u0105 przyczepno\u015b\u0107 i poch\u0142anianie wilgoci. Bez wzgl\u0119du na to, jak bardzo poc\u0105 si\u0119 twoje d\u0142onie lub jaki styl chwytu preferujesz \u2014 pe\u0142n\u0105 d\u0142oni\u0105, szponiowy czy opuszkami palc\u00f3w \u2014 mysz pozostaje pod pe\u0142n\u0105 kontrol\u0105.<\/p>\n<\/div>\n<div class=\"col-md-4\"><img loading=\"lazy\" decoding=\"async\" class=\"alignnone wp-image-57077\" src=\"https:\/\/feetglide.com\/wp-content\/uploads\/2024\/12\/grips-mouse-01-300x230.png\" alt=\"Non-slip texture\" width=\"300\" height=\"230\" \/><\/div>\n<\/div>\n<div class=\"row\">\n<div class=\"col-md-4\"><img loading=\"lazy\" decoding=\"async\" class=\"alignnone wp-image-57078\" src=\"https:\/\/feetglide.com\/wp-content\/uploads\/2024\/12\/grips-mouse-12.png\" alt=\"Easy application\" width=\"360\" height=\"144\" \/><\/div>\n<div class=\"col-md-8\">\n<h3>\u0141atwa aplikacja<\/h3>\n<p>Wystarczy odklei\u0107 gripy od podk\u0142adu i przyklei\u0107! Dzi\u0119ki wytrzyma\u0142emu klejowi 3M ta\u015bma mocno trzyma si\u0119 nawet podczas intensywnych sesji gamingowych, a jednocze\u015bnie \u0142atwo si\u0119 usuwa, nie uszkadzaj\u0105c myszy, co zapewnia wygodn\u0105 wymian\u0119.<\/p>\n<\/div>\n<\/div>\n<div class=\"row\">\n<div class=\"col-md-8\">\n<h3>Idealne dopasowanie<\/h3>\n<p>Ka\u017cdy element zestawu zosta\u0142 precyzyjnie zaprojektowany pod k\u0105tem kszta\u0142tu i rozmiaru paneli twojej myszy. Ta\u015bmy s\u0105 strategicznie rozmieszczone w kluczowych punktach kontaktu, zapewniaj\u0105c maksymaln\u0105 niezawodno\u015b\u0107 i wygod\u0119 u\u017cytkowania.<\/p>\n<\/div>\n<div class=\"col-md-4\"><img loading=\"lazy\" decoding=\"async\" class=\"alignnone wp-image-57079\" src=\"https:\/\/feetglide.com\/wp-content\/uploads\/2024\/12\/grips-mouse-03-300x187.png\" alt=\"Idealne dopasowanie\" width=\"300\" height=\"214\" \/><\/div>\n<\/div>\n","protected":false},"excerpt":{"rendered":"<p>Antypo\u015blizgowa tekstura Wykonana z polimeru na bazie poliuretanu, ta\u015bma Grip Tape zapewnia doskona\u0142\u0105 przyczepno\u015b\u0107 i poch\u0142anianie wilgoci. Bez wzgl\u0119du na to, jak bardzo poc\u0105 si\u0119 twoje d\u0142onie lub jaki styl chwytu preferujesz \u2014 pe\u0142n\u0105 d\u0142oni\u0105, szponiowy czy opuszkami palc\u00f3w \u2014 mysz pozostaje pod pe\u0142n\u0105 kontrol\u0105. \u0141atwa aplikacja Wystarczy odklei\u0107 gripy od podk\u0142adu i przyklei\u0107! Dzi\u0119ki &hellip; <\/p>\n<p class=\"link-more\"><a href=\"https:\/\/feetglide.com\/pl\/shop\/grips\/feetglide-grip-tape-for-lofree-hypace-mg-14201\/\" class=\"more-link\">Kontynuuj czytanie<span class=\"screen-reader-text\"> &#8220;Gripy FeetGlide do Corsair Harpoon RGB Wireless (MG-142)&#8221;<\/span><\/a><\/p>\n","protected":false},"featured_media":121798,"comment_status":"open","ping_status":"closed","template":"","meta":[],"product_cat":[73],"product_tag":[],"class_list":["post-121800","product","type-product","status-publish","has-post-thumbnail","hentry","product_cat-grips","wvs-archive-product-wrapper"],"translation":{"provider":"WPGlobus","version":"2.8.2","language":"pl","enabled_languages":["en","pl","ru","uk","ua"],"languages":{"en":{"title":true,"content":true,"excerpt":false},"pl":{"title":true,"content":true,"excerpt":false},"ru":{"title":true,"content":true,"excerpt":false},"uk":{"title":true,"content":true,"excerpt":false},"ua":{"title":true,"content":true,"excerpt":false}}},"yoast_head":"<!-- This site is optimized with the Yoast SEO plugin v23.5 - https:\/\/yoast.com\/wordpress\/plugins\/seo\/ -->\n<title>Gripy do myszki Corsair Harpoon RGB Wireless - FeetGlide.com<\/title>\n<meta name=\"description\" content=\"Grip tape do myszki Corsair Harpoon RGB Wireless - najlepsze ceny i promocje w Polsce od sklepu internetowego FeetGlide.\" \/>\n<meta name=\"robots\" content=\"index, follow, max-snippet:-1, max-image-preview:large, max-video-preview:-1\" \/>\n<link rel=\"canonical\" href=\"https:\/\/feetglide.com\/pl\/shop\/grips\/feetglide-grip-tape-for-lofree-hypace-mg-14201\/\" \/>\n<meta property=\"og:locale\" content=\"pl_PL\" \/>\n<meta property=\"og:type\" content=\"article\" \/>\n<meta property=\"og:title\" content=\"FeetGlide\" \/>\n<meta property=\"og:description\" content=\"Grip tape do myszki Corsair Harpoon RGB Wireless - najlepsze ceny i promocje w Polsce od sklepu internetowego FeetGlide.\" \/>\n<meta property=\"og:url\" content=\"https:\/\/feetglide.com\/pl\/shop\/grips\/feetglide-grip-tape-for-lofree-hypace-mg-14201\/\" \/>\n<meta property=\"og:site_name\" content=\"FeetGlide\" \/>\n<meta property=\"article:modified_time\" content=\"2026-03-21T10:40:03+00:00\" \/>\n<meta property=\"og:image\" content=\"https:\/\/feetglide.com\/wp-content\/uploads\/2025\/12\/Corsair-Harpoon-RGB-Wireless_2.jpg\" \/>\n\t<meta property=\"og:image:width\" content=\"1700\" \/>\n\t<meta property=\"og:image:height\" content=\"1700\" \/>\n\t<meta property=\"og:image:type\" content=\"image\/jpeg\" \/>\n<meta name=\"twitter:card\" content=\"summary_large_image\" \/>\n<meta name=\"twitter:label1\" content=\"Szacowany czas czytania\" \/>\n\t<meta name=\"twitter:data1\" content=\"1 minuta\" \/>\n<script type=\"application\/ld+json\" class=\"yoast-schema-graph\">{\"@context\":\"https:\/\/schema.org\",\"@graph\":[{\"@type\":\"WebPage\",\"@id\":\"https:\/\/feetglide.com\/pl\/shop\/grips\/feetglide-grip-tape-for-lofree-hypace-mg-14201\/\",\"url\":\"https:\/\/feetglide.com\/pl\/shop\/grips\/feetglide-grip-tape-for-lofree-hypace-mg-14201\/\",\"name\":\"Corsair Harpoon RGB Wireless Grip Tape - FeetGlide.com\",\"isPartOf\":{\"@id\":\"https:\/\/feetglide.com\/pl\/#website\"},\"primaryImageOfPage\":{\"@id\":\"https:\/\/feetglide.com\/pl\/shop\/grips\/feetglide-grip-tape-for-lofree-hypace-mg-14201\/#primaryimage\"},\"image\":{\"@id\":\"https:\/\/feetglide.com\/pl\/shop\/grips\/feetglide-grip-tape-for-lofree-hypace-mg-14201\/#primaryimage\"},\"thumbnailUrl\":\"https:\/\/feetglide.com\/pl\/wp-content\/uploads\/2025\/12\/Corsair-Harpoon-RGB-Wireless_2.jpg\",\"datePublished\":\"2025-12-02T20:19:06+00:00\",\"dateModified\":\"2026-03-21T10:40:03+00:00\",\"description\":\"Corsair Harpoon RGB Wireless mouse grip tape enhances control and comfort, giving you a secure hold with every click. Perfect for pros and gamers. Shop now for peak performance with FeetGlide.\",\"breadcrumb\":{\"@id\":\"https:\/\/feetglide.com\/pl\/shop\/grips\/feetglide-grip-tape-for-lofree-hypace-mg-14201\/#breadcrumb\"},\"inLanguage\":\"pl-PL\",\"potentialAction\":[{\"@type\":\"ReadAction\",\"target\":[\"https:\/\/feetglide.com\/pl\/shop\/grips\/feetglide-grip-tape-for-lofree-hypace-mg-14201\/\"]}]},{\"@type\":\"ImageObject\",\"inLanguage\":\"pl-PL\",\"@id\":\"https:\/\/feetglide.com\/pl\/shop\/grips\/feetglide-grip-tape-for-lofree-hypace-mg-14201\/#primaryimage\",\"url\":\"https:\/\/feetglide.com\/pl\/wp-content\/uploads\/2025\/12\/Corsair-Harpoon-RGB-Wireless_2.jpg\",\"contentUrl\":\"https:\/\/feetglide.com\/pl\/wp-content\/uploads\/2025\/12\/Corsair-Harpoon-RGB-Wireless_2.jpg\",\"width\":1700,\"height\":1700,\"caption\":\"{:en}FeetGlide Grip Tape for - side view{:}{:pl}Gripy FeetGlide do Corsair Harpoon RGB Wireless w Warszawie i Polsce - widok z boku{:}{:ru}\u041d\u0430\u043a\u043b\u0430\u0434\u043a\u0438 FeetGlide \u0434\u043b\u044f Corsair Harpoon RGB Wireless \u0432 \u0410\u043b\u043c\u0430\u0442\u044b \u0438 \u041a\u0430\u0437\u0430\u0445\u0441\u0442\u0430\u043d\u0435 - \u0432\u0438\u0434 \u0441\u0431\u043e\u043a\u0443{:}{:uk}\u041d\u0430\u043a\u043b\u0430\u0434\u043a\u0438 FeetGlide \u0434\u043b\u044f Corsair Harpoon RGB Wireless \u0432 \u041a\u0438\u0454\u0432\u0456 \u0442\u0430 \u0423\u043a\u0440\u0430\u0457\u043d\u0456 - \u0432\u0438\u0434 \u0437\u0431\u043e\u043a\u0443{:}{:ua}\u041d\u0430\u043a\u043b\u0430\u0434\u043a\u0438 FeetGlide \u0434\u043b\u044f Corsair Harpoon RGB Wireless \u0432 \u041a\u0438\u0435\u0432\u0435 \u0438 \u0423\u043a\u0440\u0430\u0438\u043d\u0435 - \u0432\u0438\u0434 \u0441\u0431\u043e\u043a\u0443{:}\"},{\"@type\":\"BreadcrumbList\",\"@id\":\"https:\/\/feetglide.com\/pl\/shop\/grips\/feetglide-grip-tape-for-lofree-hypace-mg-14201\/#breadcrumb\",\"itemListElement\":[{\"@type\":\"ListItem\",\"position\":1,\"name\":\"FeetGlide\",\"item\":\"https:\/\/feetglide.com\/\"},{\"@type\":\"ListItem\",\"position\":2,\"name\":\"Akcesoria do myszy\",\"item\":\"https:\/\/feetglide.com\/pl\/shop\/\"},{\"@type\":\"ListItem\",\"position\":3,\"name\":\"FeetGlide Grip Tape for Corsair Harpoon RGB Wireless (MG-142)\"}]},{\"@type\":\"WebSite\",\"@id\":\"https:\/\/feetglide.com\/pl\/#website\",\"url\":\"https:\/\/feetglide.com\/pl\/\",\"name\":\"FeetGlide\",\"description\":\"\",\"publisher\":{\"@id\":\"https:\/\/feetglide.com\/pl\/#organization\"},\"potentialAction\":[{\"@type\":\"SearchAction\",\"target\":{\"@type\":\"EntryPoint\",\"urlTemplate\":\"https:\/\/feetglide.com\/pl\/?s={search_term_string}\"},\"query-input\":{\"@type\":\"PropertyValueSpecification\",\"valueRequired\":true,\"valueName\":\"search_term_string\"}}],\"inLanguage\":\"pl-PL\"},{\"@type\":\"Organization\",\"@id\":\"https:\/\/feetglide.com\/pl\/#organization\",\"name\":\"FeetGlide\",\"url\":\"https:\/\/feetglide.com\/pl\/\",\"logo\":{\"@type\":\"ImageObject\",\"inLanguage\":\"pl-PL\",\"@id\":\"https:\/\/feetglide.com\/pl\/#\/schema\/logo\/image\/\",\"url\":\"https:\/\/feetglide.com\/pl\/wp-content\/uploads\/2020\/12\/logo.png\",\"contentUrl\":\"https:\/\/feetglide.com\/pl\/wp-content\/uploads\/2020\/12\/logo.png\",\"width\":288,\"height\":58,\"caption\":\"FeetGlide\"},\"image\":{\"@id\":\"https:\/\/feetglide.com\/pl\/#\/schema\/logo\/image\/\"}}]}<\/script>\n<!-- \/ Yoast SEO plugin. -->","yoast_head_json":{"title":"Gripy do myszki Corsair Harpoon RGB Wireless - FeetGlide.com","description":"Grip tape do myszki Corsair Harpoon RGB Wireless - najlepsze ceny i promocje w Polsce od sklepu internetowego FeetGlide.","robots":{"index":"index","follow":"follow","max-snippet":"max-snippet:-1","max-image-preview":"max-image-preview:large","max-video-preview":"max-video-preview:-1"},"canonical":"https:\/\/feetglide.com\/pl\/shop\/grips\/feetglide-grip-tape-for-lofree-hypace-mg-14201\/","og_locale":"pl_PL","og_type":"article","og_title":"FeetGlide","og_description":"Grip tape do myszki Corsair Harpoon RGB Wireless - najlepsze ceny i promocje w Polsce od sklepu internetowego FeetGlide.","og_url":"https:\/\/feetglide.com\/pl\/shop\/grips\/feetglide-grip-tape-for-lofree-hypace-mg-14201\/","og_site_name":"FeetGlide","article_modified_time":"2026-03-21T10:40:03+00:00","og_image":[{"width":1700,"height":1700,"url":"https:\/\/feetglide.com\/wp-content\/uploads\/2025\/12\/Corsair-Harpoon-RGB-Wireless_2.jpg","type":"image\/jpeg"}],"twitter_card":"summary_large_image","twitter_misc":{"Szacowany czas czytania":"1 minuta"},"schema":{"@context":"https:\/\/schema.org","@graph":[{"@type":"WebPage","@id":"https:\/\/feetglide.com\/pl\/shop\/grips\/feetglide-grip-tape-for-lofree-hypace-mg-14201\/","url":"https:\/\/feetglide.com\/pl\/shop\/grips\/feetglide-grip-tape-for-lofree-hypace-mg-14201\/","name":"Corsair Harpoon RGB Wireless Grip Tape - FeetGlide.com","isPartOf":{"@id":"https:\/\/feetglide.com\/pl\/#website"},"primaryImageOfPage":{"@id":"https:\/\/feetglide.com\/pl\/shop\/grips\/feetglide-grip-tape-for-lofree-hypace-mg-14201\/#primaryimage"},"image":{"@id":"https:\/\/feetglide.com\/pl\/shop\/grips\/feetglide-grip-tape-for-lofree-hypace-mg-14201\/#primaryimage"},"thumbnailUrl":"https:\/\/feetglide.com\/pl\/wp-content\/uploads\/2025\/12\/Corsair-Harpoon-RGB-Wireless_2.jpg","datePublished":"2025-12-02T20:19:06+00:00","dateModified":"2026-03-21T10:40:03+00:00","description":"Corsair Harpoon RGB Wireless mouse grip tape enhances control and comfort, giving you a secure hold with every click. Perfect for pros and gamers. Shop now for peak performance with FeetGlide.","breadcrumb":{"@id":"https:\/\/feetglide.com\/pl\/shop\/grips\/feetglide-grip-tape-for-lofree-hypace-mg-14201\/#breadcrumb"},"inLanguage":"pl-PL","potentialAction":[{"@type":"ReadAction","target":["https:\/\/feetglide.com\/pl\/shop\/grips\/feetglide-grip-tape-for-lofree-hypace-mg-14201\/"]}]},{"@type":"ImageObject","inLanguage":"pl-PL","@id":"https:\/\/feetglide.com\/pl\/shop\/grips\/feetglide-grip-tape-for-lofree-hypace-mg-14201\/#primaryimage","url":"https:\/\/feetglide.com\/pl\/wp-content\/uploads\/2025\/12\/Corsair-Harpoon-RGB-Wireless_2.jpg","contentUrl":"https:\/\/feetglide.com\/pl\/wp-content\/uploads\/2025\/12\/Corsair-Harpoon-RGB-Wireless_2.jpg","width":1700,"height":1700,"caption":"{:en}FeetGlide Grip Tape for - side view{:}{:pl}Gripy FeetGlide do Corsair Harpoon RGB Wireless w Warszawie i Polsce - widok z boku{:}{:ru}\u041d\u0430\u043a\u043b\u0430\u0434\u043a\u0438 FeetGlide \u0434\u043b\u044f Corsair Harpoon RGB Wireless \u0432 \u0410\u043b\u043c\u0430\u0442\u044b \u0438 \u041a\u0430\u0437\u0430\u0445\u0441\u0442\u0430\u043d\u0435 - \u0432\u0438\u0434 \u0441\u0431\u043e\u043a\u0443{:}{:uk}\u041d\u0430\u043a\u043b\u0430\u0434\u043a\u0438 FeetGlide \u0434\u043b\u044f Corsair Harpoon RGB Wireless \u0432 \u041a\u0438\u0454\u0432\u0456 \u0442\u0430 \u0423\u043a\u0440\u0430\u0457\u043d\u0456 - \u0432\u0438\u0434 \u0437\u0431\u043e\u043a\u0443{:}{:ua}\u041d\u0430\u043a\u043b\u0430\u0434\u043a\u0438 FeetGlide \u0434\u043b\u044f Corsair Harpoon RGB Wireless \u0432 \u041a\u0438\u0435\u0432\u0435 \u0438 \u0423\u043a\u0440\u0430\u0438\u043d\u0435 - \u0432\u0438\u0434 \u0441\u0431\u043e\u043a\u0443{:}"},{"@type":"BreadcrumbList","@id":"https:\/\/feetglide.com\/pl\/shop\/grips\/feetglide-grip-tape-for-lofree-hypace-mg-14201\/#breadcrumb","itemListElement":[{"@type":"ListItem","position":1,"name":"FeetGlide","item":"https:\/\/feetglide.com\/"},{"@type":"ListItem","position":2,"name":"Akcesoria do myszy","item":"https:\/\/feetglide.com\/pl\/shop\/"},{"@type":"ListItem","position":3,"name":"FeetGlide Grip Tape for Corsair Harpoon RGB Wireless (MG-142)"}]},{"@type":"WebSite","@id":"https:\/\/feetglide.com\/pl\/#website","url":"https:\/\/feetglide.com\/pl\/","name":"FeetGlide","description":"","publisher":{"@id":"https:\/\/feetglide.com\/pl\/#organization"},"potentialAction":[{"@type":"SearchAction","target":{"@type":"EntryPoint","urlTemplate":"https:\/\/feetglide.com\/pl\/?s={search_term_string}"},"query-input":{"@type":"PropertyValueSpecification","valueRequired":true,"valueName":"search_term_string"}}],"inLanguage":"pl-PL"},{"@type":"Organization","@id":"https:\/\/feetglide.com\/pl\/#organization","name":"FeetGlide","url":"https:\/\/feetglide.com\/pl\/","logo":{"@type":"ImageObject","inLanguage":"pl-PL","@id":"https:\/\/feetglide.com\/pl\/#\/schema\/logo\/image\/","url":"https:\/\/feetglide.com\/pl\/wp-content\/uploads\/2020\/12\/logo.png","contentUrl":"https:\/\/feetglide.com\/pl\/wp-content\/uploads\/2020\/12\/logo.png","width":288,"height":58,"caption":"FeetGlide"},"image":{"@id":"https:\/\/feetglide.com\/pl\/#\/schema\/logo\/image\/"}}]}},"_links":{"self":[{"href":"https:\/\/feetglide.com\/pl\/wp-json\/wp\/v2\/product\/121800"}],"collection":[{"href":"https:\/\/feetglide.com\/pl\/wp-json\/wp\/v2\/product"}],"about":[{"href":"https:\/\/feetglide.com\/pl\/wp-json\/wp\/v2\/types\/product"}],"replies":[{"embeddable":true,"href":"https:\/\/feetglide.com\/pl\/wp-json\/wp\/v2\/comments?post=121800"}],"wp:featuredmedia":[{"embeddable":true,"href":"https:\/\/feetglide.com\/pl\/wp-json\/wp\/v2\/media\/121798"}],"wp:attachment":[{"href":"https:\/\/feetglide.com\/pl\/wp-json\/wp\/v2\/media?parent=121800"}],"wp:term":[{"taxonomy":"product_cat","embeddable":true,"href":"https:\/\/feetglide.com\/pl\/wp-json\/wp\/v2\/product_cat?post=121800"},{"taxonomy":"product_tag","embeddable":true,"href":"https:\/\/feetglide.com\/pl\/wp-json\/wp\/v2\/product_tag?post=121800"}],"curies":[{"name":"wp","href":"https:\/\/api.w.org\/{rel}","templated":true}]}}