{"id":959,"date":"2021-02-01T13:18:38","date_gmt":"2021-02-01T10:18:38","guid":{"rendered":"https:\/\/feetglide.com\/?page_id=959"},"modified":"2024-06-29T12:33:35","modified_gmt":"2024-06-29T09:33:35","slug":"partnership","status":"publish","type":"page","link":"https:\/\/feetglide.com\/pl\/partnership\/","title":{"rendered":"Wsp\u00f3\u0142praca"},"content":{"rendered":"\n<style>\n.entry-content * {font-family: \"VoxRoundWide\",sans serif !important;}\n.page .entry-content h1 {padding-bottom:17px;margin-bottom:8px;border-bottom:1px solid #d0d0d0;}\n.entry-content h1, .entry-content h2, .entry-content p, .entry-content figure {text-align:center;}\n.page .entry-content h2 {font-size:1.375rem;}\n.entry-content p.hdr {font-size:1.1875em;}\n@media (min-width:1200px){.entry-content p.hdr {margin-bottom:2.5em;} .entry-content div.row > div+div {border-left:1px solid #d0d0d0;} .entry-content h2 {margin-top:1.75em;}}\n@media (max-width:1200px){.entry-content div.row > div+div {margin-top:1.75em;}}\n<\/style>\n<h1>Wsp\u00f3\u0142praca<\/h1>\n<p class=\"hdr\"><strong>este\u015bmy otwarci na wsp\u00f3\u0142prac\u0119 z hurtowymi odbiorcami i gotowi zaoferowa\u0107 atrakcyjne warunki wsp\u00f3\u0142pracy dla r\u00f3\u017cnych kategorii klient\u00f3w.<\/strong><\/p>\n<div class=\"row\">\n<div class=\"col-lg-4\">\n<figure class=\"wp-block-image size-large\"><img loading=\"lazy\" decoding=\"async\" src=\"https:\/\/feetglide.com\/wp-content\/uploads\/icons\/clubs.svg\" alt=\"Kluby komputerowe\" width=\"179\" height=\"114\"><\/figure>\n<h2>Kluby komputerowe<\/h2>\n<p>Intensywno\u015b\u0107 obci\u0105\u017cenia urz\u0105dze\u0144 w klubach jest jak nigdzie indziej wysoka. Pomo\u017cemy Ci utrzyma\u0107 myszki w odpowiednim stanie, co z pewno\u015bci\u0105 doceni\u0105 Twoi go\u015bcie.<\/p>\n<\/div>\n<div class=\"col-lg-4\">\n<figure class=\"wp-block-image size-large\"><img loading=\"lazy\" decoding=\"async\" src=\"https:\/\/feetglide.com\/wp-content\/uploads\/icons\/service.svg\" alt=\"Centra serwisowe\" width=\"115\" height=\"114\"><\/figure>\n<h2>Centra serwisowe<\/h2>\n<p>Chcesz rozszerzy\u0107 zakres \u015bwiadczonych us\u0142ug i dost\u0119pnych materia\u0142\u00f3w eksploatacyjnych? Pomo\u017cemy Ci przywr\u00f3ci\u0107 maksymaln\u0105 funkcjonalno\u015b\u0107 myszkom gamingowym po przeprowadzonych naprawach.<\/p>\n<\/div>\n<div class=\"col-lg-4\">\n<figure class=\"wp-block-image size-large\"><img loading=\"lazy\" decoding=\"async\" src=\"https:\/\/feetglide.com\/wp-content\/uploads\/icons\/shops.svg\" alt=\"Sklepy\" width=\"147\" height=\"114\"><\/figure>\n<h2>Sklepy<\/h2>\n<p>Masz wielu klient\u00f3w graczy i chcesz urozmaici\u0107 sw\u00f3j asortyment interesuj\u0105cymi dla nich produktami? Pomo\u017cemy Ci w tym!<\/p>\n<\/div>\n<\/div>\n","protected":false},"excerpt":{"rendered":"<p>Wsp\u00f3\u0142praca este\u015bmy otwarci na wsp\u00f3\u0142prac\u0119 z hurtowymi odbiorcami i gotowi zaoferowa\u0107 atrakcyjne warunki wsp\u00f3\u0142pracy dla r\u00f3\u017cnych kategorii klient\u00f3w. Kluby komputerowe Intensywno\u015b\u0107 obci\u0105\u017cenia urz\u0105dze\u0144 w klubach jest jak nigdzie indziej wysoka. Pomo\u017cemy Ci utrzyma\u0107 myszki w odpowiednim stanie, co z pewno\u015bci\u0105 doceni\u0105 Twoi go\u015bcie. Centra serwisowe Chcesz rozszerzy\u0107 zakres \u015bwiadczonych us\u0142ug i dost\u0119pnych materia\u0142\u00f3w eksploatacyjnych? Pomo\u017cemy &hellip; <\/p>\n<p class=\"link-more\"><a href=\"https:\/\/feetglide.com\/pl\/partnership\/\" class=\"more-link\">Kontynuuj czytanie<span class=\"screen-reader-text\"> &#8220;Wsp\u00f3\u0142praca&#8221;<\/span><\/a><\/p>\n","protected":false},"author":2,"featured_media":0,"parent":0,"menu_order":0,"comment_status":"closed","ping_status":"closed","template":"","meta":{"footnotes":""},"class_list":["post-959","page","type-page","status-publish","hentry"],"translation":{"provider":"WPGlobus","version":"2.8.2","language":"pl","enabled_languages":["en","pl","ru","uk","ua"],"languages":{"en":{"title":true,"content":true,"excerpt":false},"pl":{"title":true,"content":true,"excerpt":false},"ru":{"title":true,"content":true,"excerpt":false},"uk":{"title":true,"content":true,"excerpt":false},"ua":{"title":true,"content":true,"excerpt":false}}},"yoast_head":"<!-- This site is optimized with the Yoast SEO plugin v23.5 - https:\/\/yoast.com\/wordpress\/plugins\/seo\/ -->\n<title>Globalne partnerstwo z feetglide.com<\/title>\n<meta name=\"description\" content=\"Jeste\u015bmy otwarci na wsp\u00f3\u0142prac\u0119 z odbiorcami hurtowymi i gotowi zaproponowa\u0107 atrakcyjne warunki wsp\u00f3\u0142pracy r\u00f3\u017cnym kategoriom klient\u00f3w - feetglide.com\" \/>\n<meta name=\"robots\" content=\"index, follow, max-snippet:-1, max-image-preview:large, max-video-preview:-1\" \/>\n<link rel=\"canonical\" href=\"https:\/\/feetglide.com\/pl\/partnership\/\" \/>\n<meta property=\"og:locale\" content=\"pl_PL\" \/>\n<meta property=\"og:type\" content=\"article\" \/>\n<meta property=\"og:title\" content=\"Wsp\u00f3\u0142praca - FeetGlide\" \/>\n<meta property=\"og:description\" content=\"Jeste\u015bmy otwarci na wsp\u00f3\u0142prac\u0119 z odbiorcami hurtowymi i gotowi zaproponowa\u0107 atrakcyjne warunki wsp\u00f3\u0142pracy r\u00f3\u017cnym kategoriom klient\u00f3w - feetglide.com\" \/>\n<meta property=\"og:url\" content=\"https:\/\/feetglide.com\/pl\/partnership\/\" \/>\n<meta property=\"og:site_name\" content=\"FeetGlide\" \/>\n<meta property=\"article:modified_time\" content=\"2024-06-29T09:33:35+00:00\" \/>\n<meta property=\"og:image\" content=\"https:\/\/feetglide.com\/wp-content\/uploads\/icons\/clubs.svg\" \/>\n<meta name=\"twitter:card\" content=\"summary_large_image\" \/>\n<meta name=\"twitter:label1\" content=\"Szacowany czas czytania\" \/>\n\t<meta name=\"twitter:data1\" content=\"2 minuty\" \/>\n<script type=\"application\/ld+json\" class=\"yoast-schema-graph\">{\"@context\":\"https:\/\/schema.org\",\"@graph\":[{\"@type\":\"WebPage\",\"@id\":\"https:\/\/feetglide.com\/pl\/partnership\/\",\"url\":\"https:\/\/feetglide.com\/pl\/partnership\/\",\"name\":\"\u0421\u043e\u0442\u0440\u0443\u0434\u043d\u0438\u0447\u0435\u0441\u0442\u0432\u043e \u0441 feetglide.com \u0432 \u0423\u043a\u0440\u0430\u0438\u043d\u0435\",\"isPartOf\":{\"@id\":\"https:\/\/feetglide.com\/pl\/#website\"},\"primaryImageOfPage\":{\"@id\":\"https:\/\/feetglide.com\/pl\/partnership\/#primaryimage\"},\"image\":{\"@id\":\"https:\/\/feetglide.com\/pl\/partnership\/#primaryimage\"},\"thumbnailUrl\":\"https:\/\/feetglide.com\/pl\/wp-content\/uploads\/icons\/clubs.svg\",\"datePublished\":\"2021-02-01T10:18:38+00:00\",\"dateModified\":\"2024-06-29T09:33:35+00:00\",\"description\":\"Jeste\u015bmy otwarci na wsp\u00f3\u0142prac\u0119 z odbiorcami hurtowymi i gotowi zaproponowa\u0107 atrakcyjne warunki wsp\u00f3\u0142pracy r\u00f3\u017cnym kategoriom klient\u00f3w - feetglide.com\",\"breadcrumb\":{\"@id\":\"https:\/\/feetglide.com\/pl\/partnership\/#breadcrumb\"},\"inLanguage\":\"pl-PL\",\"potentialAction\":[{\"@type\":\"ReadAction\",\"target\":[\"https:\/\/feetglide.com\/pl\/partnership\/\"]}]},{\"@type\":\"ImageObject\",\"inLanguage\":\"pl-PL\",\"@id\":\"https:\/\/feetglide.com\/pl\/partnership\/#primaryimage\",\"url\":\"https:\/\/feetglide.com\/pl\/wp-content\/uploads\/icons\/clubs.svg\",\"contentUrl\":\"https:\/\/feetglide.com\/pl\/wp-content\/uploads\/icons\/clubs.svg\"},{\"@type\":\"BreadcrumbList\",\"@id\":\"https:\/\/feetglide.com\/pl\/partnership\/#breadcrumb\",\"itemListElement\":[{\"@type\":\"ListItem\",\"position\":1,\"name\":\"FeetGlide\",\"item\":\"https:\/\/feetglide.com\/\"},{\"@type\":\"ListItem\",\"position\":2,\"name\":\"\u0421\u043e\u0442\u0440\u0443\u0434\u043d\u0438\u0447\u0435\u0441\u0442\u0432\u043e\"}]},{\"@type\":\"WebSite\",\"@id\":\"https:\/\/feetglide.com\/pl\/#website\",\"url\":\"https:\/\/feetglide.com\/pl\/\",\"name\":\"FeetGlide\",\"description\":\"\",\"publisher\":{\"@id\":\"https:\/\/feetglide.com\/pl\/#organization\"},\"potentialAction\":[{\"@type\":\"SearchAction\",\"target\":{\"@type\":\"EntryPoint\",\"urlTemplate\":\"https:\/\/feetglide.com\/pl\/?s={search_term_string}\"},\"query-input\":{\"@type\":\"PropertyValueSpecification\",\"valueRequired\":true,\"valueName\":\"search_term_string\"}}],\"inLanguage\":\"pl-PL\"},{\"@type\":\"Organization\",\"@id\":\"https:\/\/feetglide.com\/pl\/#organization\",\"name\":\"FeetGlide\",\"url\":\"https:\/\/feetglide.com\/pl\/\",\"logo\":{\"@type\":\"ImageObject\",\"inLanguage\":\"pl-PL\",\"@id\":\"https:\/\/feetglide.com\/pl\/#\/schema\/logo\/image\/\",\"url\":\"https:\/\/feetglide.com\/pl\/wp-content\/uploads\/2020\/12\/logo.png\",\"contentUrl\":\"https:\/\/feetglide.com\/pl\/wp-content\/uploads\/2020\/12\/logo.png\",\"width\":288,\"height\":58,\"caption\":\"FeetGlide\"},\"image\":{\"@id\":\"https:\/\/feetglide.com\/pl\/#\/schema\/logo\/image\/\"}}]}<\/script>\n<!-- \/ Yoast SEO plugin. -->","yoast_head_json":{"title":"Globalne partnerstwo z feetglide.com","description":"Jeste\u015bmy otwarci na wsp\u00f3\u0142prac\u0119 z odbiorcami hurtowymi i gotowi zaproponowa\u0107 atrakcyjne warunki wsp\u00f3\u0142pracy r\u00f3\u017cnym kategoriom klient\u00f3w - feetglide.com","robots":{"index":"index","follow":"follow","max-snippet":"max-snippet:-1","max-image-preview":"max-image-preview:large","max-video-preview":"max-video-preview:-1"},"canonical":"https:\/\/feetglide.com\/pl\/partnership\/","og_locale":"pl_PL","og_type":"article","og_title":"Wsp\u00f3\u0142praca - FeetGlide","og_description":"Jeste\u015bmy otwarci na wsp\u00f3\u0142prac\u0119 z odbiorcami hurtowymi i gotowi zaproponowa\u0107 atrakcyjne warunki wsp\u00f3\u0142pracy r\u00f3\u017cnym kategoriom klient\u00f3w - feetglide.com","og_url":"https:\/\/feetglide.com\/pl\/partnership\/","og_site_name":"FeetGlide","article_modified_time":"2024-06-29T09:33:35+00:00","og_image":[{"url":"https:\/\/feetglide.com\/wp-content\/uploads\/icons\/clubs.svg"}],"twitter_card":"summary_large_image","twitter_misc":{"Szacowany czas czytania":"2 minuty"},"schema":{"@context":"https:\/\/schema.org","@graph":[{"@type":"WebPage","@id":"https:\/\/feetglide.com\/pl\/partnership\/","url":"https:\/\/feetglide.com\/pl\/partnership\/","name":"\u0421\u043e\u0442\u0440\u0443\u0434\u043d\u0438\u0447\u0435\u0441\u0442\u0432\u043e \u0441 feetglide.com \u0432 \u0423\u043a\u0440\u0430\u0438\u043d\u0435","isPartOf":{"@id":"https:\/\/feetglide.com\/pl\/#website"},"primaryImageOfPage":{"@id":"https:\/\/feetglide.com\/pl\/partnership\/#primaryimage"},"image":{"@id":"https:\/\/feetglide.com\/pl\/partnership\/#primaryimage"},"thumbnailUrl":"https:\/\/feetglide.com\/pl\/wp-content\/uploads\/icons\/clubs.svg","datePublished":"2021-02-01T10:18:38+00:00","dateModified":"2024-06-29T09:33:35+00:00","description":"Jeste\u015bmy otwarci na wsp\u00f3\u0142prac\u0119 z odbiorcami hurtowymi i gotowi zaproponowa\u0107 atrakcyjne warunki wsp\u00f3\u0142pracy r\u00f3\u017cnym kategoriom klient\u00f3w - feetglide.com","breadcrumb":{"@id":"https:\/\/feetglide.com\/pl\/partnership\/#breadcrumb"},"inLanguage":"pl-PL","potentialAction":[{"@type":"ReadAction","target":["https:\/\/feetglide.com\/pl\/partnership\/"]}]},{"@type":"ImageObject","inLanguage":"pl-PL","@id":"https:\/\/feetglide.com\/pl\/partnership\/#primaryimage","url":"https:\/\/feetglide.com\/pl\/wp-content\/uploads\/icons\/clubs.svg","contentUrl":"https:\/\/feetglide.com\/pl\/wp-content\/uploads\/icons\/clubs.svg"},{"@type":"BreadcrumbList","@id":"https:\/\/feetglide.com\/pl\/partnership\/#breadcrumb","itemListElement":[{"@type":"ListItem","position":1,"name":"FeetGlide","item":"https:\/\/feetglide.com\/"},{"@type":"ListItem","position":2,"name":"\u0421\u043e\u0442\u0440\u0443\u0434\u043d\u0438\u0447\u0435\u0441\u0442\u0432\u043e"}]},{"@type":"WebSite","@id":"https:\/\/feetglide.com\/pl\/#website","url":"https:\/\/feetglide.com\/pl\/","name":"FeetGlide","description":"","publisher":{"@id":"https:\/\/feetglide.com\/pl\/#organization"},"potentialAction":[{"@type":"SearchAction","target":{"@type":"EntryPoint","urlTemplate":"https:\/\/feetglide.com\/pl\/?s={search_term_string}"},"query-input":{"@type":"PropertyValueSpecification","valueRequired":true,"valueName":"search_term_string"}}],"inLanguage":"pl-PL"},{"@type":"Organization","@id":"https:\/\/feetglide.com\/pl\/#organization","name":"FeetGlide","url":"https:\/\/feetglide.com\/pl\/","logo":{"@type":"ImageObject","inLanguage":"pl-PL","@id":"https:\/\/feetglide.com\/pl\/#\/schema\/logo\/image\/","url":"https:\/\/feetglide.com\/pl\/wp-content\/uploads\/2020\/12\/logo.png","contentUrl":"https:\/\/feetglide.com\/pl\/wp-content\/uploads\/2020\/12\/logo.png","width":288,"height":58,"caption":"FeetGlide"},"image":{"@id":"https:\/\/feetglide.com\/pl\/#\/schema\/logo\/image\/"}}]}},"_links":{"self":[{"href":"https:\/\/feetglide.com\/pl\/wp-json\/wp\/v2\/pages\/959"}],"collection":[{"href":"https:\/\/feetglide.com\/pl\/wp-json\/wp\/v2\/pages"}],"about":[{"href":"https:\/\/feetglide.com\/pl\/wp-json\/wp\/v2\/types\/page"}],"author":[{"embeddable":true,"href":"https:\/\/feetglide.com\/pl\/wp-json\/wp\/v2\/users\/2"}],"replies":[{"embeddable":true,"href":"https:\/\/feetglide.com\/pl\/wp-json\/wp\/v2\/comments?post=959"}],"version-history":[{"count":35,"href":"https:\/\/feetglide.com\/pl\/wp-json\/wp\/v2\/pages\/959\/revisions"}],"predecessor-version":[{"id":1507,"href":"https:\/\/feetglide.com\/pl\/wp-json\/wp\/v2\/pages\/959\/revisions\/1507"}],"wp:attachment":[{"href":"https:\/\/feetglide.com\/pl\/wp-json\/wp\/v2\/media?parent=959"}],"curies":[{"name":"wp","href":"https:\/\/api.w.org\/{rel}","templated":true}]}}