{"id":61282,"date":"2025-03-16T12:27:02","date_gmt":"2025-03-16T09:27:02","guid":{"rendered":"https:\/\/feetglide.com\/?page_id=61282"},"modified":"2025-06-22T14:42:58","modified_gmt":"2025-06-22T11:42:58","slug":"product-category-glides-razer-basilisk","status":"publish","type":"page","link":"https:\/\/feetglide.com\/pl\/product-category-glides-razer-basilisk\/","title":{"rendered":"\u015alizgacze do Razer Basilisk"},"content":{"rendered":"\n<h2 class=\"wp-block-heading\">Smooth and silent mouse feet for Razer Basilisk<\/h2>\n\n\n\n<p>The Razer Basilisk series combines performance, comfort, and customization. However, over time, the original mouse feet wear down, resulting in poorer glide, surface drag, and reduced control. The solution is simple\u2014install new glides for your Razer Basilisk to restore smooth movement and precise handling.<\/p>\n\n\n\n<h3 class=\"wp-block-heading\">Why replace the hyperglides<\/h3>\n\n\n\n<p>Replacement pads on the bottom of the mouse help to:<\/p>\n\n\n\n<ul class=\"wp-block-list\">\n<li>Restore perfect glide \u2013 The mouse moves smoothly without drag or stutter.<\/li>\n\n\n\n<li>Reduce friction \u2013 Less effort is required to move the device, minimizing wrist fatigue during extended use.<\/li>\n\n\n\n<li>Improve accuracy \u2013 Movement becomes more stable and responsive, helping you act faster and more precisely.<\/li>\n\n\n\n<li>Protect your mousepad \u2013 High-quality skates for the Razer Basilisk prevent scratches and wear on your surface.<\/li>\n<\/ul>\n\n\n\n<h3 class=\"wp-block-heading\">Glide features<\/h3>\n\n\n\n<p>These mouse skates are made from pure PTFE (polytetrafluoroethylene), a material with an ultra-low coefficient of friction. Its smooth texture ensures effortless movement across any surface. PTFE is also highly resistant to abrasion and pressure. For even better performance, the replacement glides for Razer Basilisk are polished during final processing and have rounded edges. This eliminates sharp corners for a smoother glide and minimal break-in time.<\/p>\n\n\n\n<p>Each model is produced with thickness optimized to maintain the factory lift-off distance of the sensor, preserving the mouse\u2019s intended responsiveness and tracking accuracy.<\/p>\n\n\n\n<p>Installing the glides is easy: peel off the backing, align them in place, and press down on a flat surface. The set includes alcohol wipes to remove adhesive residue left by the old feet.<\/p>\n\n\n\n<h3 class=\"wp-block-heading\">Why order from FeetGlide<\/h3>\n\n\n\n<p>Our online store offers reliable PTFE mouse feet for the following Razer Basilisk models:<\/p>\n\n\n\n<ul class=\"wp-block-list\">\n<li>Razer Basilisk V2<\/li>\n\n\n\n<li>Razer Basilisk Ultimate<\/li>\n\n\n\n<li>Razer Basilisk V3 Pro<\/li>\n\n\n\n<li>Razer Basilisk V3 \/ V3 35K<\/li>\n\n\n\n<li>Razer Basilisk X Hyperspeed<\/li>\n\n\n\n<li>Razer Basilisk \/ Basilisk Essential<\/li>\n\n\n\n<li>Razer Basilisk V3 X Hyperspeed<\/li>\n<\/ul>\n\n\n\n<p>You can order glides for any of these mice with worldwide delivery. Online payments are accepted through trusted services.<\/p>\n\n\n\n<p><\/p>\n","protected":false},"excerpt":{"rendered":"<p>Smooth and silent mouse feet for Razer Basilisk The Razer Basilisk series combines performance, comfort, and customization. However, over time, the original mouse feet wear down, resulting in poorer glide, surface drag, and reduced control. The solution is simple\u2014install new glides for your Razer Basilisk to restore smooth movement and precise handling. Why replace the &hellip; <\/p>\n<p class=\"link-more\"><a href=\"https:\/\/feetglide.com\/pl\/product-category-glides-razer-basilisk\/\" class=\"more-link\">Kontynuuj czytanie<span class=\"screen-reader-text\"> &#8220;\u015alizgacze do Razer Basilisk&#8221;<\/span><\/a><\/p>\n","protected":false},"author":3,"featured_media":0,"parent":0,"menu_order":0,"comment_status":"closed","ping_status":"closed","template":"feetglide-custom-search-results.php","meta":{"footnotes":""},"class_list":["post-61282","page","type-page","status-publish","hentry"],"translation":{"provider":"WPGlobus","version":"2.8.2","language":"pl","enabled_languages":["en","pl","ru","uk","ua"],"languages":{"en":{"title":true,"content":true,"excerpt":false},"pl":{"title":true,"content":false,"excerpt":false},"ru":{"title":true,"content":false,"excerpt":false},"uk":{"title":true,"content":true,"excerpt":false},"ua":{"title":true,"content":true,"excerpt":false}}},"yoast_head":"<!-- This site is optimized with the Yoast SEO plugin v23.5 - https:\/\/yoast.com\/wordpress\/plugins\/seo\/ -->\n<title>\u015alizgacze Razer Basilisk - FeetGlide<\/title>\n<meta name=\"description\" content=\"\u015alizgacze do myszek Razer Basilisk w FeetGlide. Liczba jednostek, szt.:2; Materia\u0142:PTFE. Czysty, polerowany materia\u0142 PTFE zapewnia niezr\u00f3wnany poziom po\u015blizgu twojej myszy.\" \/>\n<meta name=\"robots\" content=\"index, follow, max-snippet:-1, max-image-preview:large, max-video-preview:-1\" \/>\n<link rel=\"canonical\" href=\"https:\/\/feetglide.com\/pl\/product-category-glides-razer-basilisk\/\" \/>\n<meta property=\"og:locale\" content=\"pl_PL\" \/>\n<meta property=\"og:type\" content=\"article\" \/>\n<meta property=\"og:title\" content=\"\u015alizgacze do Razer Basilisk - FeetGlide\" \/>\n<meta property=\"og:description\" content=\"\u015alizgacze do myszek Razer Basilisk w FeetGlide. Liczba jednostek, szt.:2; Materia\u0142:PTFE. Czysty, polerowany materia\u0142 PTFE zapewnia niezr\u00f3wnany poziom po\u015blizgu twojej myszy.\" \/>\n<meta property=\"og:url\" content=\"https:\/\/feetglide.com\/pl\/product-category-glides-razer-basilisk\/\" \/>\n<meta property=\"og:site_name\" content=\"FeetGlide\" \/>\n<meta property=\"article:modified_time\" content=\"2025-06-22T11:42:58+00:00\" \/>\n<meta name=\"twitter:card\" content=\"summary_large_image\" \/>\n<meta name=\"twitter:label1\" content=\"Szacowany czas czytania\" \/>\n\t<meta name=\"twitter:data1\" content=\"2 minuty\" \/>\n<script type=\"application\/ld+json\" class=\"yoast-schema-graph\">{\"@context\":\"https:\/\/schema.org\",\"@graph\":[{\"@type\":\"WebPage\",\"@id\":\"https:\/\/feetglide.com\/pl\/product-category-glides-razer-basilisk\/\",\"url\":\"https:\/\/feetglide.com\/pl\/product-category-glides-razer-basilisk\/\",\"name\":\"Razer Basilisk mouse feet - FeetGlide\",\"isPartOf\":{\"@id\":\"https:\/\/feetglide.com\/pl\/#website\"},\"datePublished\":\"2025-03-16T09:27:02+00:00\",\"dateModified\":\"2025-06-22T11:42:58+00:00\",\"description\":\"Replacement Razer Basilisk mouse skates: the lowest prices in the online store FeetGlide.com. Guarantee, Quality, Delivery.\",\"breadcrumb\":{\"@id\":\"https:\/\/feetglide.com\/pl\/product-category-glides-razer-basilisk\/#breadcrumb\"},\"inLanguage\":\"pl-PL\",\"potentialAction\":[{\"@type\":\"ReadAction\",\"target\":[\"https:\/\/feetglide.com\/pl\/product-category-glides-razer-basilisk\/\"]}]},{\"@type\":\"BreadcrumbList\",\"@id\":\"https:\/\/feetglide.com\/pl\/product-category-glides-razer-basilisk\/#breadcrumb\",\"itemListElement\":[{\"@type\":\"ListItem\",\"position\":1,\"name\":\"FeetGlide\",\"item\":\"https:\/\/feetglide.com\/\"},{\"@type\":\"ListItem\",\"position\":2,\"name\":\"Mouse Skatez\/Mouse Feet for Razer Basilisk\"}]},{\"@type\":\"WebSite\",\"@id\":\"https:\/\/feetglide.com\/pl\/#website\",\"url\":\"https:\/\/feetglide.com\/pl\/\",\"name\":\"FeetGlide\",\"description\":\"\",\"publisher\":{\"@id\":\"https:\/\/feetglide.com\/pl\/#organization\"},\"potentialAction\":[{\"@type\":\"SearchAction\",\"target\":{\"@type\":\"EntryPoint\",\"urlTemplate\":\"https:\/\/feetglide.com\/pl\/?s={search_term_string}\"},\"query-input\":{\"@type\":\"PropertyValueSpecification\",\"valueRequired\":true,\"valueName\":\"search_term_string\"}}],\"inLanguage\":\"pl-PL\"},{\"@type\":\"Organization\",\"@id\":\"https:\/\/feetglide.com\/pl\/#organization\",\"name\":\"FeetGlide\",\"url\":\"https:\/\/feetglide.com\/pl\/\",\"logo\":{\"@type\":\"ImageObject\",\"inLanguage\":\"pl-PL\",\"@id\":\"https:\/\/feetglide.com\/pl\/#\/schema\/logo\/image\/\",\"url\":\"https:\/\/feetglide.com\/pl\/wp-content\/uploads\/2020\/12\/logo.png\",\"contentUrl\":\"https:\/\/feetglide.com\/pl\/wp-content\/uploads\/2020\/12\/logo.png\",\"width\":288,\"height\":58,\"caption\":\"FeetGlide\"},\"image\":{\"@id\":\"https:\/\/feetglide.com\/pl\/#\/schema\/logo\/image\/\"}}]}<\/script>\n<!-- \/ Yoast SEO plugin. -->","yoast_head_json":{"title":"\u015alizgacze Razer Basilisk - FeetGlide","description":"\u015alizgacze do myszek Razer Basilisk w FeetGlide. Liczba jednostek, szt.:2; Materia\u0142:PTFE. Czysty, polerowany materia\u0142 PTFE zapewnia niezr\u00f3wnany poziom po\u015blizgu twojej myszy.","robots":{"index":"index","follow":"follow","max-snippet":"max-snippet:-1","max-image-preview":"max-image-preview:large","max-video-preview":"max-video-preview:-1"},"canonical":"https:\/\/feetglide.com\/pl\/product-category-glides-razer-basilisk\/","og_locale":"pl_PL","og_type":"article","og_title":"\u015alizgacze do Razer Basilisk - FeetGlide","og_description":"\u015alizgacze do myszek Razer Basilisk w FeetGlide. Liczba jednostek, szt.:2; Materia\u0142:PTFE. Czysty, polerowany materia\u0142 PTFE zapewnia niezr\u00f3wnany poziom po\u015blizgu twojej myszy.","og_url":"https:\/\/feetglide.com\/pl\/product-category-glides-razer-basilisk\/","og_site_name":"FeetGlide","article_modified_time":"2025-06-22T11:42:58+00:00","twitter_card":"summary_large_image","twitter_misc":{"Szacowany czas czytania":"2 minuty"},"schema":{"@context":"https:\/\/schema.org","@graph":[{"@type":"WebPage","@id":"https:\/\/feetglide.com\/pl\/product-category-glides-razer-basilisk\/","url":"https:\/\/feetglide.com\/pl\/product-category-glides-razer-basilisk\/","name":"Razer Basilisk mouse feet - FeetGlide","isPartOf":{"@id":"https:\/\/feetglide.com\/pl\/#website"},"datePublished":"2025-03-16T09:27:02+00:00","dateModified":"2025-06-22T11:42:58+00:00","description":"Replacement Razer Basilisk mouse skates: the lowest prices in the online store FeetGlide.com. Guarantee, Quality, Delivery.","breadcrumb":{"@id":"https:\/\/feetglide.com\/pl\/product-category-glides-razer-basilisk\/#breadcrumb"},"inLanguage":"pl-PL","potentialAction":[{"@type":"ReadAction","target":["https:\/\/feetglide.com\/pl\/product-category-glides-razer-basilisk\/"]}]},{"@type":"BreadcrumbList","@id":"https:\/\/feetglide.com\/pl\/product-category-glides-razer-basilisk\/#breadcrumb","itemListElement":[{"@type":"ListItem","position":1,"name":"FeetGlide","item":"https:\/\/feetglide.com\/"},{"@type":"ListItem","position":2,"name":"Mouse Skatez\/Mouse Feet for Razer Basilisk"}]},{"@type":"WebSite","@id":"https:\/\/feetglide.com\/pl\/#website","url":"https:\/\/feetglide.com\/pl\/","name":"FeetGlide","description":"","publisher":{"@id":"https:\/\/feetglide.com\/pl\/#organization"},"potentialAction":[{"@type":"SearchAction","target":{"@type":"EntryPoint","urlTemplate":"https:\/\/feetglide.com\/pl\/?s={search_term_string}"},"query-input":{"@type":"PropertyValueSpecification","valueRequired":true,"valueName":"search_term_string"}}],"inLanguage":"pl-PL"},{"@type":"Organization","@id":"https:\/\/feetglide.com\/pl\/#organization","name":"FeetGlide","url":"https:\/\/feetglide.com\/pl\/","logo":{"@type":"ImageObject","inLanguage":"pl-PL","@id":"https:\/\/feetglide.com\/pl\/#\/schema\/logo\/image\/","url":"https:\/\/feetglide.com\/pl\/wp-content\/uploads\/2020\/12\/logo.png","contentUrl":"https:\/\/feetglide.com\/pl\/wp-content\/uploads\/2020\/12\/logo.png","width":288,"height":58,"caption":"FeetGlide"},"image":{"@id":"https:\/\/feetglide.com\/pl\/#\/schema\/logo\/image\/"}}]}},"_links":{"self":[{"href":"https:\/\/feetglide.com\/pl\/wp-json\/wp\/v2\/pages\/61282"}],"collection":[{"href":"https:\/\/feetglide.com\/pl\/wp-json\/wp\/v2\/pages"}],"about":[{"href":"https:\/\/feetglide.com\/pl\/wp-json\/wp\/v2\/types\/page"}],"author":[{"embeddable":true,"href":"https:\/\/feetglide.com\/pl\/wp-json\/wp\/v2\/users\/3"}],"replies":[{"embeddable":true,"href":"https:\/\/feetglide.com\/pl\/wp-json\/wp\/v2\/comments?post=61282"}],"version-history":[{"count":14,"href":"https:\/\/feetglide.com\/pl\/wp-json\/wp\/v2\/pages\/61282\/revisions"}],"predecessor-version":[{"id":75555,"href":"https:\/\/feetglide.com\/pl\/wp-json\/wp\/v2\/pages\/61282\/revisions\/75555"}],"wp:attachment":[{"href":"https:\/\/feetglide.com\/pl\/wp-json\/wp\/v2\/media?parent=61282"}],"curies":[{"name":"wp","href":"https:\/\/api.w.org\/{rel}","templated":true}]}}