{"id":599,"date":"2020-12-07T22:04:28","date_gmt":"2020-12-07T19:04:28","guid":{"rendered":"https:\/\/feetglide.com\/?page_id=599"},"modified":"2026-03-10T01:39:25","modified_gmt":"2026-03-09T22:39:25","slug":"about","status":"publish","type":"page","link":"https:\/\/feetglide.com\/pl\/about\/","title":{"rendered":"O nas"},"content":{"rendered":"\n<style>\n.entry-content * {font-family: \"VoxRoundWide\", sans-serif !important;}\n.page .entry-content h1 {padding-bottom:17px; margin-bottom:18px; border-bottom:1px solid #f26a22;}\n.entry-content h1, .entry-content .fg-logo {text-align:center;}\n.entry-content .fg-logo {margin-bottom:10px;}\n.entry-content .fg-logo img {max-width:288px; height:auto;}\n.entry-content .fg-about-wrap {max-width:980px; margin:0 auto;}\n.entry-content .fg-about-wrap p {line-height:1.75; margin-bottom:18px;}\n.entry-content .fg-about-values {margin:22px 0 24px 20px; padding:0;}\n.entry-content .fg-about-values li {margin-bottom:10px; line-height:1.7;}\n.entry-content .fg-about-note {margin-top:24px; padding:16px 18px; border-left:3px solid #f26a22; background:#fff8f4;}\n<\/style>\n\n<div class=\"fg-about-wrap\">\n  <div class=\"fg-logo\">\n    <img decoding=\"async\" src=\"https:\/\/feetglide.com\/wp-content\/uploads\/fav\/feetglide-logo-b.svg\" alt=\"FeetGlide\">\n  <\/div>\n\n  <h1>O nas<\/h1>\n\n  <p>FeetGlide powsta\u0142o w 2020 roku w Kijowie na Ukrainie, za\u0142o\u017cone przez ma\u0142y zesp\u00f3\u0142 z wieloletnim do\u015bwiadczeniem w bran\u017cy peryferi\u00f3w gamingowych.<\/p>\n\n  <p>Przez lata pracy z myszkami gamingowymi i akcesoriami zauwa\u017cyli\u015bmy jeden niewielki detal, kt\u00f3ry bardzo cz\u0119sto jest pomijany \u2014 \u015blizgacze do myszki.<\/p>\n\n  <p>Fabryczne \u015blizgacze zu\u017cywaj\u0105 si\u0119, trac\u0105 swoj\u0105 g\u0142adko\u015b\u0107 lub po prostu nie zapewniaj\u0105 poziomu kontroli, jakiego oczekuj\u0105 gracze. Dla graczy turniejowych i entuzjast\u00f3w nawet niewielkie zmiany w po\u015blizgu mog\u0105 wp\u0142ywa\u0107 na precyzj\u0119 i powtarzalno\u015b\u0107 ruch\u00f3w.<\/p>\n\n  <p>Stworzyli\u015bmy FeetGlide z prost\u0105 ide\u0105: produkowa\u0107 wymienne \u015blizgacze do myszy, kt\u00f3re poprawiaj\u0105 po\u015blizg, a jednocze\u015bnie idealnie odwzorowuj\u0105 oryginalny kszta\u0142t ka\u017cdej myszy.<\/p>\n\n  <p>Od samego pocz\u0105tku skupiamy si\u0119 na trzech rzeczach:<\/p>\n\n  <ul class=\"fg-about-values\">\n    <li><strong>Precyzja<\/strong><\/li>\n    <li><strong>Jako\u015b\u0107 materia\u0142\u00f3w<\/strong><\/li>\n    <li><strong>\u0141atwo\u015b\u0107 monta\u017cu<\/strong><\/li>\n  <\/ul>\n\n  <p>Ka\u017cdy zestaw \u015blizgaczy FeetGlide jest wykonany z czystego PTFE i starannie zaprojektowany tak, aby odpowiada\u0142 fabrycznemu kszta\u0142towi konkretnych modeli myszy. Dzi\u0119ki temu zapewnia p\u0142ynny i r\u00f3wnomierny po\u015blizg bez potrzeby jakichkolwiek modyfikacji.<\/p>\n\n  <div class=\"fg-about-note\">\n    <p>Dzi\u015b \u015blizgacze FeetGlide s\u0105 u\u017cywane przez graczy na ca\u0142ym \u015bwiecie, kt\u00f3rzy chc\u0105 utrzyma\u0107 swoj\u0105 mysz w jak najlepszej formie.<\/p>\n  <\/div>\n<\/div>\n","protected":false},"excerpt":{"rendered":"<p>O nas FeetGlide powsta\u0142o w 2020 roku w Kijowie na Ukrainie, za\u0142o\u017cone przez ma\u0142y zesp\u00f3\u0142 z wieloletnim do\u015bwiadczeniem w bran\u017cy peryferi\u00f3w gamingowych. Przez lata pracy z myszkami gamingowymi i akcesoriami zauwa\u017cyli\u015bmy jeden niewielki detal, kt\u00f3ry bardzo cz\u0119sto jest pomijany \u2014 \u015blizgacze do myszki. Fabryczne \u015blizgacze zu\u017cywaj\u0105 si\u0119, trac\u0105 swoj\u0105 g\u0142adko\u015b\u0107 lub po prostu nie zapewniaj\u0105 &hellip; <\/p>\n<p class=\"link-more\"><a href=\"https:\/\/feetglide.com\/pl\/about\/\" class=\"more-link\">Kontynuuj czytanie<span class=\"screen-reader-text\"> &#8220;O nas&#8221;<\/span><\/a><\/p>\n","protected":false},"author":2,"featured_media":0,"parent":0,"menu_order":0,"comment_status":"closed","ping_status":"closed","template":"","meta":{"footnotes":""},"class_list":["post-599","page","type-page","status-publish","hentry"],"translation":{"provider":"WPGlobus","version":"2.8.2","language":"pl","enabled_languages":["en","pl","ru","uk","ua"],"languages":{"en":{"title":true,"content":true,"excerpt":false},"pl":{"title":true,"content":true,"excerpt":false},"ru":{"title":true,"content":true,"excerpt":false},"uk":{"title":true,"content":true,"excerpt":false},"ua":{"title":true,"content":true,"excerpt":false}}},"yoast_head":"<!-- This site is optimized with the Yoast SEO plugin v23.5 - https:\/\/yoast.com\/wordpress\/plugins\/seo\/ -->\n<title>O nas - FeetGlide<\/title>\n<meta name=\"description\" content=\"FeetGlide dzia\u0142a na ca\u0142y \u015bwiat \u2013 dostawa jest dost\u0119pna w ponad 200 krajach na ca\u0142ym \u015bwiecie.\" \/>\n<meta name=\"robots\" content=\"index, follow, max-snippet:-1, max-image-preview:large, max-video-preview:-1\" \/>\n<link rel=\"canonical\" href=\"https:\/\/feetglide.com\/pl\/about\/\" \/>\n<meta property=\"og:locale\" content=\"pl_PL\" \/>\n<meta property=\"og:type\" content=\"article\" \/>\n<meta property=\"og:title\" content=\"O nas - FeetGlide\" \/>\n<meta property=\"og:description\" content=\"FeetGlide dzia\u0142a na ca\u0142y \u015bwiat \u2013 dostawa jest dost\u0119pna w ponad 200 krajach na ca\u0142ym \u015bwiecie.\" \/>\n<meta property=\"og:url\" content=\"https:\/\/feetglide.com\/pl\/about\/\" \/>\n<meta property=\"og:site_name\" content=\"FeetGlide\" \/>\n<meta property=\"article:modified_time\" content=\"2026-03-09T22:39:25+00:00\" \/>\n<meta property=\"og:image\" content=\"https:\/\/feetglide.com\/wp-content\/uploads\/fav\/feetglide-logo-b.svg\" \/>\n<meta name=\"twitter:card\" content=\"summary_large_image\" \/>\n<meta name=\"twitter:label1\" content=\"Szacowany czas czytania\" \/>\n\t<meta name=\"twitter:data1\" content=\"1 minuta\" \/>\n<script type=\"application\/ld+json\" class=\"yoast-schema-graph\">{\"@context\":\"https:\/\/schema.org\",\"@graph\":[{\"@type\":\"WebPage\",\"@id\":\"https:\/\/feetglide.com\/pl\/about\/\",\"url\":\"https:\/\/feetglide.com\/pl\/about\/\",\"name\":\"O nas - FeetGlide\",\"isPartOf\":{\"@id\":\"https:\/\/feetglide.com\/pl\/#website\"},\"primaryImageOfPage\":{\"@id\":\"https:\/\/feetglide.com\/pl\/about\/#primaryimage\"},\"image\":{\"@id\":\"https:\/\/feetglide.com\/pl\/about\/#primaryimage\"},\"thumbnailUrl\":\"https:\/\/feetglide.com\/pl\/wp-content\/uploads\/fav\/feetglide-logo-b.svg\",\"datePublished\":\"2020-12-07T19:04:28+00:00\",\"dateModified\":\"2026-03-09T22:39:25+00:00\",\"description\":\"FeetGlide dzia\u0142a na ca\u0142y \u015bwiat \u2013 dostawa jest dost\u0119pna w ponad 200 krajach na ca\u0142ym \u015bwiecie.\",\"breadcrumb\":{\"@id\":\"https:\/\/feetglide.com\/pl\/about\/#breadcrumb\"},\"inLanguage\":\"pl-PL\",\"potentialAction\":[{\"@type\":\"ReadAction\",\"target\":[\"https:\/\/feetglide.com\/pl\/about\/\"]}]},{\"@type\":\"ImageObject\",\"inLanguage\":\"pl-PL\",\"@id\":\"https:\/\/feetglide.com\/pl\/about\/#primaryimage\",\"url\":\"https:\/\/feetglide.com\/pl\/wp-content\/uploads\/fav\/feetglide-logo-b.svg\",\"contentUrl\":\"https:\/\/feetglide.com\/pl\/wp-content\/uploads\/fav\/feetglide-logo-b.svg\"},{\"@type\":\"BreadcrumbList\",\"@id\":\"https:\/\/feetglide.com\/pl\/about\/#breadcrumb\",\"itemListElement\":[{\"@type\":\"ListItem\",\"position\":1,\"name\":\"FeetGlide\",\"item\":\"https:\/\/feetglide.com\/\"},{\"@type\":\"ListItem\",\"position\":2,\"name\":\"About us\"}]},{\"@type\":\"WebSite\",\"@id\":\"https:\/\/feetglide.com\/pl\/#website\",\"url\":\"https:\/\/feetglide.com\/pl\/\",\"name\":\"FeetGlide\",\"description\":\"\",\"publisher\":{\"@id\":\"https:\/\/feetglide.com\/pl\/#organization\"},\"potentialAction\":[{\"@type\":\"SearchAction\",\"target\":{\"@type\":\"EntryPoint\",\"urlTemplate\":\"https:\/\/feetglide.com\/pl\/?s={search_term_string}\"},\"query-input\":{\"@type\":\"PropertyValueSpecification\",\"valueRequired\":true,\"valueName\":\"search_term_string\"}}],\"inLanguage\":\"pl-PL\"},{\"@type\":\"Organization\",\"@id\":\"https:\/\/feetglide.com\/pl\/#organization\",\"name\":\"FeetGlide\",\"url\":\"https:\/\/feetglide.com\/pl\/\",\"logo\":{\"@type\":\"ImageObject\",\"inLanguage\":\"pl-PL\",\"@id\":\"https:\/\/feetglide.com\/pl\/#\/schema\/logo\/image\/\",\"url\":\"https:\/\/feetglide.com\/pl\/wp-content\/uploads\/2020\/12\/logo.png\",\"contentUrl\":\"https:\/\/feetglide.com\/pl\/wp-content\/uploads\/2020\/12\/logo.png\",\"width\":288,\"height\":58,\"caption\":\"FeetGlide\"},\"image\":{\"@id\":\"https:\/\/feetglide.com\/pl\/#\/schema\/logo\/image\/\"}}]}<\/script>\n<!-- \/ Yoast SEO plugin. -->","yoast_head_json":{"title":"O nas - FeetGlide","description":"FeetGlide dzia\u0142a na ca\u0142y \u015bwiat \u2013 dostawa jest dost\u0119pna w ponad 200 krajach na ca\u0142ym \u015bwiecie.","robots":{"index":"index","follow":"follow","max-snippet":"max-snippet:-1","max-image-preview":"max-image-preview:large","max-video-preview":"max-video-preview:-1"},"canonical":"https:\/\/feetglide.com\/pl\/about\/","og_locale":"pl_PL","og_type":"article","og_title":"O nas - FeetGlide","og_description":"FeetGlide dzia\u0142a na ca\u0142y \u015bwiat \u2013 dostawa jest dost\u0119pna w ponad 200 krajach na ca\u0142ym \u015bwiecie.","og_url":"https:\/\/feetglide.com\/pl\/about\/","og_site_name":"FeetGlide","article_modified_time":"2026-03-09T22:39:25+00:00","og_image":[{"url":"https:\/\/feetglide.com\/wp-content\/uploads\/fav\/feetglide-logo-b.svg"}],"twitter_card":"summary_large_image","twitter_misc":{"Szacowany czas czytania":"1 minuta"},"schema":{"@context":"https:\/\/schema.org","@graph":[{"@type":"WebPage","@id":"https:\/\/feetglide.com\/pl\/about\/","url":"https:\/\/feetglide.com\/pl\/about\/","name":"O nas - FeetGlide","isPartOf":{"@id":"https:\/\/feetglide.com\/pl\/#website"},"primaryImageOfPage":{"@id":"https:\/\/feetglide.com\/pl\/about\/#primaryimage"},"image":{"@id":"https:\/\/feetglide.com\/pl\/about\/#primaryimage"},"thumbnailUrl":"https:\/\/feetglide.com\/pl\/wp-content\/uploads\/fav\/feetglide-logo-b.svg","datePublished":"2020-12-07T19:04:28+00:00","dateModified":"2026-03-09T22:39:25+00:00","description":"FeetGlide dzia\u0142a na ca\u0142y \u015bwiat \u2013 dostawa jest dost\u0119pna w ponad 200 krajach na ca\u0142ym \u015bwiecie.","breadcrumb":{"@id":"https:\/\/feetglide.com\/pl\/about\/#breadcrumb"},"inLanguage":"pl-PL","potentialAction":[{"@type":"ReadAction","target":["https:\/\/feetglide.com\/pl\/about\/"]}]},{"@type":"ImageObject","inLanguage":"pl-PL","@id":"https:\/\/feetglide.com\/pl\/about\/#primaryimage","url":"https:\/\/feetglide.com\/pl\/wp-content\/uploads\/fav\/feetglide-logo-b.svg","contentUrl":"https:\/\/feetglide.com\/pl\/wp-content\/uploads\/fav\/feetglide-logo-b.svg"},{"@type":"BreadcrumbList","@id":"https:\/\/feetglide.com\/pl\/about\/#breadcrumb","itemListElement":[{"@type":"ListItem","position":1,"name":"FeetGlide","item":"https:\/\/feetglide.com\/"},{"@type":"ListItem","position":2,"name":"About us"}]},{"@type":"WebSite","@id":"https:\/\/feetglide.com\/pl\/#website","url":"https:\/\/feetglide.com\/pl\/","name":"FeetGlide","description":"","publisher":{"@id":"https:\/\/feetglide.com\/pl\/#organization"},"potentialAction":[{"@type":"SearchAction","target":{"@type":"EntryPoint","urlTemplate":"https:\/\/feetglide.com\/pl\/?s={search_term_string}"},"query-input":{"@type":"PropertyValueSpecification","valueRequired":true,"valueName":"search_term_string"}}],"inLanguage":"pl-PL"},{"@type":"Organization","@id":"https:\/\/feetglide.com\/pl\/#organization","name":"FeetGlide","url":"https:\/\/feetglide.com\/pl\/","logo":{"@type":"ImageObject","inLanguage":"pl-PL","@id":"https:\/\/feetglide.com\/pl\/#\/schema\/logo\/image\/","url":"https:\/\/feetglide.com\/pl\/wp-content\/uploads\/2020\/12\/logo.png","contentUrl":"https:\/\/feetglide.com\/pl\/wp-content\/uploads\/2020\/12\/logo.png","width":288,"height":58,"caption":"FeetGlide"},"image":{"@id":"https:\/\/feetglide.com\/pl\/#\/schema\/logo\/image\/"}}]}},"_links":{"self":[{"href":"https:\/\/feetglide.com\/pl\/wp-json\/wp\/v2\/pages\/599"}],"collection":[{"href":"https:\/\/feetglide.com\/pl\/wp-json\/wp\/v2\/pages"}],"about":[{"href":"https:\/\/feetglide.com\/pl\/wp-json\/wp\/v2\/types\/page"}],"author":[{"embeddable":true,"href":"https:\/\/feetglide.com\/pl\/wp-json\/wp\/v2\/users\/2"}],"replies":[{"embeddable":true,"href":"https:\/\/feetglide.com\/pl\/wp-json\/wp\/v2\/comments?post=599"}],"version-history":[{"count":19,"href":"https:\/\/feetglide.com\/pl\/wp-json\/wp\/v2\/pages\/599\/revisions"}],"predecessor-version":[{"id":162551,"href":"https:\/\/feetglide.com\/pl\/wp-json\/wp\/v2\/pages\/599\/revisions\/162551"}],"wp:attachment":[{"href":"https:\/\/feetglide.com\/pl\/wp-json\/wp\/v2\/media?parent=599"}],"curies":[{"name":"wp","href":"https:\/\/api.w.org\/{rel}","templated":true}]}}