{"id":591,"date":"2020-12-07T21:57:06","date_gmt":"2020-12-07T18:57:06","guid":{"rendered":"https:\/\/feetglide.com\/?page_id=591"},"modified":"2024-06-29T12:43:46","modified_gmt":"2024-06-29T09:43:46","slug":"shipping","status":"publish","type":"page","link":"https:\/\/feetglide.com\/pl\/shipping\/","title":{"rendered":"Dostawa"},"content":{"rendered":"\n<style>\n.entry-content * {font-family: \"VoxRoundWide\",sans serif !important;}\n.page .entry-content h1 {padding-bottom:17px;margin-bottom:8px;border-bottom:1px solid #f26a22;}\n.entry-content h1, .entry-content figure {text-align:center;}\n.entry-content figure {display:inline-block; margin:0 17px 0 0;}\n.page .entry-content h2 {font-size:1.375rem;}\n@media (max-width:992px){.entry-content figure {display:block;margin:0;}}\n<\/style>\n<h1><figure class=\"wp-block-image size-large\"><img loading=\"lazy\" decoding=\"async\" src=\"https:\/\/feetglide.com\/wp-content\/uploads\/icons\/shipping.svg\" alt=\"Dostawa\" width=\"140\" height=\"70\"><\/figure> Dostawa<\/h1>\n<p>Dostawa jest dost\u0119pna do ponad 200 kraj\u00f3w na ca\u0142ym \u015bwiecie.<\/p>\n<p>Wszystkie zam\u00f3wienia s\u0105 przetwarzane najp\u00f3\u017aniej nast\u0119pnego dnia po z\u0142o\u017ceniu zam\u00f3wienia, z wyj\u0105tkiem dni wolnych \u2013 soboty i niedzieli.<\/p>\n<p>Po wys\u0142aniu zam\u00f3wienia otrzymasz wiadomo\u015b\u0107 e-mail z numerem \u015bledzenia, kt\u00f3ry umo\u017cliwi Ci \u015bledzenie przesy\u0142ki.<\/p>\n<p>Dostawa na terenie Ukrainy jest bezp\u0142atna. Wysy\u0142ka zam\u00f3wie\u0144 odbywa si\u0119 za po\u015brednictwem firmy \u201cNova Poshta\u201d.<\/p>\n<p>Wszystkie zam\u00f3wienia mi\u0119dzynarodowe s\u0105 wysy\u0142ane za po\u015brednictwem firmy pocztowej UkrPoshta. Po dotarciu przesy\u0142ki do Twojego kraju, obs\u0142uguje j\u0105 lokalny operator pocztowy, na przyk\u0142ad:<\/p>\n<ul>\n<li>Polska &#8211; Poczta Polska<\/li>\n<li>Niemcy &#8211; Deutsche Post, DHL, Hermes<\/li>\n<li>Kazachstan \u2013 KazPost<\/li>\n<\/ul>\n<p>Koszt dostawy wynosi <span class='wmc-cache-value' data-value='3.49' data-currency='' ><span class=\"woocommerce-Price-amount amount\"><span class=\"woocommerce-Price-currencySymbol\">&euro;<\/span>3.49<\/span><\/span> i nie zale\u017cy od liczby zam\u00f3wionych produkt\u00f3w.<\/p>\n\n<h2>Czas dostawy<\/h2>\n<ul>\n<li>Polska i kraje ba\u0142tyckie: 7-12 dni<\/li>\n<li>Europa Zachodnia: 7-16 dni<\/li>\n<li>USA: 10-16 dni<\/li>\n<\/ul>\n<p style=\"color:#ce4c07\">W zwi\u0105zku z nowymi przepisami celnymi obowi\u0105zuj\u0105cymi na terenie kraj\u00f3w UE od 1.07.2021 r., zniesiono bezc\u0142owy import towar\u00f3w o warto\u015bci do 22 euro. Przy zam\u00f3wieniach do kraj\u00f3w UE procedura celna mo\u017ce wyd\u0142u\u017cy\u0107 czas dostawy.<\/p>\n<p style=\"color:#ce4c07\">Zalecamy zapoznanie si\u0119 z przepisami celnymi obowi\u0105zuj\u0105cymi w Twoim kraju.<\/p>\n\n\n\n<p><\/p>\n","protected":false},"excerpt":{"rendered":"<p>Dostawa Dostawa jest dost\u0119pna do ponad 200 kraj\u00f3w na ca\u0142ym \u015bwiecie. Wszystkie zam\u00f3wienia s\u0105 przetwarzane najp\u00f3\u017aniej nast\u0119pnego dnia po z\u0142o\u017ceniu zam\u00f3wienia, z wyj\u0105tkiem dni wolnych \u2013 soboty i niedzieli. Po wys\u0142aniu zam\u00f3wienia otrzymasz wiadomo\u015b\u0107 e-mail z numerem \u015bledzenia, kt\u00f3ry umo\u017cliwi Ci \u015bledzenie przesy\u0142ki. Dostawa na terenie Ukrainy jest bezp\u0142atna. Wysy\u0142ka zam\u00f3wie\u0144 odbywa si\u0119 za po\u015brednictwem &hellip; <\/p>\n<p class=\"link-more\"><a href=\"https:\/\/feetglide.com\/pl\/shipping\/\" class=\"more-link\">Kontynuuj czytanie<span class=\"screen-reader-text\"> &#8220;Dostawa&#8221;<\/span><\/a><\/p>\n","protected":false},"author":2,"featured_media":0,"parent":0,"menu_order":0,"comment_status":"closed","ping_status":"closed","template":"","meta":{"footnotes":""},"class_list":["post-591","page","type-page","status-publish","hentry"],"translation":{"provider":"WPGlobus","version":"2.8.2","language":"pl","enabled_languages":["en","pl","ru","uk","ua"],"languages":{"en":{"title":true,"content":true,"excerpt":false},"pl":{"title":true,"content":true,"excerpt":false},"ru":{"title":true,"content":true,"excerpt":false},"uk":{"title":true,"content":true,"excerpt":false},"ua":{"title":true,"content":true,"excerpt":false}}},"yoast_head":"<!-- This site is optimized with the Yoast SEO plugin v23.5 - https:\/\/yoast.com\/wordpress\/plugins\/seo\/ -->\n<title>Shipping at feetglide.com: all orders are processed no later than the next day, except for weekends \u2013 Saturday and Sunday.<\/title>\n<meta name=\"description\" content=\"Wysy\u0142amy za po\u015brednictwem UkrPoshta, kt\u00f3ra jest firm\u0105 transferow\u0105, kt\u00f3ra przekazuje paczk\u0119 do lokalnego przewo\u017anika odpowiedzialnego za dostaw\u0119 po dotarciu do kraju docelowego. Od tego momentu Twoja przesy\u0142ka podlega ich jurysdykcji. Koszt wysy\u0142ki wynosi 3,49 \u20ac i nie zale\u017cy od ilo\u015bci zam\u00f3wionych artyku\u0142\u00f3w - footglide.com\" \/>\n<meta name=\"robots\" content=\"index, follow, max-snippet:-1, max-image-preview:large, max-video-preview:-1\" \/>\n<link rel=\"canonical\" href=\"https:\/\/feetglide.com\/pl\/shipping\/\" \/>\n<meta property=\"og:locale\" content=\"pl_PL\" \/>\n<meta property=\"og:type\" content=\"article\" \/>\n<meta property=\"og:title\" content=\"Dostawa - FeetGlide\" \/>\n<meta property=\"og:description\" content=\"Wysy\u0142amy za po\u015brednictwem UkrPoshta, kt\u00f3ra jest firm\u0105 transferow\u0105, kt\u00f3ra przekazuje paczk\u0119 do lokalnego przewo\u017anika odpowiedzialnego za dostaw\u0119 po dotarciu do kraju docelowego. Od tego momentu Twoja przesy\u0142ka podlega ich jurysdykcji. Koszt wysy\u0142ki wynosi 3,49 \u20ac i nie zale\u017cy od ilo\u015bci zam\u00f3wionych artyku\u0142\u00f3w - footglide.com\" \/>\n<meta property=\"og:url\" content=\"https:\/\/feetglide.com\/pl\/shipping\/\" \/>\n<meta property=\"og:site_name\" content=\"FeetGlide\" \/>\n<meta property=\"article:modified_time\" content=\"2024-06-29T09:43:46+00:00\" \/>\n<meta property=\"og:image\" content=\"https:\/\/feetglide.com\/wp-content\/uploads\/icons\/shipping.svg\" \/>\n<meta name=\"twitter:card\" content=\"summary_large_image\" \/>\n<meta name=\"twitter:label1\" content=\"Szacowany czas czytania\" \/>\n\t<meta name=\"twitter:data1\" content=\"2 minuty\" \/>\n<script type=\"application\/ld+json\" class=\"yoast-schema-graph\">{\"@context\":\"https:\/\/schema.org\",\"@graph\":[{\"@type\":\"WebPage\",\"@id\":\"https:\/\/feetglide.com\/pl\/shipping\/\",\"url\":\"https:\/\/feetglide.com\/pl\/shipping\/\",\"name\":\"Shipping at feetglide.com: all orders are processed no later than the next day, except for weekends \u2013 Saturday and Sunday.\",\"isPartOf\":{\"@id\":\"https:\/\/feetglide.com\/pl\/#website\"},\"primaryImageOfPage\":{\"@id\":\"https:\/\/feetglide.com\/pl\/shipping\/#primaryimage\"},\"image\":{\"@id\":\"https:\/\/feetglide.com\/pl\/shipping\/#primaryimage\"},\"thumbnailUrl\":\"https:\/\/feetglide.com\/pl\/wp-content\/uploads\/icons\/shipping.svg\",\"datePublished\":\"2020-12-07T18:57:06+00:00\",\"dateModified\":\"2024-06-29T09:43:46+00:00\",\"description\":\"We ship via UkrPoshta whichare the transfer services that forward your package to your local delivery service in charge once it reaches country of destination. From that moment onward, your package is under their jurisdiction. Shipping cost is \u20ac3.49 and doesn\u2019t depend on the number of ordered items - feetglide.com\",\"breadcrumb\":{\"@id\":\"https:\/\/feetglide.com\/pl\/shipping\/#breadcrumb\"},\"inLanguage\":\"pl-PL\",\"potentialAction\":[{\"@type\":\"ReadAction\",\"target\":[\"https:\/\/feetglide.com\/pl\/shipping\/\"]}]},{\"@type\":\"ImageObject\",\"inLanguage\":\"pl-PL\",\"@id\":\"https:\/\/feetglide.com\/pl\/shipping\/#primaryimage\",\"url\":\"https:\/\/feetglide.com\/pl\/wp-content\/uploads\/icons\/shipping.svg\",\"contentUrl\":\"https:\/\/feetglide.com\/pl\/wp-content\/uploads\/icons\/shipping.svg\"},{\"@type\":\"BreadcrumbList\",\"@id\":\"https:\/\/feetglide.com\/pl\/shipping\/#breadcrumb\",\"itemListElement\":[{\"@type\":\"ListItem\",\"position\":1,\"name\":\"FeetGlide\",\"item\":\"https:\/\/feetglide.com\/\"},{\"@type\":\"ListItem\",\"position\":2,\"name\":\"Shipping\"}]},{\"@type\":\"WebSite\",\"@id\":\"https:\/\/feetglide.com\/pl\/#website\",\"url\":\"https:\/\/feetglide.com\/pl\/\",\"name\":\"FeetGlide\",\"description\":\"\",\"publisher\":{\"@id\":\"https:\/\/feetglide.com\/pl\/#organization\"},\"potentialAction\":[{\"@type\":\"SearchAction\",\"target\":{\"@type\":\"EntryPoint\",\"urlTemplate\":\"https:\/\/feetglide.com\/pl\/?s={search_term_string}\"},\"query-input\":{\"@type\":\"PropertyValueSpecification\",\"valueRequired\":true,\"valueName\":\"search_term_string\"}}],\"inLanguage\":\"pl-PL\"},{\"@type\":\"Organization\",\"@id\":\"https:\/\/feetglide.com\/pl\/#organization\",\"name\":\"FeetGlide\",\"url\":\"https:\/\/feetglide.com\/pl\/\",\"logo\":{\"@type\":\"ImageObject\",\"inLanguage\":\"pl-PL\",\"@id\":\"https:\/\/feetglide.com\/pl\/#\/schema\/logo\/image\/\",\"url\":\"https:\/\/feetglide.com\/pl\/wp-content\/uploads\/2020\/12\/logo.png\",\"contentUrl\":\"https:\/\/feetglide.com\/pl\/wp-content\/uploads\/2020\/12\/logo.png\",\"width\":288,\"height\":58,\"caption\":\"FeetGlide\"},\"image\":{\"@id\":\"https:\/\/feetglide.com\/pl\/#\/schema\/logo\/image\/\"}}]}<\/script>\n<!-- \/ Yoast SEO plugin. -->","yoast_head_json":{"title":"Shipping at feetglide.com: all orders are processed no later than the next day, except for weekends \u2013 Saturday and Sunday.","description":"Wysy\u0142amy za po\u015brednictwem UkrPoshta, kt\u00f3ra jest firm\u0105 transferow\u0105, kt\u00f3ra przekazuje paczk\u0119 do lokalnego przewo\u017anika odpowiedzialnego za dostaw\u0119 po dotarciu do kraju docelowego. Od tego momentu Twoja przesy\u0142ka podlega ich jurysdykcji. Koszt wysy\u0142ki wynosi 3,49 \u20ac i nie zale\u017cy od ilo\u015bci zam\u00f3wionych artyku\u0142\u00f3w - footglide.com","robots":{"index":"index","follow":"follow","max-snippet":"max-snippet:-1","max-image-preview":"max-image-preview:large","max-video-preview":"max-video-preview:-1"},"canonical":"https:\/\/feetglide.com\/pl\/shipping\/","og_locale":"pl_PL","og_type":"article","og_title":"Dostawa - FeetGlide","og_description":"Wysy\u0142amy za po\u015brednictwem UkrPoshta, kt\u00f3ra jest firm\u0105 transferow\u0105, kt\u00f3ra przekazuje paczk\u0119 do lokalnego przewo\u017anika odpowiedzialnego za dostaw\u0119 po dotarciu do kraju docelowego. Od tego momentu Twoja przesy\u0142ka podlega ich jurysdykcji. Koszt wysy\u0142ki wynosi 3,49 \u20ac i nie zale\u017cy od ilo\u015bci zam\u00f3wionych artyku\u0142\u00f3w - footglide.com","og_url":"https:\/\/feetglide.com\/pl\/shipping\/","og_site_name":"FeetGlide","article_modified_time":"2024-06-29T09:43:46+00:00","og_image":[{"url":"https:\/\/feetglide.com\/wp-content\/uploads\/icons\/shipping.svg"}],"twitter_card":"summary_large_image","twitter_misc":{"Szacowany czas czytania":"2 minuty"},"schema":{"@context":"https:\/\/schema.org","@graph":[{"@type":"WebPage","@id":"https:\/\/feetglide.com\/pl\/shipping\/","url":"https:\/\/feetglide.com\/pl\/shipping\/","name":"Shipping at feetglide.com: all orders are processed no later than the next day, except for weekends \u2013 Saturday and Sunday.","isPartOf":{"@id":"https:\/\/feetglide.com\/pl\/#website"},"primaryImageOfPage":{"@id":"https:\/\/feetglide.com\/pl\/shipping\/#primaryimage"},"image":{"@id":"https:\/\/feetglide.com\/pl\/shipping\/#primaryimage"},"thumbnailUrl":"https:\/\/feetglide.com\/pl\/wp-content\/uploads\/icons\/shipping.svg","datePublished":"2020-12-07T18:57:06+00:00","dateModified":"2024-06-29T09:43:46+00:00","description":"We ship via UkrPoshta whichare the transfer services that forward your package to your local delivery service in charge once it reaches country of destination. From that moment onward, your package is under their jurisdiction. Shipping cost is \u20ac3.49 and doesn\u2019t depend on the number of ordered items - feetglide.com","breadcrumb":{"@id":"https:\/\/feetglide.com\/pl\/shipping\/#breadcrumb"},"inLanguage":"pl-PL","potentialAction":[{"@type":"ReadAction","target":["https:\/\/feetglide.com\/pl\/shipping\/"]}]},{"@type":"ImageObject","inLanguage":"pl-PL","@id":"https:\/\/feetglide.com\/pl\/shipping\/#primaryimage","url":"https:\/\/feetglide.com\/pl\/wp-content\/uploads\/icons\/shipping.svg","contentUrl":"https:\/\/feetglide.com\/pl\/wp-content\/uploads\/icons\/shipping.svg"},{"@type":"BreadcrumbList","@id":"https:\/\/feetglide.com\/pl\/shipping\/#breadcrumb","itemListElement":[{"@type":"ListItem","position":1,"name":"FeetGlide","item":"https:\/\/feetglide.com\/"},{"@type":"ListItem","position":2,"name":"Shipping"}]},{"@type":"WebSite","@id":"https:\/\/feetglide.com\/pl\/#website","url":"https:\/\/feetglide.com\/pl\/","name":"FeetGlide","description":"","publisher":{"@id":"https:\/\/feetglide.com\/pl\/#organization"},"potentialAction":[{"@type":"SearchAction","target":{"@type":"EntryPoint","urlTemplate":"https:\/\/feetglide.com\/pl\/?s={search_term_string}"},"query-input":{"@type":"PropertyValueSpecification","valueRequired":true,"valueName":"search_term_string"}}],"inLanguage":"pl-PL"},{"@type":"Organization","@id":"https:\/\/feetglide.com\/pl\/#organization","name":"FeetGlide","url":"https:\/\/feetglide.com\/pl\/","logo":{"@type":"ImageObject","inLanguage":"pl-PL","@id":"https:\/\/feetglide.com\/pl\/#\/schema\/logo\/image\/","url":"https:\/\/feetglide.com\/pl\/wp-content\/uploads\/2020\/12\/logo.png","contentUrl":"https:\/\/feetglide.com\/pl\/wp-content\/uploads\/2020\/12\/logo.png","width":288,"height":58,"caption":"FeetGlide"},"image":{"@id":"https:\/\/feetglide.com\/pl\/#\/schema\/logo\/image\/"}}]}},"_links":{"self":[{"href":"https:\/\/feetglide.com\/pl\/wp-json\/wp\/v2\/pages\/591"}],"collection":[{"href":"https:\/\/feetglide.com\/pl\/wp-json\/wp\/v2\/pages"}],"about":[{"href":"https:\/\/feetglide.com\/pl\/wp-json\/wp\/v2\/types\/page"}],"author":[{"embeddable":true,"href":"https:\/\/feetglide.com\/pl\/wp-json\/wp\/v2\/users\/2"}],"replies":[{"embeddable":true,"href":"https:\/\/feetglide.com\/pl\/wp-json\/wp\/v2\/comments?post=591"}],"version-history":[{"count":66,"href":"https:\/\/feetglide.com\/pl\/wp-json\/wp\/v2\/pages\/591\/revisions"}],"predecessor-version":[{"id":33864,"href":"https:\/\/feetglide.com\/pl\/wp-json\/wp\/v2\/pages\/591\/revisions\/33864"}],"wp:attachment":[{"href":"https:\/\/feetglide.com\/pl\/wp-json\/wp\/v2\/media?parent=591"}],"curies":[{"name":"wp","href":"https:\/\/api.w.org\/{rel}","templated":true}]}}