{"id":520,"date":"2020-12-06T12:32:19","date_gmt":"2020-12-06T09:32:19","guid":{"rendered":"https:\/\/feetglide.com\/?page_id=520"},"modified":"2024-07-07T10:32:48","modified_gmt":"2024-07-07T07:32:48","slug":"contacts","status":"publish","type":"page","link":"https:\/\/feetglide.com\/pl\/contacts\/","title":{"rendered":"Kontakt"},"content":{"rendered":"\n<style>\n.entry-content * {font-family: \"VoxRoundWide\",sans serif !important;}\n.page .entry-content h1 {padding-bottom:17px;margin-bottom:8px;border-bottom:1px solid #f26a22;}\n.entry-content h1, .entry-content figure {text-align:center;}\n.entry-content figure {display:inline-block; margin:0 17px 0 0;}\n@media (max-width:992px){.entry-content figure {display:block;margin:0;}}\n<\/style>\n<h1><figure class=\"wp-block-image size-large\"><img loading=\"lazy\" decoding=\"async\" src=\"https:\/\/feetglide.com\/wp-content\/uploads\/icons\/contacts.svg\" alt=\"Kontakt\" width=\"80\" height=\"91\"><\/figure> Kontakt<\/h1>\n\n<p>03170, ul. R. Gliera, 35, Kij\u00f3w, Ukraina<\/p>\n<p><strong>Godziny pracy<\/strong><\/p>\n<p>Pn \u2013 Pt: 8.00 \u2013 17.00 (CET)<br>\n<p>Sob:  9.00 \u2013 16.00 (CET)<\/p>\n<p><strong>Telefon:<\/strong> <a href=\"tel:+380986485214\">+380 (98) 648-52-14<\/a><\/p>\n<p><strong>Email<\/strong><\/p>\n<p>W sprawach zam\u00f3wie\u0144: <a href=\"mailto:order@feetglide.com\">order@feetglide.com<\/a><br>\nW sprawach wsp\u00f3\u0142pracy: <a href=\"mailto:partnership@feetglide.com\">partnership@feetglide.com<\/a><\/p>\n<h2>Formularz kontaktowy<\/h2>\n\n\n\n<div class=\"wp-block-contact-form-7-contact-form-selector\"><div role=\"form\" class=\"wpcf7\" id=\"wpcf7-f38574-o1\" lang=\"ru-KZ\" dir=\"ltr\">\n<div class=\"screen-reader-response\"><p role=\"status\" aria-live=\"polite\" aria-atomic=\"true\"><\/p> <ul><\/ul><\/div>\n<form action=\"\/pl\/wp-json\/wp\/v2\/pages\/520\/#wpcf7-f38574-o1\" method=\"post\" class=\"wpcf7-form init\" enctype=\"multipart\/form-data\" novalidate=\"novalidate\" data-status=\"init\">\n<div style=\"display: none;\">\n<input type=\"hidden\" name=\"_wpcf7\" value=\"38574\" \/>\n<input type=\"hidden\" name=\"_wpcf7_version\" value=\"5.4.2\" \/>\n<input type=\"hidden\" name=\"_wpcf7_locale\" value=\"ru_KZ\" \/>\n<input type=\"hidden\" name=\"_wpcf7_unit_tag\" value=\"wpcf7-f38574-o1\" \/>\n<input type=\"hidden\" name=\"_wpcf7_container_post\" value=\"0\" \/>\n<input type=\"hidden\" name=\"_wpcf7_posted_data_hash\" value=\"\" \/>\n<input type=\"hidden\" name=\"_wpcf7_recaptcha_response\" value=\"\" \/>\n<\/div>\n<p><label for=\"feedback-your-name\"> Twoje imi\u0119<br \/>\n    <span class=\"wpcf7-form-control-wrap your-name\"><input type=\"text\" name=\"your-name\" value=\"\" size=\"40\" class=\"wpcf7-form-control wpcf7-text wpcf7-validates-as-required\" id=\"feedback-your-name\" aria-required=\"true\" aria-invalid=\"false\" \/><\/span> <\/label><\/p>\n<p><label for=\"feedback-your-email\"> Tw\u00f3j email<br \/>\n    <span class=\"wpcf7-form-control-wrap your-email\"><input type=\"email\" name=\"your-email\" value=\"\" size=\"40\" class=\"wpcf7-form-control wpcf7-text wpcf7-email wpcf7-validates-as-required wpcf7-validates-as-email\" id=\"feedback-your-email\" aria-required=\"true\" aria-invalid=\"false\" \/><\/span> <\/label><\/p>\n<p><label for=\"feedback-your-subject\"> Temat<br \/>\n    <span class=\"wpcf7-form-control-wrap your-subject\"><input type=\"text\" name=\"your-subject\" value=\"\" size=\"40\" class=\"wpcf7-form-control wpcf7-text wpcf7-validates-as-required\" id=\"feedback-your-subject\" aria-required=\"true\" aria-invalid=\"false\" \/><\/span> <\/label><\/p>\n<p><label for=\"feedback-your-message\"> Wiadomo\u015b\u0107 (opcjonalnie)<br \/>\n    <span class=\"wpcf7-form-control-wrap your-message\"><textarea name=\"your-message\" cols=\"40\" rows=\"10\" class=\"wpcf7-form-control wpcf7-textarea\" id=\"feedback-your-message\" aria-invalid=\"false\"><\/textarea><\/span> <\/label><\/p>\n<p><label for=\"feedback-file-176\"> Za\u0142\u0105cznik<br \/>\n    <span class=\"wpcf7-form-control-wrap file-176\"><input type=\"file\" name=\"file-176\" size=\"40\" class=\"wpcf7-form-control wpcf7-file\" id=\"feedback-file-176\" accept=\".gif,.png,.jpg,.jpeg,.webp,.pdf,.txt\" aria-invalid=\"false\" \/><\/span> <\/label><\/p>\n\n<p><input type=\"submit\" value=\"Wy\u015blij\" class=\"wpcf7-form-control wpcf7-submit\" \/><\/p>\n<div class=\"wpcf7-response-output\" aria-hidden=\"true\"><\/div><\/form><\/div><\/div>\n\n\n\n<p>Ta strona jest chroniona przez reCAPTCHA i obowi\u0105zuj\u0105 <a href=\"https:\/\/policies.google.com\/privacy\" target=\"_blank\" rel=\"noreferrer noopener\">Polityka prywatno\u015bci<\/a> Google oraz <a href=\"https:\/\/policies.google.com\/terms\" target=\"_blank\" rel=\"noreferrer noopener\">Warunki korzystania z us\u0142ug<\/a> Google.<\/p>\n","protected":false},"excerpt":{"rendered":"<p>Kontakt 03170, ul. R. Gliera, 35, Kij\u00f3w, Ukraina Godziny pracy Pn \u2013 Pt: 8.00 \u2013 17.00 (CET) Sob: 9.00 \u2013 16.00 (CET) Telefon: +380 (98) 648-52-14 Email W sprawach zam\u00f3wie\u0144: order@feetglide.com W sprawach wsp\u00f3\u0142pracy: partnership@feetglide.com Formularz kontaktowy Ta strona jest chroniona przez reCAPTCHA i obowi\u0105zuj\u0105 Polityka prywatno\u015bci Google oraz Warunki korzystania z us\u0142ug Google.<\/p>\n","protected":false},"author":2,"featured_media":0,"parent":0,"menu_order":0,"comment_status":"closed","ping_status":"closed","template":"","meta":{"footnotes":""},"class_list":["post-520","page","type-page","status-publish","hentry"],"translation":{"provider":"WPGlobus","version":"2.8.2","language":"pl","enabled_languages":["en","pl","ru","uk","ua"],"languages":{"en":{"title":true,"content":true,"excerpt":false},"pl":{"title":true,"content":true,"excerpt":false},"ru":{"title":true,"content":true,"excerpt":false},"uk":{"title":true,"content":true,"excerpt":false},"ua":{"title":true,"content":true,"excerpt":false}}},"yoast_head":"<!-- This site is optimized with the Yoast SEO plugin v23.5 - https:\/\/yoast.com\/wordpress\/plugins\/seo\/ -->\n<title>Kontakty feetglide.com<\/title>\n<meta name=\"description\" content=\"Godziny pracy: Pon. \u2013 Pt.: 8.00 \u2013 17.00 (CET) Sob.: 9.00 \u2013 16.00 (CET); Zam\u00f3wienie e-mailem: zam\u00f3wienie@feetglide.com Partnerstwo: partnerstwo@feetglide.com\" \/>\n<meta name=\"robots\" content=\"index, follow, max-snippet:-1, max-image-preview:large, max-video-preview:-1\" \/>\n<link rel=\"canonical\" href=\"https:\/\/feetglide.com\/pl\/contacts\/\" \/>\n<meta property=\"og:locale\" content=\"pl_PL\" \/>\n<meta property=\"og:type\" content=\"article\" \/>\n<meta property=\"og:title\" content=\"Kontakt - FeetGlide\" \/>\n<meta property=\"og:description\" content=\"Godziny pracy: Pon. \u2013 Pt.: 8.00 \u2013 17.00 (CET) Sob.: 9.00 \u2013 16.00 (CET); Zam\u00f3wienie e-mailem: zam\u00f3wienie@feetglide.com Partnerstwo: partnerstwo@feetglide.com\" \/>\n<meta property=\"og:url\" content=\"https:\/\/feetglide.com\/pl\/contacts\/\" \/>\n<meta property=\"og:site_name\" content=\"FeetGlide\" \/>\n<meta property=\"article:modified_time\" content=\"2024-07-07T07:32:48+00:00\" \/>\n<meta property=\"og:image\" content=\"https:\/\/feetglide.com\/wp-content\/uploads\/icons\/contacts.svg\" \/>\n<meta name=\"twitter:card\" content=\"summary_large_image\" \/>\n<meta name=\"twitter:label1\" content=\"Szacowany czas czytania\" \/>\n\t<meta name=\"twitter:data1\" content=\"1 minuta\" \/>\n<script type=\"application\/ld+json\" class=\"yoast-schema-graph\">{\"@context\":\"https:\/\/schema.org\",\"@graph\":[{\"@type\":\"WebPage\",\"@id\":\"https:\/\/feetglide.com\/pl\/contacts\/\",\"url\":\"https:\/\/feetglide.com\/pl\/contacts\/\",\"name\":\"\u041a\u043e\u043d\u0442\u0430\u043a\u0442\u044b feetglide.com \u0432 \u0423\u043a\u0440\u0430\u0438\u043d\u0435\",\"isPartOf\":{\"@id\":\"https:\/\/feetglide.com\/pl\/#website\"},\"primaryImageOfPage\":{\"@id\":\"https:\/\/feetglide.com\/pl\/contacts\/#primaryimage\"},\"image\":{\"@id\":\"https:\/\/feetglide.com\/pl\/contacts\/#primaryimage\"},\"thumbnailUrl\":\"https:\/\/feetglide.com\/pl\/wp-content\/uploads\/icons\/contacts.svg\",\"datePublished\":\"2020-12-06T09:32:19+00:00\",\"dateModified\":\"2024-07-07T07:32:48+00:00\",\"description\":\"Godziny pracy: Pon. \u2013 Pt.: 8.00 \u2013 17.00 (CET) Sob.: 9.00 \u2013 16.00 (CET); Zam\u00f3wienie e-mailem: zam\u00f3wienie@feetglide.com Partnerstwo: partnerstwo@feetglide.com\",\"breadcrumb\":{\"@id\":\"https:\/\/feetglide.com\/pl\/contacts\/#breadcrumb\"},\"inLanguage\":\"pl-PL\",\"potentialAction\":[{\"@type\":\"ReadAction\",\"target\":[\"https:\/\/feetglide.com\/pl\/contacts\/\"]}]},{\"@type\":\"ImageObject\",\"inLanguage\":\"pl-PL\",\"@id\":\"https:\/\/feetglide.com\/pl\/contacts\/#primaryimage\",\"url\":\"https:\/\/feetglide.com\/pl\/wp-content\/uploads\/icons\/contacts.svg\",\"contentUrl\":\"https:\/\/feetglide.com\/pl\/wp-content\/uploads\/icons\/contacts.svg\"},{\"@type\":\"BreadcrumbList\",\"@id\":\"https:\/\/feetglide.com\/pl\/contacts\/#breadcrumb\",\"itemListElement\":[{\"@type\":\"ListItem\",\"position\":1,\"name\":\"FeetGlide\",\"item\":\"https:\/\/feetglide.com\/\"},{\"@type\":\"ListItem\",\"position\":2,\"name\":\"\u041a\u043e\u043d\u0442\u0430\u043a\u0442\u044b\"}]},{\"@type\":\"WebSite\",\"@id\":\"https:\/\/feetglide.com\/pl\/#website\",\"url\":\"https:\/\/feetglide.com\/pl\/\",\"name\":\"FeetGlide\",\"description\":\"\",\"publisher\":{\"@id\":\"https:\/\/feetglide.com\/pl\/#organization\"},\"potentialAction\":[{\"@type\":\"SearchAction\",\"target\":{\"@type\":\"EntryPoint\",\"urlTemplate\":\"https:\/\/feetglide.com\/pl\/?s={search_term_string}\"},\"query-input\":{\"@type\":\"PropertyValueSpecification\",\"valueRequired\":true,\"valueName\":\"search_term_string\"}}],\"inLanguage\":\"pl-PL\"},{\"@type\":\"Organization\",\"@id\":\"https:\/\/feetglide.com\/pl\/#organization\",\"name\":\"FeetGlide\",\"url\":\"https:\/\/feetglide.com\/pl\/\",\"logo\":{\"@type\":\"ImageObject\",\"inLanguage\":\"pl-PL\",\"@id\":\"https:\/\/feetglide.com\/pl\/#\/schema\/logo\/image\/\",\"url\":\"https:\/\/feetglide.com\/pl\/wp-content\/uploads\/2020\/12\/logo.png\",\"contentUrl\":\"https:\/\/feetglide.com\/pl\/wp-content\/uploads\/2020\/12\/logo.png\",\"width\":288,\"height\":58,\"caption\":\"FeetGlide\"},\"image\":{\"@id\":\"https:\/\/feetglide.com\/pl\/#\/schema\/logo\/image\/\"}}]}<\/script>\n<!-- \/ Yoast SEO plugin. -->","yoast_head_json":{"title":"Kontakty feetglide.com","description":"Godziny pracy: Pon. \u2013 Pt.: 8.00 \u2013 17.00 (CET) Sob.: 9.00 \u2013 16.00 (CET); Zam\u00f3wienie e-mailem: zam\u00f3wienie@feetglide.com Partnerstwo: partnerstwo@feetglide.com","robots":{"index":"index","follow":"follow","max-snippet":"max-snippet:-1","max-image-preview":"max-image-preview:large","max-video-preview":"max-video-preview:-1"},"canonical":"https:\/\/feetglide.com\/pl\/contacts\/","og_locale":"pl_PL","og_type":"article","og_title":"Kontakt - FeetGlide","og_description":"Godziny pracy: Pon. \u2013 Pt.: 8.00 \u2013 17.00 (CET) Sob.: 9.00 \u2013 16.00 (CET); Zam\u00f3wienie e-mailem: zam\u00f3wienie@feetglide.com Partnerstwo: partnerstwo@feetglide.com","og_url":"https:\/\/feetglide.com\/pl\/contacts\/","og_site_name":"FeetGlide","article_modified_time":"2024-07-07T07:32:48+00:00","og_image":[{"url":"https:\/\/feetglide.com\/wp-content\/uploads\/icons\/contacts.svg"}],"twitter_card":"summary_large_image","twitter_misc":{"Szacowany czas czytania":"1 minuta"},"schema":{"@context":"https:\/\/schema.org","@graph":[{"@type":"WebPage","@id":"https:\/\/feetglide.com\/pl\/contacts\/","url":"https:\/\/feetglide.com\/pl\/contacts\/","name":"\u041a\u043e\u043d\u0442\u0430\u043a\u0442\u044b feetglide.com \u0432 \u0423\u043a\u0440\u0430\u0438\u043d\u0435","isPartOf":{"@id":"https:\/\/feetglide.com\/pl\/#website"},"primaryImageOfPage":{"@id":"https:\/\/feetglide.com\/pl\/contacts\/#primaryimage"},"image":{"@id":"https:\/\/feetglide.com\/pl\/contacts\/#primaryimage"},"thumbnailUrl":"https:\/\/feetglide.com\/pl\/wp-content\/uploads\/icons\/contacts.svg","datePublished":"2020-12-06T09:32:19+00:00","dateModified":"2024-07-07T07:32:48+00:00","description":"Godziny pracy: Pon. \u2013 Pt.: 8.00 \u2013 17.00 (CET) Sob.: 9.00 \u2013 16.00 (CET); Zam\u00f3wienie e-mailem: zam\u00f3wienie@feetglide.com Partnerstwo: partnerstwo@feetglide.com","breadcrumb":{"@id":"https:\/\/feetglide.com\/pl\/contacts\/#breadcrumb"},"inLanguage":"pl-PL","potentialAction":[{"@type":"ReadAction","target":["https:\/\/feetglide.com\/pl\/contacts\/"]}]},{"@type":"ImageObject","inLanguage":"pl-PL","@id":"https:\/\/feetglide.com\/pl\/contacts\/#primaryimage","url":"https:\/\/feetglide.com\/pl\/wp-content\/uploads\/icons\/contacts.svg","contentUrl":"https:\/\/feetglide.com\/pl\/wp-content\/uploads\/icons\/contacts.svg"},{"@type":"BreadcrumbList","@id":"https:\/\/feetglide.com\/pl\/contacts\/#breadcrumb","itemListElement":[{"@type":"ListItem","position":1,"name":"FeetGlide","item":"https:\/\/feetglide.com\/"},{"@type":"ListItem","position":2,"name":"\u041a\u043e\u043d\u0442\u0430\u043a\u0442\u044b"}]},{"@type":"WebSite","@id":"https:\/\/feetglide.com\/pl\/#website","url":"https:\/\/feetglide.com\/pl\/","name":"FeetGlide","description":"","publisher":{"@id":"https:\/\/feetglide.com\/pl\/#organization"},"potentialAction":[{"@type":"SearchAction","target":{"@type":"EntryPoint","urlTemplate":"https:\/\/feetglide.com\/pl\/?s={search_term_string}"},"query-input":{"@type":"PropertyValueSpecification","valueRequired":true,"valueName":"search_term_string"}}],"inLanguage":"pl-PL"},{"@type":"Organization","@id":"https:\/\/feetglide.com\/pl\/#organization","name":"FeetGlide","url":"https:\/\/feetglide.com\/pl\/","logo":{"@type":"ImageObject","inLanguage":"pl-PL","@id":"https:\/\/feetglide.com\/pl\/#\/schema\/logo\/image\/","url":"https:\/\/feetglide.com\/pl\/wp-content\/uploads\/2020\/12\/logo.png","contentUrl":"https:\/\/feetglide.com\/pl\/wp-content\/uploads\/2020\/12\/logo.png","width":288,"height":58,"caption":"FeetGlide"},"image":{"@id":"https:\/\/feetglide.com\/pl\/#\/schema\/logo\/image\/"}}]}},"_links":{"self":[{"href":"https:\/\/feetglide.com\/pl\/wp-json\/wp\/v2\/pages\/520"}],"collection":[{"href":"https:\/\/feetglide.com\/pl\/wp-json\/wp\/v2\/pages"}],"about":[{"href":"https:\/\/feetglide.com\/pl\/wp-json\/wp\/v2\/types\/page"}],"author":[{"embeddable":true,"href":"https:\/\/feetglide.com\/pl\/wp-json\/wp\/v2\/users\/2"}],"replies":[{"embeddable":true,"href":"https:\/\/feetglide.com\/pl\/wp-json\/wp\/v2\/comments?post=520"}],"version-history":[{"count":59,"href":"https:\/\/feetglide.com\/pl\/wp-json\/wp\/v2\/pages\/520\/revisions"}],"predecessor-version":[{"id":49809,"href":"https:\/\/feetglide.com\/pl\/wp-json\/wp\/v2\/pages\/520\/revisions\/49809"}],"wp:attachment":[{"href":"https:\/\/feetglide.com\/pl\/wp-json\/wp\/v2\/media?parent=520"}],"curies":[{"name":"wp","href":"https:\/\/api.w.org\/{rel}","templated":true}]}}