{"id":3,"date":"2020-09-25T11:06:16","date_gmt":"2020-09-25T08:06:16","guid":{"rendered":"http:\/\/com\/www\/?page_id=3"},"modified":"2024-06-29T12:37:23","modified_gmt":"2024-06-29T09:37:23","slug":"privacy-policy","status":"publish","type":"page","link":"https:\/\/feetglide.com\/pl\/privacy-policy\/","title":{"rendered":"Polityka prywatno\u015bci"},"content":{"rendered":"\n<style>\n.entry-content * {font-family: \"VoxRoundWide\",sans serif !important;}\n.page .entry-content h1 {padding-bottom:17px;margin-bottom:8px;border-bottom:1px solid #f26a22;}\n.entry-content h1, .entry-content figure {text-align:center;}\n.entry-content figure {display:inline-block; margin:0 17px 0 0;}\n.page .entry-content h2 {font-size:1.375rem;}\n@media (max-width:992px){.entry-content figure {display:block;margin:0;}}\n<\/style>\n<h1><figure class=\"wp-block-image size-large\"><img loading=\"lazy\" decoding=\"async\" src=\"https:\/\/feetglide.com\/wp-content\/uploads\/icons\/privacy-policy.svg\" alt=\"Polityka prywatno\u015bci\" width=\"81\" height=\"89\"><\/figure> Polityka prywatno\u015bci<\/h1>\n<h2>1. Informacje dotycz\u0105ce zbierania danych osobowych <\/h2>\n<p>Poni\u017cej znajduj\u0105 si\u0119 informacje dotycz\u0105ce zbierania danych osobowych podczas korzystania z naszej strony internetowej. Dane osobowe to wszelkie informacje odnosz\u0105ce si\u0119 do osoby fizycznej, takie jak imi\u0119, adres, adresy e-mail i zachowanie u\u017cytkownika.<\/p>\n<p>Je\u015bli skontaktujesz si\u0119 z nami za po\u015brednictwem poczty elektronicznej lub u\u017cyjesz naszego formularza kontaktowego, zapiszemy wprowadzone przez Ciebie dane (Tw\u00f3j adres e-mail, Twoje imi\u0119 i nazwisko oraz numer telefonu), aby odpowiedzie\u0107 na Twoje zapytanie. Dane, kt\u00f3re nam podasz, zostan\u0105 usuni\u0119te natychmiast po rozwi\u0105zaniu Twojego problemu lub po up\u0142ywie okre\u015blonego terminu przechowywania danych, je\u015bli jest to przewidziane przepisami prawa.<\/p>\n<h2>2. Twoje prawa<\/h2>\n<p>Masz nast\u0119puj\u0105ce prawa dotycz\u0105ce wykorzystania przez nas Twoich danych osobowych:<\/p>\n<ul>\n<li>Prawo dost\u0119pu<\/li>\n<li>Prawo do poprawiania lub usuni\u0119cia danych<\/li>\n<li>Prawo do ograniczenia przetwarzania danych<\/li>\n<li>Prawo do sprzeciwu<\/li>\n<li>Prawo do przenoszenia danych<\/li>\n<\/ul>\n<h2>3. Jakie dane osobowe s\u0105 zbierane podczas odwiedzania strony internetowej <\/h2>\n<p>Je\u015bli przegl\u0105dasz nasz\u0105 stron\u0119 wy\u0142\u0105cznie w celu uzyskania informacji, bez podawania nam dodatkowych informacji w jakikolwiek inny spos\u00f3b, zbieramy tylko dane osobowe, kt\u00f3re Tw\u00f3j przegl\u0105darki przekazuje na nasz serwer. W tym przypadku dane s\u0105 niezb\u0119dne do wy\u015bwietlenia naszej strony internetowej i s\u0105 technicznie niezb\u0119dne do zapewnienia jej stabilno\u015bci i bezpiecze\u0144stwa:<\/p>\n<ul>\n<li>Adres IP<\/li>\n<li>Data i czas zapytania<\/li>\n<li>R\u00f3\u017cnica stref czasowych wzgl\u0119dem czasu Greenwich (GMT)<\/li>\n<li>Zawarto\u015b\u0107 zapytania (konkretna strona)<\/li>\n<li>Status dost\u0119pu \/ kod stanu HTTP<\/li>\n<li>Ilo\u015b\u0107 przes\u0142anych danych<\/li>\n<li>Strona internetowa, z kt\u00f3rej pochodzi zapytanie<\/li>\n<li>Przegl\u0105darka<\/li>\n<li>System operacyjny i interfejs internetowy<\/li>\n<li>J\u0119zyk i wersja oprogramowania przegl\u0105darki<\/li>\n<\/ul>\n<p>Dane te s\u0105 przechowywane przez tydzie\u0144 i automatycznie usuwane, z wyj\u0105tkiem adresu IP, kt\u00f3ry jest przechowywany przez miesi\u0105c w celu retrospektywnego \u015bledzenia w przypadkach cyberatak\u00f3w na nasz system.<\/p>\n<p>Dodatkowo, podczas korzystania z naszej strony internetowej na Twoim urz\u0105dzeniu b\u0119d\u0105 przechowywane tzw. pliki cookies, je\u015bli wyrazisz na to zgod\u0119. Cookies to ma\u0142e pliki tekstowe, kt\u00f3re s\u0105 przechowywane w okre\u015blonym folderze w Twojej przegl\u0105darce na Twoim urz\u0105dzeniu, w kt\u00f3rych przechowywane s\u0105 okre\u015blone informacje. Cookies nie pozwalaj\u0105 na uruchomienie programu ani instalacj\u0119 wirus\u00f3w na Twoim urz\u0105dzeniu. S\u0142u\u017c\u0105 one do uczynienia naszej strony internetowej bardziej przyjazn\u0105 i efektywn\u0105 dla u\u017cytkownika.<\/p>\n<p>Nasza strona internetowa u\u017cywa nast\u0119puj\u0105cych typ\u00f3w plik\u00f3w cookies, kt\u00f3rych cel i funkcje zostan\u0105 opisane poni\u017cej:<\/p>\n<ul>\n<li>Tymczasowe pliki cookies (zob. a)<\/li>\n<li>Sta\u0142e pliki cookies (zob. b)<\/li>\n<\/ul>\n<p>a) Tymczasowe pliki cookies s\u0105 automatycznie usuwane po zamkni\u0119ciu przegl\u0105darki. W szczeg\u00f3lno\u015bci obejmuj\u0105 one pliki cookies sesji. Przechowuj\u0105 one tzw. identyfikator sesji, kt\u00f3ry pozwala na rozpoznanie Twojej przegl\u0105darki podczas jednej sesji. Pliki cookies sesji s\u0105 usuwane po wylogowaniu si\u0119 lub zamkni\u0119ciu przegl\u0105darki.<\/p>\n<p>b) Sta\u0142e pliki cookies s\u0105 automatycznie usuwane po okre\u015blonym czasie, kt\u00f3ry jest ustalany indywidualnie dla ka\u017cdego pliku cookie. Mo\u017cesz r\u0119cznie usun\u0105\u0107 pliki cookies w dowolnym momencie, korzystaj\u0105c z opcji konfiguracji bezpiecze\u0144stwa swojej przegl\u0105darki.<\/p>\n<p>Mo\u017cesz skonfigurowa\u0107 swoj\u0105 przegl\u0105dark\u0119 wed\u0142ug w\u0142asnego uznania i np. odm\u00f3wi\u0107 przyj\u0119cia plik\u00f3w cookies okre\u015blonych producent\u00f3w lub odm\u00f3wi\u0107 przyj\u0119cia wszystkich plik\u00f3w cookies. Pami\u0119taj, \u017ce mo\u017ce to ograniczy\u0107 funkcjonalno\u015b\u0107 naszej strony internetowej.<\/p>\n<p>Pliki Flash cookies s\u0105 przechowywane nie przez Twoj\u0105 przegl\u0105dark\u0119, ale przez wtyczk\u0119 Flash. U\u017cywamy tak\u017ce obiekt\u00f3w przechowywania HTML5, kt\u00f3re s\u0105 przechowywane na Twoim urz\u0105dzeniu. Te obiekty przechowuj\u0105 dane niezale\u017cnie od u\u017cywanej przegl\u0105darki i nie maj\u0105 automatycznej daty wyga\u015bni\u0119cia. Je\u015bli nie chcesz u\u017cywa\u0107 plik\u00f3w Flash cookies na swoim urz\u0105dzeniu, musisz zainstalowa\u0107 odpowiednie oprogramowanie dodatkowe, takie jak &#8220;Cookiebro&#8221; dla Mozilla Firefox (https:\/\/addons.mozilla.org\/de\/firefox\/addon\/cookiebro\/) lub &#8220;Adobe Flash Cookie Killer&#8221; dla Google Chrome. Mo\u017cesz zapobiec u\u017cywaniu obiekt\u00f3w przechowywania HTML5, otwieraj\u0105c nasz\u0105 stron\u0119 w oknie prywatnym swojej przegl\u0105darki. Zalecamy okresowe usuwanie plik\u00f3w cookies i historii przegl\u0105darki.<\/p>\n<h2>4. Dodatkowe funkcje i mo\u017cliwo\u015bci naszej strony<\/h2>\n<p>Opr\u00f3cz korzystania z naszej strony internetowej do cel\u00f3w informacyjnych, oferujemy r\u00f3\u017cne us\u0142ugi, kt\u00f3re mo\u017cesz wykorzysta\u0107 wed\u0142ug w\u0142asnego uznania. Zazwyczaj musisz poda\u0107 dodatkowe dane osobowe, kt\u00f3re wykorzystujemy do \u015bwiadczenia odpowiedniej us\u0142ugi i dla kt\u00f3rych obowi\u0105zuj\u0105 wspomniane powy\u017cej zasady ochrony danych.<\/p>\n","protected":false},"excerpt":{"rendered":"<p>Polityka prywatno\u015bci 1. Informacje dotycz\u0105ce zbierania danych osobowych Poni\u017cej znajduj\u0105 si\u0119 informacje dotycz\u0105ce zbierania danych osobowych podczas korzystania z naszej strony internetowej. Dane osobowe to wszelkie informacje odnosz\u0105ce si\u0119 do osoby fizycznej, takie jak imi\u0119, adres, adresy e-mail i zachowanie u\u017cytkownika. Je\u015bli skontaktujesz si\u0119 z nami za po\u015brednictwem poczty elektronicznej lub u\u017cyjesz naszego formularza kontaktowego, &hellip; <\/p>\n<p class=\"link-more\"><a href=\"https:\/\/feetglide.com\/pl\/privacy-policy\/\" class=\"more-link\">Kontynuuj czytanie<span class=\"screen-reader-text\"> &#8220;Polityka prywatno\u015bci&#8221;<\/span><\/a><\/p>\n","protected":false},"author":1,"featured_media":0,"parent":0,"menu_order":0,"comment_status":"closed","ping_status":"closed","template":"","meta":{"footnotes":""},"class_list":["post-3","page","type-page","status-publish","hentry"],"translation":{"provider":"WPGlobus","version":"2.8.2","language":"pl","enabled_languages":["en","pl","ru","uk","ua"],"languages":{"en":{"title":true,"content":true,"excerpt":false},"pl":{"title":true,"content":true,"excerpt":false},"ru":{"title":true,"content":true,"excerpt":false},"uk":{"title":true,"content":true,"excerpt":false},"ua":{"title":true,"content":true,"excerpt":false}}},"yoast_head":"<!-- This site is optimized with the Yoast SEO plugin v23.5 - https:\/\/yoast.com\/wordpress\/plugins\/seo\/ -->\n<title>Polityka prywatno\u015bci - Informacje o gromadzeniu danych osobowych - feetglide.com<\/title>\n<meta name=\"description\" content=\"Poni\u017cej przedstawiamy informacje dotycz\u0105ce gromadzenia danych osobowych podczas korzystania z naszej strony internetowej. Dane osobowe oznaczaj\u0105 wszelkie dane, kt\u00f3re konkretnie Ci\u0119 dotycz\u0105, np. G. Twoje imi\u0119 i nazwisko, adres, adresy e-mail i zachowanie u\u017cytkownika.\" \/>\n<meta name=\"robots\" content=\"index, follow, max-snippet:-1, max-image-preview:large, max-video-preview:-1\" \/>\n<link rel=\"canonical\" href=\"https:\/\/feetglide.com\/pl\/privacy-policy\/\" \/>\n<meta property=\"og:locale\" content=\"pl_PL\" \/>\n<meta property=\"og:type\" content=\"article\" \/>\n<meta property=\"og:title\" content=\"Polityka prywatno\u015bci - FeetGlide\" \/>\n<meta property=\"og:description\" content=\"Poni\u017cej przedstawiamy informacje dotycz\u0105ce gromadzenia danych osobowych podczas korzystania z naszej strony internetowej. Dane osobowe oznaczaj\u0105 wszelkie dane, kt\u00f3re konkretnie Ci\u0119 dotycz\u0105, np. G. Twoje imi\u0119 i nazwisko, adres, adresy e-mail i zachowanie u\u017cytkownika.\" \/>\n<meta property=\"og:url\" content=\"https:\/\/feetglide.com\/pl\/privacy-policy\/\" \/>\n<meta property=\"og:site_name\" content=\"FeetGlide\" \/>\n<meta property=\"article:modified_time\" content=\"2024-06-29T09:37:23+00:00\" \/>\n<meta property=\"og:image\" content=\"https:\/\/feetglide.com\/wp-content\/uploads\/icons\/privacy-policy.svg\" \/>\n<meta name=\"twitter:card\" content=\"summary_large_image\" \/>\n<meta name=\"twitter:label1\" content=\"Szacowany czas czytania\" \/>\n\t<meta name=\"twitter:data1\" content=\"3 minuty\" \/>\n<script type=\"application\/ld+json\" class=\"yoast-schema-graph\">{\"@context\":\"https:\/\/schema.org\",\"@graph\":[{\"@type\":\"WebPage\",\"@id\":\"https:\/\/feetglide.com\/pl\/privacy-policy\/\",\"url\":\"https:\/\/feetglide.com\/pl\/privacy-policy\/\",\"name\":\"\u041f\u043e\u043b\u0438\u0442\u0438\u043a\u0430 \u043a\u043e\u043d\u0444\u0438\u0434\u0435\u043d\u0446\u0438\u0430\u043b\u044c\u043d\u043e\u0441\u0442\u0438 - \u0438\u043d\u0444\u043e\u0440\u043c\u0430\u0446\u0438\u044f \u043e \u0441\u0431\u043e\u0440\u0435 \u043f\u0435\u0440\u0441\u043e\u043d\u0430\u043b\u044c\u043d\u044b\u0445 \u0434\u0430\u043d\u043d\u044b\u0445 \u0432 \u0423\u043a\u0440\u0430\u0438\u043d\u0435 - feetglide.com\",\"isPartOf\":{\"@id\":\"https:\/\/feetglide.com\/pl\/#website\"},\"primaryImageOfPage\":{\"@id\":\"https:\/\/feetglide.com\/pl\/privacy-policy\/#primaryimage\"},\"image\":{\"@id\":\"https:\/\/feetglide.com\/pl\/privacy-policy\/#primaryimage\"},\"thumbnailUrl\":\"https:\/\/feetglide.com\/pl\/wp-content\/uploads\/icons\/privacy-policy.svg\",\"datePublished\":\"2020-09-25T08:06:16+00:00\",\"dateModified\":\"2024-06-29T09:37:23+00:00\",\"description\":\"Poni\u017cej przedstawiamy informacje dotycz\u0105ce gromadzenia danych osobowych podczas korzystania z naszej strony internetowej. Dane osobowe oznaczaj\u0105 wszelkie dane, kt\u00f3re konkretnie Ci\u0119 dotycz\u0105, np. G. Twoje imi\u0119 i nazwisko, adres, adresy e-mail i zachowanie u\u017cytkownika.\",\"breadcrumb\":{\"@id\":\"https:\/\/feetglide.com\/pl\/privacy-policy\/#breadcrumb\"},\"inLanguage\":\"pl-PL\",\"potentialAction\":[{\"@type\":\"ReadAction\",\"target\":[\"https:\/\/feetglide.com\/pl\/privacy-policy\/\"]}]},{\"@type\":\"ImageObject\",\"inLanguage\":\"pl-PL\",\"@id\":\"https:\/\/feetglide.com\/pl\/privacy-policy\/#primaryimage\",\"url\":\"https:\/\/feetglide.com\/pl\/wp-content\/uploads\/icons\/privacy-policy.svg\",\"contentUrl\":\"https:\/\/feetglide.com\/pl\/wp-content\/uploads\/icons\/privacy-policy.svg\"},{\"@type\":\"BreadcrumbList\",\"@id\":\"https:\/\/feetglide.com\/pl\/privacy-policy\/#breadcrumb\",\"itemListElement\":[{\"@type\":\"ListItem\",\"position\":1,\"name\":\"FeetGlide\",\"item\":\"https:\/\/feetglide.com\/\"},{\"@type\":\"ListItem\",\"position\":2,\"name\":\"\u041f\u043e\u043b\u0438\u0442\u0438\u043a\u0430 \u043a\u043e\u043d\u0444\u0438\u0434\u0435\u043d\u0446\u0438\u0430\u043b\u044c\u043d\u043e\u0441\u0442\u0438\"}]},{\"@type\":\"WebSite\",\"@id\":\"https:\/\/feetglide.com\/pl\/#website\",\"url\":\"https:\/\/feetglide.com\/pl\/\",\"name\":\"FeetGlide\",\"description\":\"\",\"publisher\":{\"@id\":\"https:\/\/feetglide.com\/pl\/#organization\"},\"potentialAction\":[{\"@type\":\"SearchAction\",\"target\":{\"@type\":\"EntryPoint\",\"urlTemplate\":\"https:\/\/feetglide.com\/pl\/?s={search_term_string}\"},\"query-input\":{\"@type\":\"PropertyValueSpecification\",\"valueRequired\":true,\"valueName\":\"search_term_string\"}}],\"inLanguage\":\"pl-PL\"},{\"@type\":\"Organization\",\"@id\":\"https:\/\/feetglide.com\/pl\/#organization\",\"name\":\"FeetGlide\",\"url\":\"https:\/\/feetglide.com\/pl\/\",\"logo\":{\"@type\":\"ImageObject\",\"inLanguage\":\"pl-PL\",\"@id\":\"https:\/\/feetglide.com\/pl\/#\/schema\/logo\/image\/\",\"url\":\"https:\/\/feetglide.com\/pl\/wp-content\/uploads\/2020\/12\/logo.png\",\"contentUrl\":\"https:\/\/feetglide.com\/pl\/wp-content\/uploads\/2020\/12\/logo.png\",\"width\":288,\"height\":58,\"caption\":\"FeetGlide\"},\"image\":{\"@id\":\"https:\/\/feetglide.com\/pl\/#\/schema\/logo\/image\/\"}}]}<\/script>\n<!-- \/ Yoast SEO plugin. -->","yoast_head_json":{"title":"Polityka prywatno\u015bci - Informacje o gromadzeniu danych osobowych - feetglide.com","description":"Poni\u017cej przedstawiamy informacje dotycz\u0105ce gromadzenia danych osobowych podczas korzystania z naszej strony internetowej. Dane osobowe oznaczaj\u0105 wszelkie dane, kt\u00f3re konkretnie Ci\u0119 dotycz\u0105, np. G. Twoje imi\u0119 i nazwisko, adres, adresy e-mail i zachowanie u\u017cytkownika.","robots":{"index":"index","follow":"follow","max-snippet":"max-snippet:-1","max-image-preview":"max-image-preview:large","max-video-preview":"max-video-preview:-1"},"canonical":"https:\/\/feetglide.com\/pl\/privacy-policy\/","og_locale":"pl_PL","og_type":"article","og_title":"Polityka prywatno\u015bci - FeetGlide","og_description":"Poni\u017cej przedstawiamy informacje dotycz\u0105ce gromadzenia danych osobowych podczas korzystania z naszej strony internetowej. Dane osobowe oznaczaj\u0105 wszelkie dane, kt\u00f3re konkretnie Ci\u0119 dotycz\u0105, np. G. Twoje imi\u0119 i nazwisko, adres, adresy e-mail i zachowanie u\u017cytkownika.","og_url":"https:\/\/feetglide.com\/pl\/privacy-policy\/","og_site_name":"FeetGlide","article_modified_time":"2024-06-29T09:37:23+00:00","og_image":[{"url":"https:\/\/feetglide.com\/wp-content\/uploads\/icons\/privacy-policy.svg"}],"twitter_card":"summary_large_image","twitter_misc":{"Szacowany czas czytania":"3 minuty"},"schema":{"@context":"https:\/\/schema.org","@graph":[{"@type":"WebPage","@id":"https:\/\/feetglide.com\/pl\/privacy-policy\/","url":"https:\/\/feetglide.com\/pl\/privacy-policy\/","name":"\u041f\u043e\u043b\u0438\u0442\u0438\u043a\u0430 \u043a\u043e\u043d\u0444\u0438\u0434\u0435\u043d\u0446\u0438\u0430\u043b\u044c\u043d\u043e\u0441\u0442\u0438 - \u0438\u043d\u0444\u043e\u0440\u043c\u0430\u0446\u0438\u044f \u043e \u0441\u0431\u043e\u0440\u0435 \u043f\u0435\u0440\u0441\u043e\u043d\u0430\u043b\u044c\u043d\u044b\u0445 \u0434\u0430\u043d\u043d\u044b\u0445 \u0432 \u0423\u043a\u0440\u0430\u0438\u043d\u0435 - feetglide.com","isPartOf":{"@id":"https:\/\/feetglide.com\/pl\/#website"},"primaryImageOfPage":{"@id":"https:\/\/feetglide.com\/pl\/privacy-policy\/#primaryimage"},"image":{"@id":"https:\/\/feetglide.com\/pl\/privacy-policy\/#primaryimage"},"thumbnailUrl":"https:\/\/feetglide.com\/pl\/wp-content\/uploads\/icons\/privacy-policy.svg","datePublished":"2020-09-25T08:06:16+00:00","dateModified":"2024-06-29T09:37:23+00:00","description":"Poni\u017cej przedstawiamy informacje dotycz\u0105ce gromadzenia danych osobowych podczas korzystania z naszej strony internetowej. Dane osobowe oznaczaj\u0105 wszelkie dane, kt\u00f3re konkretnie Ci\u0119 dotycz\u0105, np. G. Twoje imi\u0119 i nazwisko, adres, adresy e-mail i zachowanie u\u017cytkownika.","breadcrumb":{"@id":"https:\/\/feetglide.com\/pl\/privacy-policy\/#breadcrumb"},"inLanguage":"pl-PL","potentialAction":[{"@type":"ReadAction","target":["https:\/\/feetglide.com\/pl\/privacy-policy\/"]}]},{"@type":"ImageObject","inLanguage":"pl-PL","@id":"https:\/\/feetglide.com\/pl\/privacy-policy\/#primaryimage","url":"https:\/\/feetglide.com\/pl\/wp-content\/uploads\/icons\/privacy-policy.svg","contentUrl":"https:\/\/feetglide.com\/pl\/wp-content\/uploads\/icons\/privacy-policy.svg"},{"@type":"BreadcrumbList","@id":"https:\/\/feetglide.com\/pl\/privacy-policy\/#breadcrumb","itemListElement":[{"@type":"ListItem","position":1,"name":"FeetGlide","item":"https:\/\/feetglide.com\/"},{"@type":"ListItem","position":2,"name":"\u041f\u043e\u043b\u0438\u0442\u0438\u043a\u0430 \u043a\u043e\u043d\u0444\u0438\u0434\u0435\u043d\u0446\u0438\u0430\u043b\u044c\u043d\u043e\u0441\u0442\u0438"}]},{"@type":"WebSite","@id":"https:\/\/feetglide.com\/pl\/#website","url":"https:\/\/feetglide.com\/pl\/","name":"FeetGlide","description":"","publisher":{"@id":"https:\/\/feetglide.com\/pl\/#organization"},"potentialAction":[{"@type":"SearchAction","target":{"@type":"EntryPoint","urlTemplate":"https:\/\/feetglide.com\/pl\/?s={search_term_string}"},"query-input":{"@type":"PropertyValueSpecification","valueRequired":true,"valueName":"search_term_string"}}],"inLanguage":"pl-PL"},{"@type":"Organization","@id":"https:\/\/feetglide.com\/pl\/#organization","name":"FeetGlide","url":"https:\/\/feetglide.com\/pl\/","logo":{"@type":"ImageObject","inLanguage":"pl-PL","@id":"https:\/\/feetglide.com\/pl\/#\/schema\/logo\/image\/","url":"https:\/\/feetglide.com\/pl\/wp-content\/uploads\/2020\/12\/logo.png","contentUrl":"https:\/\/feetglide.com\/pl\/wp-content\/uploads\/2020\/12\/logo.png","width":288,"height":58,"caption":"FeetGlide"},"image":{"@id":"https:\/\/feetglide.com\/pl\/#\/schema\/logo\/image\/"}}]}},"_links":{"self":[{"href":"https:\/\/feetglide.com\/pl\/wp-json\/wp\/v2\/pages\/3"}],"collection":[{"href":"https:\/\/feetglide.com\/pl\/wp-json\/wp\/v2\/pages"}],"about":[{"href":"https:\/\/feetglide.com\/pl\/wp-json\/wp\/v2\/types\/page"}],"author":[{"embeddable":true,"href":"https:\/\/feetglide.com\/pl\/wp-json\/wp\/v2\/users\/1"}],"replies":[{"embeddable":true,"href":"https:\/\/feetglide.com\/pl\/wp-json\/wp\/v2\/comments?post=3"}],"version-history":[{"count":29,"href":"https:\/\/feetglide.com\/pl\/wp-json\/wp\/v2\/pages\/3\/revisions"}],"predecessor-version":[{"id":1736,"href":"https:\/\/feetglide.com\/pl\/wp-json\/wp\/v2\/pages\/3\/revisions\/1736"}],"wp:attachment":[{"href":"https:\/\/feetglide.com\/pl\/wp-json\/wp\/v2\/media?parent=3"}],"curies":[{"name":"wp","href":"https:\/\/api.w.org\/{rel}","templated":true}]}}