{"id":1436,"date":"2021-03-28T09:57:52","date_gmt":"2021-03-28T06:57:52","guid":{"rendered":"https:\/\/feetglide.com\/?page_id=1436"},"modified":"2024-06-29T12:40:22","modified_gmt":"2024-06-29T09:40:22","slug":"service","status":"publish","type":"page","link":"https:\/\/feetglide.com\/pl\/service\/","title":{"rendered":"Serwis"},"content":{"rendered":"\n<style>\n.entry-content * {font-family: \"VoxRoundWide\",sans serif !important;}\n.page .entry-content h1 {padding-bottom:17px;margin-bottom:8px;border-bottom:1px solid #f26a22;}\n.entry-content h1, .entry-content figure {text-align:center;}\n.entry-content figure {display:inline-block; margin:0 17px 0 0;}\n.page .entry-content h2 {font-size:1.375rem;}\n@media (max-width:992px){.entry-content figure {display:block;margin:0;}}\n<\/style>\n<h1><figure class=\"wp-block-image size-large\"><img loading=\"lazy\" decoding=\"async\" src=\"https:\/\/feetglide.com\/wp-content\/uploads\/icons\/service.svg\" alt=\"Serwis\" width=\"91\" height=\"90\"><\/figure> Serwis<\/h1>\n<p>Dok\u0142adamy wszelkich stara\u0144, aby jako\u015b\u0107 naszych produkt\u00f3w i naszych us\u0142ug by\u0142a zawsze na najwy\u017cszym poziomie. Jednak nikt nie jest ca\u0142kowicie zabezpieczony przed drobnymi b\u0142\u0119dami.<\/p>\n<p>W przypadku, gdy napotkasz:<\/p>\n<ul>\n<li>jakikolwiek defekt w otrzymanym produkcie<\/li>\n<li>niezgodno\u015b\u0107 produktu z informacjami podanymi na naszej stronie internetowej<\/li>\n<li>niew\u0142a\u015bciwie skompletowane zam\u00f3wienie<\/li>\n<li>b\u0142\u0105d w danych wysy\u0142ki<\/li>\n<\/ul>\n<p>Zdecydowanie prosimy o poinformowanie nas o tym za po\u015brednictwem formularza <a href=\"https:\/\/feetglide.com\/pl\/contacts\/\">kontaktowego<\/a> lub w inny dogodny dla Ciebie spos\u00f3b.<\/p>\n<p>Postaramy si\u0119 rozwi\u0105za\u0107 problem tak szybko, jak to mo\u017cliwe.<\/p>\n","protected":false},"excerpt":{"rendered":"<p>Serwis Dok\u0142adamy wszelkich stara\u0144, aby jako\u015b\u0107 naszych produkt\u00f3w i naszych us\u0142ug by\u0142a zawsze na najwy\u017cszym poziomie. Jednak nikt nie jest ca\u0142kowicie zabezpieczony przed drobnymi b\u0142\u0119dami. W przypadku, gdy napotkasz: jakikolwiek defekt w otrzymanym produkcie niezgodno\u015b\u0107 produktu z informacjami podanymi na naszej stronie internetowej niew\u0142a\u015bciwie skompletowane zam\u00f3wienie b\u0142\u0105d w danych wysy\u0142ki Zdecydowanie prosimy o poinformowanie nas &hellip; <\/p>\n<p class=\"link-more\"><a href=\"https:\/\/feetglide.com\/pl\/service\/\" class=\"more-link\">Kontynuuj czytanie<span class=\"screen-reader-text\"> &#8220;Serwis&#8221;<\/span><\/a><\/p>\n","protected":false},"author":3,"featured_media":0,"parent":0,"menu_order":0,"comment_status":"closed","ping_status":"closed","template":"","meta":{"footnotes":""},"class_list":["post-1436","page","type-page","status-publish","hentry"],"translation":{"provider":"WPGlobus","version":"2.8.2","language":"pl","enabled_languages":["en","pl","ru","uk","ua"],"languages":{"en":{"title":true,"content":true,"excerpt":false},"pl":{"title":true,"content":true,"excerpt":false},"ru":{"title":true,"content":true,"excerpt":false},"uk":{"title":true,"content":true,"excerpt":false},"ua":{"title":true,"content":true,"excerpt":false}}},"yoast_head":"<!-- This site is optimized with the Yoast SEO plugin v23.5 - https:\/\/yoast.com\/wordpress\/plugins\/seo\/ -->\n<title>Serwis - postaramy si\u0119 jak najszybciej rozwi\u0105za\u0107 problem - feetglide.com<\/title>\n<meta name=\"description\" content=\"Dok\u0142adamy wszelkich stara\u0144, aby jako\u015b\u0107 naszych produkt\u00f3w i obs\u0142ugi by\u0142a zawsze na najwy\u017cszym poziomie. Ale nikt nie mo\u017ce by\u0107 ca\u0142kowicie odporny na irytuj\u0105ce b\u0142\u0119dy - feetglide.com\" \/>\n<meta name=\"robots\" content=\"index, follow, max-snippet:-1, max-image-preview:large, max-video-preview:-1\" \/>\n<link rel=\"canonical\" href=\"https:\/\/feetglide.com\/pl\/service\/\" \/>\n<meta property=\"og:locale\" content=\"pl_PL\" \/>\n<meta property=\"og:type\" content=\"article\" \/>\n<meta property=\"og:title\" content=\"Serwis - FeetGlide\" \/>\n<meta property=\"og:description\" content=\"Dok\u0142adamy wszelkich stara\u0144, aby jako\u015b\u0107 naszych produkt\u00f3w i obs\u0142ugi by\u0142a zawsze na najwy\u017cszym poziomie. Ale nikt nie mo\u017ce by\u0107 ca\u0142kowicie odporny na irytuj\u0105ce b\u0142\u0119dy - feetglide.com\" \/>\n<meta property=\"og:url\" content=\"https:\/\/feetglide.com\/pl\/service\/\" \/>\n<meta property=\"og:site_name\" content=\"FeetGlide\" \/>\n<meta property=\"article:modified_time\" content=\"2024-06-29T09:40:22+00:00\" \/>\n<meta property=\"og:image\" content=\"https:\/\/feetglide.com\/wp-content\/uploads\/icons\/service.svg\" \/>\n<meta name=\"twitter:card\" content=\"summary_large_image\" \/>\n<meta name=\"twitter:label1\" content=\"Szacowany czas czytania\" \/>\n\t<meta name=\"twitter:data1\" content=\"1 minuta\" \/>\n<script type=\"application\/ld+json\" class=\"yoast-schema-graph\">{\"@context\":\"https:\/\/schema.org\",\"@graph\":[{\"@type\":\"WebPage\",\"@id\":\"https:\/\/feetglide.com\/pl\/service\/\",\"url\":\"https:\/\/feetglide.com\/pl\/service\/\",\"name\":\"Service - we\u2019ll try to resolve the issue as soon as possible - feetglide.com\",\"isPartOf\":{\"@id\":\"https:\/\/feetglide.com\/pl\/#website\"},\"primaryImageOfPage\":{\"@id\":\"https:\/\/feetglide.com\/pl\/service\/#primaryimage\"},\"image\":{\"@id\":\"https:\/\/feetglide.com\/pl\/service\/#primaryimage\"},\"thumbnailUrl\":\"https:\/\/feetglide.com\/pl\/wp-content\/uploads\/icons\/service.svg\",\"datePublished\":\"2021-03-28T06:57:52+00:00\",\"dateModified\":\"2024-06-29T09:40:22+00:00\",\"description\":\"We make every effort to ensure that the quality of our products and our service is always at its best. But no one can be completely immune from annoying mistakes - feetglide.com\",\"breadcrumb\":{\"@id\":\"https:\/\/feetglide.com\/pl\/service\/#breadcrumb\"},\"inLanguage\":\"pl-PL\",\"potentialAction\":[{\"@type\":\"ReadAction\",\"target\":[\"https:\/\/feetglide.com\/pl\/service\/\"]}]},{\"@type\":\"ImageObject\",\"inLanguage\":\"pl-PL\",\"@id\":\"https:\/\/feetglide.com\/pl\/service\/#primaryimage\",\"url\":\"https:\/\/feetglide.com\/pl\/wp-content\/uploads\/icons\/service.svg\",\"contentUrl\":\"https:\/\/feetglide.com\/pl\/wp-content\/uploads\/icons\/service.svg\"},{\"@type\":\"BreadcrumbList\",\"@id\":\"https:\/\/feetglide.com\/pl\/service\/#breadcrumb\",\"itemListElement\":[{\"@type\":\"ListItem\",\"position\":1,\"name\":\"FeetGlide\",\"item\":\"https:\/\/feetglide.com\/\"},{\"@type\":\"ListItem\",\"position\":2,\"name\":\"Service\"}]},{\"@type\":\"WebSite\",\"@id\":\"https:\/\/feetglide.com\/pl\/#website\",\"url\":\"https:\/\/feetglide.com\/pl\/\",\"name\":\"FeetGlide\",\"description\":\"\",\"publisher\":{\"@id\":\"https:\/\/feetglide.com\/pl\/#organization\"},\"potentialAction\":[{\"@type\":\"SearchAction\",\"target\":{\"@type\":\"EntryPoint\",\"urlTemplate\":\"https:\/\/feetglide.com\/pl\/?s={search_term_string}\"},\"query-input\":{\"@type\":\"PropertyValueSpecification\",\"valueRequired\":true,\"valueName\":\"search_term_string\"}}],\"inLanguage\":\"pl-PL\"},{\"@type\":\"Organization\",\"@id\":\"https:\/\/feetglide.com\/pl\/#organization\",\"name\":\"FeetGlide\",\"url\":\"https:\/\/feetglide.com\/pl\/\",\"logo\":{\"@type\":\"ImageObject\",\"inLanguage\":\"pl-PL\",\"@id\":\"https:\/\/feetglide.com\/pl\/#\/schema\/logo\/image\/\",\"url\":\"https:\/\/feetglide.com\/pl\/wp-content\/uploads\/2020\/12\/logo.png\",\"contentUrl\":\"https:\/\/feetglide.com\/pl\/wp-content\/uploads\/2020\/12\/logo.png\",\"width\":288,\"height\":58,\"caption\":\"FeetGlide\"},\"image\":{\"@id\":\"https:\/\/feetglide.com\/pl\/#\/schema\/logo\/image\/\"}}]}<\/script>\n<!-- \/ Yoast SEO plugin. -->","yoast_head_json":{"title":"Serwis - postaramy si\u0119 jak najszybciej rozwi\u0105za\u0107 problem - feetglide.com","description":"Dok\u0142adamy wszelkich stara\u0144, aby jako\u015b\u0107 naszych produkt\u00f3w i obs\u0142ugi by\u0142a zawsze na najwy\u017cszym poziomie. Ale nikt nie mo\u017ce by\u0107 ca\u0142kowicie odporny na irytuj\u0105ce b\u0142\u0119dy - feetglide.com","robots":{"index":"index","follow":"follow","max-snippet":"max-snippet:-1","max-image-preview":"max-image-preview:large","max-video-preview":"max-video-preview:-1"},"canonical":"https:\/\/feetglide.com\/pl\/service\/","og_locale":"pl_PL","og_type":"article","og_title":"Serwis - FeetGlide","og_description":"Dok\u0142adamy wszelkich stara\u0144, aby jako\u015b\u0107 naszych produkt\u00f3w i obs\u0142ugi by\u0142a zawsze na najwy\u017cszym poziomie. Ale nikt nie mo\u017ce by\u0107 ca\u0142kowicie odporny na irytuj\u0105ce b\u0142\u0119dy - feetglide.com","og_url":"https:\/\/feetglide.com\/pl\/service\/","og_site_name":"FeetGlide","article_modified_time":"2024-06-29T09:40:22+00:00","og_image":[{"url":"https:\/\/feetglide.com\/wp-content\/uploads\/icons\/service.svg"}],"twitter_card":"summary_large_image","twitter_misc":{"Szacowany czas czytania":"1 minuta"},"schema":{"@context":"https:\/\/schema.org","@graph":[{"@type":"WebPage","@id":"https:\/\/feetglide.com\/pl\/service\/","url":"https:\/\/feetglide.com\/pl\/service\/","name":"Service - we\u2019ll try to resolve the issue as soon as possible - feetglide.com","isPartOf":{"@id":"https:\/\/feetglide.com\/pl\/#website"},"primaryImageOfPage":{"@id":"https:\/\/feetglide.com\/pl\/service\/#primaryimage"},"image":{"@id":"https:\/\/feetglide.com\/pl\/service\/#primaryimage"},"thumbnailUrl":"https:\/\/feetglide.com\/pl\/wp-content\/uploads\/icons\/service.svg","datePublished":"2021-03-28T06:57:52+00:00","dateModified":"2024-06-29T09:40:22+00:00","description":"We make every effort to ensure that the quality of our products and our service is always at its best. But no one can be completely immune from annoying mistakes - feetglide.com","breadcrumb":{"@id":"https:\/\/feetglide.com\/pl\/service\/#breadcrumb"},"inLanguage":"pl-PL","potentialAction":[{"@type":"ReadAction","target":["https:\/\/feetglide.com\/pl\/service\/"]}]},{"@type":"ImageObject","inLanguage":"pl-PL","@id":"https:\/\/feetglide.com\/pl\/service\/#primaryimage","url":"https:\/\/feetglide.com\/pl\/wp-content\/uploads\/icons\/service.svg","contentUrl":"https:\/\/feetglide.com\/pl\/wp-content\/uploads\/icons\/service.svg"},{"@type":"BreadcrumbList","@id":"https:\/\/feetglide.com\/pl\/service\/#breadcrumb","itemListElement":[{"@type":"ListItem","position":1,"name":"FeetGlide","item":"https:\/\/feetglide.com\/"},{"@type":"ListItem","position":2,"name":"Service"}]},{"@type":"WebSite","@id":"https:\/\/feetglide.com\/pl\/#website","url":"https:\/\/feetglide.com\/pl\/","name":"FeetGlide","description":"","publisher":{"@id":"https:\/\/feetglide.com\/pl\/#organization"},"potentialAction":[{"@type":"SearchAction","target":{"@type":"EntryPoint","urlTemplate":"https:\/\/feetglide.com\/pl\/?s={search_term_string}"},"query-input":{"@type":"PropertyValueSpecification","valueRequired":true,"valueName":"search_term_string"}}],"inLanguage":"pl-PL"},{"@type":"Organization","@id":"https:\/\/feetglide.com\/pl\/#organization","name":"FeetGlide","url":"https:\/\/feetglide.com\/pl\/","logo":{"@type":"ImageObject","inLanguage":"pl-PL","@id":"https:\/\/feetglide.com\/pl\/#\/schema\/logo\/image\/","url":"https:\/\/feetglide.com\/pl\/wp-content\/uploads\/2020\/12\/logo.png","contentUrl":"https:\/\/feetglide.com\/pl\/wp-content\/uploads\/2020\/12\/logo.png","width":288,"height":58,"caption":"FeetGlide"},"image":{"@id":"https:\/\/feetglide.com\/pl\/#\/schema\/logo\/image\/"}}]}},"_links":{"self":[{"href":"https:\/\/feetglide.com\/pl\/wp-json\/wp\/v2\/pages\/1436"}],"collection":[{"href":"https:\/\/feetglide.com\/pl\/wp-json\/wp\/v2\/pages"}],"about":[{"href":"https:\/\/feetglide.com\/pl\/wp-json\/wp\/v2\/types\/page"}],"author":[{"embeddable":true,"href":"https:\/\/feetglide.com\/pl\/wp-json\/wp\/v2\/users\/3"}],"replies":[{"embeddable":true,"href":"https:\/\/feetglide.com\/pl\/wp-json\/wp\/v2\/comments?post=1436"}],"version-history":[{"count":11,"href":"https:\/\/feetglide.com\/pl\/wp-json\/wp\/v2\/pages\/1436\/revisions"}],"predecessor-version":[{"id":1729,"href":"https:\/\/feetglide.com\/pl\/wp-json\/wp\/v2\/pages\/1436\/revisions\/1729"}],"wp:attachment":[{"href":"https:\/\/feetglide.com\/pl\/wp-json\/wp\/v2\/media?parent=1436"}],"curies":[{"name":"wp","href":"https:\/\/api.w.org\/{rel}","templated":true}]}}