{"id":1313,"date":"2021-03-09T12:07:06","date_gmt":"2021-03-09T09:07:06","guid":{"rendered":"https:\/\/feetglide.com\/?page_id=1313"},"modified":"2025-10-10T23:05:49","modified_gmt":"2025-10-10T20:05:49","slug":"returns","status":"publish","type":"page","link":"https:\/\/feetglide.com\/pl\/returns\/","title":{"rendered":"Warunki zwrotu"},"content":{"rendered":"\n<style>\n.entry-content * {font-family: \"VoxRoundWide\",sans serif !important;}\n.page .entry-content h1 {padding-bottom:17px;margin-bottom:8px;border-bottom:1px solid #f26a22;}\n.entry-content h1, .entry-content figure {text-align:center;}\n.entry-content figure {display:inline-block; margin:0 17px 0 0;}\n.page .entry-content h2 {font-size:1.375rem;}\n@media (max-width:992px){.entry-content figure {display:block;margin:0;}}\n<\/style>\n<h1><figure class=\"wp-block-image size-large\"><img loading=\"lazy\" decoding=\"async\" src=\"https:\/\/feetglide.com\/wp-content\/uploads\/icons\/refund.svg\" alt=\"Warunki zwrotu\" width=\"99\" height=\"90\"><\/figure> Warunki zwrotu<\/h1>\n<p>Masz prawo odst\u0105pi\u0107 od umowy w ci\u0105gu 14 dni od otrzymania zam\u00f3wienia bez podania przyczyny. Okres na odst\u0105pienie od umowy wynosi 14 dni od momentu, gdy Ty lub osoba trzecia wskazana przez Ciebie jako odbiorca (nieb\u0119d\u0105ca przewo\u017anikiem) obj\u0119\u0142a w posiadanie zam\u00f3wione towary.<\/p>\n<p>Aby zg\u0142osi\u0107 wniosek o zwrot, nale\u017cy wype\u0142ni\u0107 formularz znajduj\u0105cy si\u0119 na dole tej strony lub wys\u0142a\u0107 zapytanie o zwrot na adres e-mail <a href=\"mailto:order@feetglide.com\">order@feetglide.com<\/a>.<\/p>\n<p>Aby dotrzyma\u0107 terminu odst\u0105pienia od umowy, wystarczy, \u017ce wy\u015blesz powiadomienie o ch\u0119ci skorzystania z prawa do zwrotu przed up\u0142ywem 14 dni od otrzymania zam\u00f3wienia.<\/p>\n<p>W przypadku odst\u0105pienia od umowy zwr\u00f3cimy wszystkie otrzymane od Ciebie p\u0142atno\u015bci, w tym koszty dostawy (z wyj\u0105tkiem dodatkowych koszt\u00f3w wynikaj\u0105cych z wyboru innego rodzaju dostawy ni\u017c standardowa dostawa oferowana przez nas). Zwrot p\u0142atno\u015bci zostanie dokonany t\u0105 sam\u0105 metod\u0105, kt\u00f3r\u0105 dokonano p\u0142atno\u015bci za zam\u00f3wienie, bez potr\u0105cania jakichkolwiek op\u0142at finansowych.<\/p>\n<p>Warunkiem zwrotu otrzymanych od Ciebie \u015brodk\u00f3w jest zwrot zam\u00f3wionych towar\u00f3w. Musisz odes\u0142a\u0107 nam towary nie p\u00f3\u017aniej ni\u017c 14 dni od dnia zg\u0142oszenia wniosku o zwrot. Termin zostanie dotrzymany, je\u015bli dokument przewozowy zawiera dat\u0119 przed up\u0142ywem 14-dniowego terminu od dnia zg\u0142oszenia wniosku o zwrot.<\/p>\n<p>Ponosisz bezpo\u015brednie koszty zwi\u0105zane z dostarczeniem zwracanych towar\u00f3w.<\/p>\n<p>Musisz pokry\u0107 ka\u017cd\u0105 utrat\u0119 warto\u015bci towaru tylko wtedy, gdy ta utrata warto\u015bci wynika z obchodzenia si\u0119 z towarem w spos\u00f3b, kt\u00f3ry nie jest konieczny do sprawdzenia charakteru, w\u0142a\u015bciwo\u015bci i funkcjonalno\u015bci towar\u00f3w.<\/p>\n<h2>WA\u017bNE!<\/h2>\n<ul>\n<li>Prosz\u0119 unika\u0107 uszkodze\u0144 i zabrudze\u0144 towaru. Odsy\u0142aj towar w oryginalnym opakowaniu wraz z ca\u0142\u0105 zawarto\u015bci\u0105. Je\u015bli nie masz oryginalnego opakowania, u\u017cyj innego odpowiedniego opakowania, aby zapewni\u0107 odpowiedni\u0105 ochron\u0119 towaru przed uszkodzeniem podczas transportu.<\/li>\n<li>Prosz\u0119 nie odsy\u0142a\u0107 towaru na nasz koszt.<\/li>\n<li>Dane do wysy\u0142ki zwracanego towaru przeka\u017cemy w odpowiedzi na otrzymane zapytanie o zwrot.<\/li>\n<li>Mo\u017cesz anulowa\u0107 zam\u00f3wienie przed jego przekazaniem operatorowi pocztowemu. Je\u015bli zam\u00f3wienie zosta\u0142o z\u0142o\u017cone b\u0142\u0119dnie lub z nieprawid\u0142owymi danymi (produkty, adres dostawy), mo\u017cesz anulowa\u0107 je przed wysy\u0142k\u0105. W takim przypadku zwr\u00f3cimy pe\u0142n\u0105 kwot\u0119, w tym koszty dostawy.<\/p>\n\n<p>Po przekazaniu zam\u00f3wienia operatorowi pocztowemu anulowanie nie jest mo\u017cliwe. W takim przypadku zapoznaj si\u0119 z procedur\u0105 zwrotu towaru.<\/li>\n<\/ul>\n<h2>Formularz zwrotu<\/h2>\n\n\n\n<div class=\"wp-block-contact-form-7-contact-form-selector\"><div role=\"form\" class=\"wpcf7\" id=\"wpcf7-f38573-o1\" lang=\"ru-KZ\" dir=\"ltr\">\n<div class=\"screen-reader-response\"><p role=\"status\" aria-live=\"polite\" aria-atomic=\"true\"><\/p> <ul><\/ul><\/div>\n<form action=\"\/pl\/wp-json\/wp\/v2\/pages\/1313\/#wpcf7-f38573-o1\" method=\"post\" class=\"wpcf7-form init\" novalidate=\"novalidate\" data-status=\"init\">\n<div style=\"display: none;\">\n<input type=\"hidden\" name=\"_wpcf7\" value=\"38573\" \/>\n<input type=\"hidden\" name=\"_wpcf7_version\" value=\"5.4.2\" \/>\n<input type=\"hidden\" name=\"_wpcf7_locale\" value=\"ru_KZ\" \/>\n<input type=\"hidden\" name=\"_wpcf7_unit_tag\" value=\"wpcf7-f38573-o1\" \/>\n<input type=\"hidden\" name=\"_wpcf7_container_post\" value=\"0\" \/>\n<input type=\"hidden\" name=\"_wpcf7_posted_data_hash\" value=\"\" \/>\n<input type=\"hidden\" name=\"_wpcf7_recaptcha_response\" value=\"\" \/>\n<\/div>\n<p><label for=\"refund-text-number\"> Numer zam\u00f3wienia<br \/>\n    <span class=\"wpcf7-form-control-wrap text-number\"><input type=\"text\" name=\"text-number\" value=\"\" size=\"40\" class=\"wpcf7-form-control wpcf7-text wpcf7-validates-as-required\" id=\"refund-text-number\" aria-required=\"true\" aria-invalid=\"false\" \/><\/span> <\/label><\/p>\n<p><label for=\"refund-text-name\"> Imi\u0119<br \/>\n    <span class=\"wpcf7-form-control-wrap text-name\"><input type=\"text\" name=\"text-name\" value=\"\" size=\"40\" class=\"wpcf7-form-control wpcf7-text wpcf7-validates-as-required\" id=\"refund-text-name\" aria-required=\"true\" aria-invalid=\"false\" \/><\/span> <\/label><\/p>\n<p><label for=\"refund-text-surname\"> Nazwisko<br \/>\n    <span class=\"wpcf7-form-control-wrap text-surname\"><input type=\"text\" name=\"text-surname\" value=\"\" size=\"40\" class=\"wpcf7-form-control wpcf7-text wpcf7-validates-as-required\" id=\"refund-text-surname\" aria-required=\"true\" aria-invalid=\"false\" \/><\/span> <\/label><\/p>\n<p><label for=\"refund-email-refund\"> Email<br \/>\n    <span class=\"wpcf7-form-control-wrap email-refund\"><input type=\"email\" name=\"email-refund\" value=\"\" size=\"40\" class=\"wpcf7-form-control wpcf7-text wpcf7-email wpcf7-validates-as-required wpcf7-validates-as-email\" id=\"refund-email-refund\" aria-required=\"true\" aria-invalid=\"false\" \/><\/span> <\/label><\/p>\n<p><label for=\"refund-radio-refund\"> Czy zwracana jest ca\u0142a zawarto\u015b\u0107 zam\u00f3wienia <\/label><br \/>\n<span class=\"wpcf7-form-control-wrap radio-refund\"><span class=\"wpcf7-form-control wpcf7-radio\" id=\"refund-radio-refund\"><span class=\"wpcf7-list-item first\"><label><input type=\"radio\" name=\"radio-refund\" value=\"Tak\" checked=\"checked\" \/><span class=\"wpcf7-list-item-label\">Tak<\/span><\/label><\/span><span class=\"wpcf7-list-item last\"><label><input type=\"radio\" name=\"radio-refund\" value=\"Nie\" \/><span class=\"wpcf7-list-item-label\">Nie<\/span><\/label><\/span><\/span><\/span><\/p>\n<p><label for=\"refund-textarea-refund\"> Komentarz<br \/>\n    <span class=\"wpcf7-form-control-wrap textarea-refund\"><textarea name=\"textarea-refund\" cols=\"40\" rows=\"10\" class=\"wpcf7-form-control wpcf7-textarea\" id=\"refund-textarea-refund\" aria-invalid=\"false\" placeholder=\"Je\u015bli nie zwracasz ca\u0142ej zawarto\u015bci zam\u00f3wienia, podaj, prosz\u0119, kt\u00f3re produkty chcesz zwr\u00f3ci\u0107\"><\/textarea><\/span> <\/label><\/p>\n\n<p><input type=\"submit\" value=\"Wys\u0142a\u0107\" class=\"wpcf7-form-control wpcf7-submit\" \/><\/p>\n<div class=\"wpcf7-response-output\" aria-hidden=\"true\"><\/div><\/form><\/div><\/div>\n","protected":false},"excerpt":{"rendered":"<p>Warunki zwrotu Masz prawo odst\u0105pi\u0107 od umowy w ci\u0105gu 14 dni od otrzymania zam\u00f3wienia bez podania przyczyny. Okres na odst\u0105pienie od umowy wynosi 14 dni od momentu, gdy Ty lub osoba trzecia wskazana przez Ciebie jako odbiorca (nieb\u0119d\u0105ca przewo\u017anikiem) obj\u0119\u0142a w posiadanie zam\u00f3wione towary. Aby zg\u0142osi\u0107 wniosek o zwrot, nale\u017cy wype\u0142ni\u0107 formularz znajduj\u0105cy si\u0119 na &hellip; <\/p>\n<p class=\"link-more\"><a href=\"https:\/\/feetglide.com\/pl\/returns\/\" class=\"more-link\">Kontynuuj czytanie<span class=\"screen-reader-text\"> &#8220;Warunki zwrotu&#8221;<\/span><\/a><\/p>\n","protected":false},"author":3,"featured_media":0,"parent":0,"menu_order":0,"comment_status":"closed","ping_status":"closed","template":"","meta":{"footnotes":""},"class_list":["post-1313","page","type-page","status-publish","hentry"],"translation":{"provider":"WPGlobus","version":"2.8.2","language":"pl","enabled_languages":["en","pl","ru","uk","ua"],"languages":{"en":{"title":true,"content":true,"excerpt":false},"pl":{"title":true,"content":true,"excerpt":false},"ru":{"title":true,"content":true,"excerpt":false},"uk":{"title":true,"content":true,"excerpt":false},"ua":{"title":true,"content":true,"excerpt":false}}},"yoast_head":"<!-- This site is optimized with the Yoast SEO plugin v23.5 - https:\/\/yoast.com\/wordpress\/plugins\/seo\/ -->\n<title>Aby ubiega\u0107 si\u0119 o zwrot pieni\u0119dzy, wype\u0142nij formularz na dole tej strony lub napisz pro\u015bb\u0119 o zwrot na adres zam\u00f3wienie@feetglide.com - feetglide.com<\/title>\n<meta name=\"description\" content=\"Maj\u0105 Pa\u0144stwo prawo odst\u0105pi\u0107 od umowy w terminie 14 dni od otrzymania zam\u00f3wienia bez podania przyczyny. Okres odst\u0105pienia od umowy wynosi 14 dni od momentu, w kt\u00f3rym Ty lub osoba trzecia wyznaczona przez Ciebie jako odbiorca (a nie spedytor) weszli w posiadanie zam\u00f3wionego towaru - feetglide.com\" \/>\n<meta name=\"robots\" content=\"index, follow, max-snippet:-1, max-image-preview:large, max-video-preview:-1\" \/>\n<link rel=\"canonical\" href=\"https:\/\/feetglide.com\/pl\/returns\/\" \/>\n<meta property=\"og:locale\" content=\"pl_PL\" \/>\n<meta property=\"og:type\" content=\"article\" \/>\n<meta property=\"og:title\" content=\"Warunki zwrotu - FeetGlide\" \/>\n<meta property=\"og:description\" content=\"Maj\u0105 Pa\u0144stwo prawo odst\u0105pi\u0107 od umowy w terminie 14 dni od otrzymania zam\u00f3wienia bez podania przyczyny. Okres odst\u0105pienia od umowy wynosi 14 dni od momentu, w kt\u00f3rym Ty lub osoba trzecia wyznaczona przez Ciebie jako odbiorca (a nie spedytor) weszli w posiadanie zam\u00f3wionego towaru - feetglide.com\" \/>\n<meta property=\"og:url\" content=\"https:\/\/feetglide.com\/pl\/returns\/\" \/>\n<meta property=\"og:site_name\" content=\"FeetGlide\" \/>\n<meta property=\"article:modified_time\" content=\"2025-10-10T20:05:49+00:00\" \/>\n<meta property=\"og:image\" content=\"https:\/\/feetglide.com\/wp-content\/uploads\/icons\/refund.svg\" \/>\n<meta name=\"twitter:card\" content=\"summary_large_image\" \/>\n<meta name=\"twitter:label1\" content=\"Szacowany czas czytania\" \/>\n\t<meta name=\"twitter:data1\" content=\"2 minuty\" \/>\n<script type=\"application\/ld+json\" class=\"yoast-schema-graph\">{\"@context\":\"https:\/\/schema.org\",\"@graph\":[{\"@type\":\"WebPage\",\"@id\":\"https:\/\/feetglide.com\/pl\/returns\/\",\"url\":\"https:\/\/feetglide.com\/pl\/returns\/\",\"name\":\"\u0423\u0441\u043b\u043e\u0432\u0438\u044f \u0432\u043e\u0437\u0432\u0440\u0430\u0442\u0430 \u0442\u043e\u0432\u0430\u0440\u0430 \u0432 \u0423\u043a\u0440\u0430\u0438\u043d\u0435: \u0412\u044b \u0438\u043c\u0435\u0435\u0442\u0435 \u043f\u0440\u0430\u0432\u043e \u043e\u0442\u043a\u0430\u0437\u0430\u0442\u044c\u0441\u044f \u043e\u0442 \u0441\u0434\u0435\u043b\u043a\u0438 \u0432 \u0442\u0435\u0447\u0435\u043d\u0438\u0435 14 \u0434\u043d\u0435\u0439 \u0441 \u043c\u043e\u043c\u0435\u043d\u0442\u0430 \u043f\u043e\u043b\u0443\u0447\u0435\u043d\u0438\u044f \u0437\u0430\u043a\u0430\u0437\u0430 \u0431\u0435\u0437 \u043e\u0431\u044a\u044f\u0441\u043d\u0435\u043d\u0438\u044f \u043f\u0440\u0438\u0447\u0438\u043d - feetglide.com\",\"isPartOf\":{\"@id\":\"https:\/\/feetglide.com\/pl\/#website\"},\"primaryImageOfPage\":{\"@id\":\"https:\/\/feetglide.com\/pl\/returns\/#primaryimage\"},\"image\":{\"@id\":\"https:\/\/feetglide.com\/pl\/returns\/#primaryimage\"},\"thumbnailUrl\":\"https:\/\/feetglide.com\/pl\/wp-content\/uploads\/icons\/refund.svg\",\"datePublished\":\"2021-03-09T09:07:06+00:00\",\"dateModified\":\"2025-10-10T20:05:49+00:00\",\"description\":\"\u0421\u0440\u043e\u043a \u0434\u043b\u044f \u043e\u0442\u043c\u0435\u043d\u044b \u0441\u043e\u0441\u0442\u0430\u0432\u043b\u044f\u0435\u0442 14 \u0434\u043d\u0435\u0439 \u0441 \u043c\u043e\u043c\u0435\u043d\u0442\u0430, \u043a\u043e\u0433\u0434\u0430 \u0432\u044b \u0438\u043b\u0438 \u0442\u0440\u0435\u0442\u044c\u0435 \u043b\u0438\u0446\u043e, \u0443\u043a\u0430\u0437\u0430\u043d\u043d\u043e\u0435 \u0432\u0430\u043c\u0438 \u0432 \u043a\u0430\u0447\u0435\u0441\u0442\u0432\u0435 \u043f\u043e\u043b\u0443\u0447\u0430\u0442\u0435\u043b\u044f (\u0438 \u043d\u0435 \u044f\u0432\u043b\u044f\u044e\u0449\u0435\u0435\u0441\u044f \u043f\u0435\u0440\u0435\u0432\u043e\u0437\u0447\u0438\u043a\u043e\u043c), \u0432\u0441\u0442\u0443\u043f\u0438\u043b\u0438 \u0432\u043e \u0432\u043b\u0430\u0434\u0435\u043d\u0438\u0435 \u0437\u0430\u043a\u0430\u0437\u0430\u043d\u043d\u044b\u043c\u0438 \u0442\u043e\u0432\u0430\u0440\u0430\u043c\u0438 - feetglide.com\",\"breadcrumb\":{\"@id\":\"https:\/\/feetglide.com\/pl\/returns\/#breadcrumb\"},\"inLanguage\":\"pl-PL\",\"potentialAction\":[{\"@type\":\"ReadAction\",\"target\":[\"https:\/\/feetglide.com\/pl\/returns\/\"]}]},{\"@type\":\"ImageObject\",\"inLanguage\":\"pl-PL\",\"@id\":\"https:\/\/feetglide.com\/pl\/returns\/#primaryimage\",\"url\":\"https:\/\/feetglide.com\/pl\/wp-content\/uploads\/icons\/refund.svg\",\"contentUrl\":\"https:\/\/feetglide.com\/pl\/wp-content\/uploads\/icons\/refund.svg\"},{\"@type\":\"BreadcrumbList\",\"@id\":\"https:\/\/feetglide.com\/pl\/returns\/#breadcrumb\",\"itemListElement\":[{\"@type\":\"ListItem\",\"position\":1,\"name\":\"FeetGlide\",\"item\":\"https:\/\/feetglide.com\/\"},{\"@type\":\"ListItem\",\"position\":2,\"name\":\"Returns and Refunds\"}]},{\"@type\":\"WebSite\",\"@id\":\"https:\/\/feetglide.com\/pl\/#website\",\"url\":\"https:\/\/feetglide.com\/pl\/\",\"name\":\"FeetGlide\",\"description\":\"\",\"publisher\":{\"@id\":\"https:\/\/feetglide.com\/pl\/#organization\"},\"potentialAction\":[{\"@type\":\"SearchAction\",\"target\":{\"@type\":\"EntryPoint\",\"urlTemplate\":\"https:\/\/feetglide.com\/pl\/?s={search_term_string}\"},\"query-input\":{\"@type\":\"PropertyValueSpecification\",\"valueRequired\":true,\"valueName\":\"search_term_string\"}}],\"inLanguage\":\"pl-PL\"},{\"@type\":\"Organization\",\"@id\":\"https:\/\/feetglide.com\/pl\/#organization\",\"name\":\"FeetGlide\",\"url\":\"https:\/\/feetglide.com\/pl\/\",\"logo\":{\"@type\":\"ImageObject\",\"inLanguage\":\"pl-PL\",\"@id\":\"https:\/\/feetglide.com\/pl\/#\/schema\/logo\/image\/\",\"url\":\"https:\/\/feetglide.com\/pl\/wp-content\/uploads\/2020\/12\/logo.png\",\"contentUrl\":\"https:\/\/feetglide.com\/pl\/wp-content\/uploads\/2020\/12\/logo.png\",\"width\":288,\"height\":58,\"caption\":\"FeetGlide\"},\"image\":{\"@id\":\"https:\/\/feetglide.com\/pl\/#\/schema\/logo\/image\/\"}}]}<\/script>\n<!-- \/ Yoast SEO plugin. -->","yoast_head_json":{"title":"Aby ubiega\u0107 si\u0119 o zwrot pieni\u0119dzy, wype\u0142nij formularz na dole tej strony lub napisz pro\u015bb\u0119 o zwrot na adres zam\u00f3wienie@feetglide.com - feetglide.com","description":"Maj\u0105 Pa\u0144stwo prawo odst\u0105pi\u0107 od umowy w terminie 14 dni od otrzymania zam\u00f3wienia bez podania przyczyny. Okres odst\u0105pienia od umowy wynosi 14 dni od momentu, w kt\u00f3rym Ty lub osoba trzecia wyznaczona przez Ciebie jako odbiorca (a nie spedytor) weszli w posiadanie zam\u00f3wionego towaru - feetglide.com","robots":{"index":"index","follow":"follow","max-snippet":"max-snippet:-1","max-image-preview":"max-image-preview:large","max-video-preview":"max-video-preview:-1"},"canonical":"https:\/\/feetglide.com\/pl\/returns\/","og_locale":"pl_PL","og_type":"article","og_title":"Warunki zwrotu - FeetGlide","og_description":"Maj\u0105 Pa\u0144stwo prawo odst\u0105pi\u0107 od umowy w terminie 14 dni od otrzymania zam\u00f3wienia bez podania przyczyny. Okres odst\u0105pienia od umowy wynosi 14 dni od momentu, w kt\u00f3rym Ty lub osoba trzecia wyznaczona przez Ciebie jako odbiorca (a nie spedytor) weszli w posiadanie zam\u00f3wionego towaru - feetglide.com","og_url":"https:\/\/feetglide.com\/pl\/returns\/","og_site_name":"FeetGlide","article_modified_time":"2025-10-10T20:05:49+00:00","og_image":[{"url":"https:\/\/feetglide.com\/wp-content\/uploads\/icons\/refund.svg"}],"twitter_card":"summary_large_image","twitter_misc":{"Szacowany czas czytania":"2 minuty"},"schema":{"@context":"https:\/\/schema.org","@graph":[{"@type":"WebPage","@id":"https:\/\/feetglide.com\/pl\/returns\/","url":"https:\/\/feetglide.com\/pl\/returns\/","name":"\u0423\u0441\u043b\u043e\u0432\u0438\u044f \u0432\u043e\u0437\u0432\u0440\u0430\u0442\u0430 \u0442\u043e\u0432\u0430\u0440\u0430 \u0432 \u0423\u043a\u0440\u0430\u0438\u043d\u0435: \u0412\u044b \u0438\u043c\u0435\u0435\u0442\u0435 \u043f\u0440\u0430\u0432\u043e \u043e\u0442\u043a\u0430\u0437\u0430\u0442\u044c\u0441\u044f \u043e\u0442 \u0441\u0434\u0435\u043b\u043a\u0438 \u0432 \u0442\u0435\u0447\u0435\u043d\u0438\u0435 14 \u0434\u043d\u0435\u0439 \u0441 \u043c\u043e\u043c\u0435\u043d\u0442\u0430 \u043f\u043e\u043b\u0443\u0447\u0435\u043d\u0438\u044f \u0437\u0430\u043a\u0430\u0437\u0430 \u0431\u0435\u0437 \u043e\u0431\u044a\u044f\u0441\u043d\u0435\u043d\u0438\u044f \u043f\u0440\u0438\u0447\u0438\u043d - feetglide.com","isPartOf":{"@id":"https:\/\/feetglide.com\/pl\/#website"},"primaryImageOfPage":{"@id":"https:\/\/feetglide.com\/pl\/returns\/#primaryimage"},"image":{"@id":"https:\/\/feetglide.com\/pl\/returns\/#primaryimage"},"thumbnailUrl":"https:\/\/feetglide.com\/pl\/wp-content\/uploads\/icons\/refund.svg","datePublished":"2021-03-09T09:07:06+00:00","dateModified":"2025-10-10T20:05:49+00:00","description":"\u0421\u0440\u043e\u043a \u0434\u043b\u044f \u043e\u0442\u043c\u0435\u043d\u044b \u0441\u043e\u0441\u0442\u0430\u0432\u043b\u044f\u0435\u0442 14 \u0434\u043d\u0435\u0439 \u0441 \u043c\u043e\u043c\u0435\u043d\u0442\u0430, \u043a\u043e\u0433\u0434\u0430 \u0432\u044b \u0438\u043b\u0438 \u0442\u0440\u0435\u0442\u044c\u0435 \u043b\u0438\u0446\u043e, \u0443\u043a\u0430\u0437\u0430\u043d\u043d\u043e\u0435 \u0432\u0430\u043c\u0438 \u0432 \u043a\u0430\u0447\u0435\u0441\u0442\u0432\u0435 \u043f\u043e\u043b\u0443\u0447\u0430\u0442\u0435\u043b\u044f (\u0438 \u043d\u0435 \u044f\u0432\u043b\u044f\u044e\u0449\u0435\u0435\u0441\u044f \u043f\u0435\u0440\u0435\u0432\u043e\u0437\u0447\u0438\u043a\u043e\u043c), \u0432\u0441\u0442\u0443\u043f\u0438\u043b\u0438 \u0432\u043e \u0432\u043b\u0430\u0434\u0435\u043d\u0438\u0435 \u0437\u0430\u043a\u0430\u0437\u0430\u043d\u043d\u044b\u043c\u0438 \u0442\u043e\u0432\u0430\u0440\u0430\u043c\u0438 - feetglide.com","breadcrumb":{"@id":"https:\/\/feetglide.com\/pl\/returns\/#breadcrumb"},"inLanguage":"pl-PL","potentialAction":[{"@type":"ReadAction","target":["https:\/\/feetglide.com\/pl\/returns\/"]}]},{"@type":"ImageObject","inLanguage":"pl-PL","@id":"https:\/\/feetglide.com\/pl\/returns\/#primaryimage","url":"https:\/\/feetglide.com\/pl\/wp-content\/uploads\/icons\/refund.svg","contentUrl":"https:\/\/feetglide.com\/pl\/wp-content\/uploads\/icons\/refund.svg"},{"@type":"BreadcrumbList","@id":"https:\/\/feetglide.com\/pl\/returns\/#breadcrumb","itemListElement":[{"@type":"ListItem","position":1,"name":"FeetGlide","item":"https:\/\/feetglide.com\/"},{"@type":"ListItem","position":2,"name":"Returns and Refunds"}]},{"@type":"WebSite","@id":"https:\/\/feetglide.com\/pl\/#website","url":"https:\/\/feetglide.com\/pl\/","name":"FeetGlide","description":"","publisher":{"@id":"https:\/\/feetglide.com\/pl\/#organization"},"potentialAction":[{"@type":"SearchAction","target":{"@type":"EntryPoint","urlTemplate":"https:\/\/feetglide.com\/pl\/?s={search_term_string}"},"query-input":{"@type":"PropertyValueSpecification","valueRequired":true,"valueName":"search_term_string"}}],"inLanguage":"pl-PL"},{"@type":"Organization","@id":"https:\/\/feetglide.com\/pl\/#organization","name":"FeetGlide","url":"https:\/\/feetglide.com\/pl\/","logo":{"@type":"ImageObject","inLanguage":"pl-PL","@id":"https:\/\/feetglide.com\/pl\/#\/schema\/logo\/image\/","url":"https:\/\/feetglide.com\/pl\/wp-content\/uploads\/2020\/12\/logo.png","contentUrl":"https:\/\/feetglide.com\/pl\/wp-content\/uploads\/2020\/12\/logo.png","width":288,"height":58,"caption":"FeetGlide"},"image":{"@id":"https:\/\/feetglide.com\/pl\/#\/schema\/logo\/image\/"}}]}},"_links":{"self":[{"href":"https:\/\/feetglide.com\/pl\/wp-json\/wp\/v2\/pages\/1313"}],"collection":[{"href":"https:\/\/feetglide.com\/pl\/wp-json\/wp\/v2\/pages"}],"about":[{"href":"https:\/\/feetglide.com\/pl\/wp-json\/wp\/v2\/types\/page"}],"author":[{"embeddable":true,"href":"https:\/\/feetglide.com\/pl\/wp-json\/wp\/v2\/users\/3"}],"replies":[{"embeddable":true,"href":"https:\/\/feetglide.com\/pl\/wp-json\/wp\/v2\/comments?post=1313"}],"version-history":[{"count":23,"href":"https:\/\/feetglide.com\/pl\/wp-json\/wp\/v2\/pages\/1313\/revisions"}],"predecessor-version":[{"id":108489,"href":"https:\/\/feetglide.com\/pl\/wp-json\/wp\/v2\/pages\/1313\/revisions\/108489"}],"wp:attachment":[{"href":"https:\/\/feetglide.com\/pl\/wp-json\/wp\/v2\/media?parent=1313"}],"curies":[{"name":"wp","href":"https:\/\/api.w.org\/{rel}","templated":true}]}}