{"id":1304,"date":"2021-03-09T11:21:03","date_gmt":"2021-03-09T08:21:03","guid":{"rendered":"https:\/\/feetglide.com\/?page_id=1304"},"modified":"2024-06-29T12:45:16","modified_gmt":"2024-06-29T09:45:16","slug":"terms-of-use","status":"publish","type":"page","link":"https:\/\/feetglide.com\/pl\/terms-of-use\/","title":{"rendered":"Warunki korzystania"},"content":{"rendered":"\n<style>\n.entry-content * {font-family: \"VoxRoundWide\",sans serif !important;}\n.page .entry-content h1 {padding-bottom:17px;margin-bottom:8px;border-bottom:1px solid #f26a22;}\n.entry-content h1, .entry-content figure {text-align:center;}\n.entry-content figure {display:inline-block; margin:0 17px 0 0;}\n.page .entry-content h2 {font-size:1.375rem;}\n@media (max-width:992px){.entry-content figure {display:block;margin:0;}}\n<\/style>\n<h1><figure class=\"wp-block-image size-large\"><img loading=\"lazy\" decoding=\"async\" src=\"https:\/\/feetglide.com\/wp-content\/uploads\/icons\/terms-of-use.svg\" alt=\"Warunki korzystania\" width=\"81\" height=\"89\"><\/figure> Warunki korzystania<\/h1>\n<h2>1. Umowa u\u017cytkownika<\/h2>\n<p>1.1. Niniejsza umowa u\u017cytkownika (zwana dalej Umow\u0105) stanowi ofert\u0119 warunk\u00f3w korzystania ze strony internetowej https:\/\/feetglide.com\/ (dalej \u2013 Strona) przez Administratora strony i osob\u0119 fizyczn\u0105 (zwan\u0105 dalej U\u017cytkownikiem) oraz reguluje warunki przekazywania przez U\u017cytkownika informacji do korzystania ze Strony.<\/p>\n<p>1.2. U\u017cytkownikiem Strony jest ka\u017cda osoba fizyczna, kt\u00f3ra kiedykolwiek uzyska\u0142a dost\u0119p do Strony, osi\u0105gn\u0119\u0142a wiek, w kt\u00f3rym mo\u017ce zaakceptowa\u0107 niniejsz\u0105 Umow\u0119.<\/p>\n<p>1.3. U\u017cytkownik zobowi\u0105zany jest do zapoznania si\u0119 z niniejsz\u0105 Umow\u0105 przed z\u0142o\u017ceniem zam\u00f3wienia na Stronie. Z\u0142o\u017cenie zam\u00f3wienia przez U\u017cytkownika na Stronie oznacza pe\u0142ne i bezwarunkowe zaakceptowanie niniejszej Umowy. W przypadku niezgody na warunki Umowy, korzystanie ze Strony przez U\u017cytkownika musi zosta\u0107 natychmiast przerwane.<\/p>\n<p>1.4. Niniejsza Umowa mo\u017ce by\u0107 zmieniana i\/lub uzupe\u0142niana przez Administratora Strony jednostronnie, bez specjalnego powiadomienia. Niniejsze zasady s\u0105 otwartym i publicznie dost\u0119pnym dokumentem.<\/p>\n<p>1.5. Umowa przewiduje wzajemne prawa i obowi\u0105zki U\u017cytkownika i Administratora Strony w nast\u0119puj\u0105cych punktach:<\/p>\n<ul>\n<li>Zasady korzystania ze Strony<\/li>\n<li>Polityka prywatno\u015bci<\/li>\n<li>Ograniczenie odpowiedzialno\u015bci Administratora Strony<\/li>\n<li>Zasady obowi\u0105zywania Umowy<\/li>\n<\/ul>\n<h2>2. Zasady korzystania ze Strony<\/h2>\n<p>2.1. Strona pozwala na przegl\u0105danie i pobieranie informacji ze Strony wy\u0142\u0105cznie do u\u017cytku osobistego, niekomercyjnego. Zabrania si\u0119 modyfikowania materia\u0142\u00f3w ze Strony, ich dystrybucji do cel\u00f3w publicznych lub komercyjnych. Wszelkie u\u017cycie informacji na innych stronach internetowych lub w sieciach komputerowych jest zabronione.<\/p>\n<p>2.2. Sk\u0142adaj\u0105c zam\u00f3wienia, zgadzasz si\u0119 poda\u0107 prawdziwe i dok\u0142adne informacje o sobie i swoich danych kontaktowych.<\/p>\n<p>2.3. Mo\u017cesz kontaktowa\u0107 si\u0119 z nami w sprawach pyta\u0144, reklamacji, sugestii dotycz\u0105cych poprawy dzia\u0142ania lub w innych sprawach. Jeste\u015b odpowiedzialny za to, aby zg\u0142oszenie nie by\u0142o nielegalne, gro\u017ane, naruszaj\u0105ce prawa autorskie, dyskryminuj\u0105ce, obra\u017aliwe lub w inny spos\u00f3b naruszaj\u0105ce obowi\u0105zuj\u0105ce prawo.<\/p>\n<h2>3. Prawa i obowi\u0105zki Administratora Strony<\/h2>\n<p>3.1. Administrator Strony ma prawo:<\/p>\n<p>3.1.1. Otrzymywa\u0107 od U\u017cytkownika informacje niezb\u0119dne do korzystania ze Strony.<\/p>\n<p>3.1.2. Zamieszcza\u0107, modyfikowa\u0107 i usuwa\u0107 wszelkie informacje na Stronie.<\/p>\n<p>3.1.3. Publikowa\u0107 wszelkie materia\u0142y i opinie stworzone przez U\u017cytkownika w trakcie \u015bwiadczenia Us\u0142ug, bez \u017cadnych ogranicze\u0144 lub rekompensaty na rzecz U\u017cytkownika.<\/p>\n<p>3.2. Administrator Strony zobowi\u0105zuje si\u0119:<\/p>\n<p>3.2.1. Umo\u017cliwi\u0107 U\u017cytkownikowi dost\u0119p do Strony zgodnie z niniejsz\u0105 Umow\u0105.<\/p>\n<p>3.2.2. Informowa\u0107 U\u017cytkownika o zasadach i wymaganiach korzystania ze Strony.<\/p>\n<h2>4. Prawa i obowi\u0105zki U\u017cytkownika<\/h2>\n<p>4.1. U\u017cytkownik ma prawo:<\/p>\n<p>4.1.1. Uzyska\u0107 dost\u0119p do Strony zgodnie z warunkami niniejszej Umowy.<\/p>\n<p>4.1.2. Otrzymywa\u0107 dodatkowe informacje na temat dzia\u0142ania Strony.<\/p>\n<p>4.2. U\u017cytkownik zobowi\u0105zuje si\u0119:<\/p>\n<p>4.2.1. U\u017cywa\u0107 informacji uzyskanych na Stronie w spos\u00f3b zgodny z prawem.<\/p>\n<p>4.2.2. Powstrzyma\u0107 si\u0119 od dzia\u0142a\u0144, kt\u00f3re:<\/p>\n<ul>\n<li>Mog\u0105 utrudnia\u0107 innym U\u017cytkownikom korzystanie ze Strony;<\/li>\n<li>Mog\u0105 prowadzi\u0107 do nieprawid\u0142owego dzia\u0142ania Strony lub urz\u0105dze\u0144 innych U\u017cytkownik\u00f3w;<\/li>\n<li>Naruszaj\u0105 porz\u0105dek publiczny, w tym obra\u017caj\u0105 innych U\u017cytkownik\u00f3w Strony, u\u017cywaj\u0105 wulgaryzm\u00f3w;<\/li>\n<li>Ubli\u017caj\u0105 honorowi, godno\u015bci, reputacji Administratora Strony, Wykonawc\u00f3w, innych U\u017cytkownik\u00f3w, w tym poprzez publikowanie informacji w Internecie, w prasie, w mailingu lub w inny spos\u00f3b, kt\u00f3ry ma charakter publiczny.<\/li>\n<\/ul>\n<h2>5. Akceptacja Umowy<\/h2>\n<p>5.1. Akceptacja niniejszej Umowy jest r\u00f3wnoznaczna z w\u0142asnor\u0119cznym podpisem U\u017cytkownika na niniejszej Umowie i oznacza pe\u0142n\u0105 i bezwarunkow\u0105 zgod\u0119 U\u017cytkownika na wszystkie warunki niniejszej Umowy. Nieznajomo\u015b\u0107 warunk\u00f3w niniejszej Umowy nie zwalnia U\u017cytkownika z odpowiedzialno\u015bci za jej nieprzestrzeganie.<\/p>\n<p>5.2. Akceptacja niniejszej Umowy obejmuje, ale nie wy\u0142\u0105cznie:<\/p>\n<p>5.2.1. Faktyczne korzystanie ze Strony przez U\u017cytkownika, i\/lub;<\/p>\n<p>5.2.2. Przes\u0142anie przez U\u017cytkownika swoich danych kontaktowych w formie wniosku o \u015bwiadczenie Us\u0142ug, i\/lub;<\/p>\n<p>5.2.3. Dokonanie przez U\u017cytkownika pe\u0142nej lub cz\u0119\u015bciowej p\u0142atno\u015bci na rzecz Wykonawcy za zam\u00f3wienie;<\/p>\n<p>5.2.4. Wszelkie inne formy interakcji U\u017cytkownika ze Stron\u0105.<\/p>\n<h2>6. Prawo do odst\u0105pienia od zam\u00f3wienia i zwrotu \u015brodk\u00f3w<\/h2>\n<p>6.1. U\u017cytkownik ma prawo odst\u0105pi\u0107 od zawartej transakcji na Stronie i za\u017c\u0105da\u0107 zwrotu \u015brodk\u00f3w. Szczeg\u00f3\u0142owe warunki zwrotu \u015brodk\u00f3w s\u0105 dost\u0119pne w sekcji <a href=\"https:\/\/feetglide.com\/returns\/\">Zwrot towaru<\/a>.<\/p>\n<h2>7. Dane osobowe U\u017cytkownika<\/h2>\n<p>7.1. Administrator Strony szanuje i dba o poufno\u015b\u0107 informacji ka\u017cdej osoby odwiedzaj\u0105cej t\u0119 stron\u0119. Akceptuj\u0105c niniejsz\u0105 Umow\u0119, U\u017cytkownik wyra\u017ca zgod\u0119 na zbieranie i wykorzystywanie okre\u015blonych informacji o U\u017cytkowniku zgodnie z polityk\u0105 Administratora Strony w zakresie ochrony danych osobowych. Ponadto, U\u017cytkownik wyra\u017ca zgod\u0119, \u017ce Administrator Strony mo\u017ce zbiera\u0107, wykorzystywa\u0107, przekazywa\u0107 i przetwarza\u0107 informacje zwi\u0105zane z przetwarzaniem zam\u00f3wie\u0144 U\u017cytkownika w celu \u015bwiadczenia odpowiednich us\u0142ug.<\/p>\n<p>7.2. Administrator Strony zobowi\u0105zuje si\u0119 do zbierania tylko tych danych osobowych, kt\u00f3re U\u017cytkownik przekazuje dobrowolnie, gdy s\u0105 one potrzebne do \u015bwiadczenia us\u0142ug.<\/p>\n<p>7.3. Administrator Strony zbiera zar\u00f3wno podstawowe dane osobowe, takie jak imi\u0119, nazwisko, adres i adres e-mail, jak i wt\u00f3rne (techniczne) dane \u2013 pliki cookies, informacje o po\u0142\u0105czeniach i informacje systemowe.<\/p>\n<p>7.4. U\u017cytkownik zgadza si\u0119, \u017ce poufno\u015b\u0107 przekazywanych przez Internet danych nie jest gwarantowana w przypadku, gdy dost\u0119p do tych danych uzyska\u0142y osoby trzecie spoza zakresu technicznych \u015brodk\u00f3w komunikacji podlegaj\u0105cych Administratorowi Strony. Administrator Strony nie ponosi odpowiedzialno\u015bci za szkody spowodowane takim dost\u0119pem.<\/p>\n<p>7.5. Administrator Strony mo\u017ce wykorzystywa\u0107 wszelkie informacje zebrane za po\u015brednictwem Strony w celu poprawy tre\u015bci strony, jej udoskonalania, przekazywania informacji U\u017cytkownikowi (na \u017c\u0105danie), do cel\u00f3w marketingowych lub badawczych, a tak\u017ce do innych cel\u00f3w nieprzekraczaj\u0105cych postanowie\u0144 obowi\u0105zuj\u0105cego prawa.<\/p>\n<p>Dodatkowe informacje na ten temat mo\u017cna znale\u017a\u0107 w sekcji <a href=\"https:\/\/feetglide.com\/privacy-policy\/\">Polityka prywatno\u015bci<\/a>.<\/p>\n<h2>8. Ograniczenie odpowiedzialno\u015bci Administratora Strony<\/h2>\n<p>8.1. Administrator Strony nie ponosi odpowiedzialno\u015bci za jakiekolwiek b\u0142\u0119dy, liter\u00f3wki i nie\u015bcis\u0142o\u015bci, kt\u00f3re mog\u0105 by\u0107 zawarte w materia\u0142ach zamieszczonych na tej Stronie. Administrator Strony dok\u0142ada wszelkich stara\u0144, aby zapewni\u0107 dok\u0142adno\u015b\u0107 i wiarygodno\u015b\u0107 informacji zamieszczonych na Stronie. Wszystkie informacje i materia\u0142y s\u0105 dostarczane w stanie \u201ejak jest\u201d, bez jakichkolwiek gwarancji, zar\u00f3wno jawnych, jak i domniemanych.<\/p>\n<p>8.2. Informacje na Stronie s\u0105 stale aktualizowane i w ka\u017cdej chwili mog\u0105 sta\u0107 si\u0119 nieaktualne. Administrator Strony nie ponosi odpowiedzialno\u015bci za uzyskanie nieaktualnych informacji ze Strony oraz za niemo\u017cno\u015b\u0107 U\u017cytkownika uzyskania aktualizacji przechowywanych na Strony, jak r\u00f3wnie\u017c za niemo\u017cno\u015b\u0107 otrzymania przez U\u017cytkownika aktualizacji informacji przechowywanych na Stronie.<\/p>\n<p>8.3. Administracja strony nie ponosi odpowiedzialno\u015bci za o\u015bwiadczenia i opinie odwiedzaj\u0105cych stron\u0119, pozostawione jako komentarze lub odpowiedzi. Opinia Administracji Strony mo\u017ce nie pokrywa\u0107 si\u0119 z opini\u0105 i stanowiskiem autor\u00f3w recenzji i komentarzy. Jednocze\u015bnie Administracja Strony podejmuje wszelkie mo\u017cliwe dzia\u0142ania, aby zapobiec publikacji wiadomo\u015bci naruszaj\u0105cych obowi\u0105zuj\u0105ce prawo lub moralno\u015b\u0107.<\/p>\n<p>8.4. Administracja strony nie ponosi odpowiedzialno\u015bci za mo\u017cliwe nielegalne dzia\u0142ania U\u017cytkownika wobec os\u00f3b trzecich ani os\u00f3b trzecich wobec U\u017cytkownika.<\/p>\n<p>8.5. Administracja strony nie ponosi odpowiedzialno\u015bci za o\u015bwiadczenia U\u017cytkownika dokonane lub opublikowane na Stronie.<\/p>\n<p>8.6. Administracja strony nie ponosi odpowiedzialno\u015bci za szkody, straty lub wydatki (rzeczywiste lub mo\u017cliwe), powsta\u0142e w zwi\u0105zku z t\u0105 Stron\u0105, jej u\u017cytkowaniem lub niemo\u017cno\u015bci\u0105 u\u017cytkowania.<\/p>\n<p>8.7. Administracja strony nie ponosi odpowiedzialno\u015bci za niekompletne, niedok\u0142adne lub b\u0142\u0119dne podanie danych przez U\u017cytkownika podczas sk\u0142adania zam\u00f3wienia.<\/p>\n<p>8.8. W przypadku problem\u00f3w zwi\u0105zanych z korzystaniem ze Strony, niezgodno\u015bci z okre\u015blonymi sekcjami Umowy U\u017cytkownika, otrzymania nieprecyzyjnych informacji od os\u00f3b trzecich, informacji o obra\u017aliwym charakterze lub innych niedopuszczalnych informacji, prosimy o kontakt z Administracj\u0105 Strony, aby\u015bmy mogli przeanalizowa\u0107 i wyeliminowa\u0107 odpowiednie wady, ograniczy\u0107 i zapobiec otrzymywaniu niepo\u017c\u0105danych informacji na Stronie, a tak\u017ce, je\u015bli to konieczne, ograniczy\u0107 lub zako\u0144czy\u0107 obowi\u0105zek \u015bwiadczenia us\u0142ug przez Administracj\u0119 Strony ka\u017cdemu U\u017cytkownikowi i klientowi, kt\u00f3ry celowo narusza postanowienia Umowy i funkcjonowanie Strony.<\/p>\n<p>8.9. W powy\u017cszych celach Administracja Strony zastrzega sobie prawo do usuni\u0119cia informacji zamieszczonych na Stronie oraz podj\u0119cia technicznych i prawnych dzia\u0142a\u0144 w celu zako\u0144czenia dost\u0119pu do Strony przez U\u017cytkownik\u00f3w, kt\u00f3rzy wed\u0142ug oceny Administracji Strony stwarzaj\u0105 problemy w korzystaniu ze Strony przez innych U\u017cytkownik\u00f3w lub naruszaj\u0105 wymagania Umowy.<\/p>\n<h2>9. Procedura Umowy<\/h2>\n<p>9.1. Niniejsza Umowa jest kontraktem. Administracja Strony zastrzega sobie prawo do zmiany tej Umowy oraz zawarcia nowej. Takie zmiany wchodz\u0105 w \u017cycie z chwil\u0105 ich opublikowania na Stronie. Korzystanie przez U\u017cytkownika z materia\u0142\u00f3w strony po zmianie Umowy automatycznie oznacza ich akceptacj\u0119.<\/p>\n<p>9.2. Niniejsza Umowa wchodzi w \u017cycie z chwil\u0105 pierwszej wizyty U\u017cytkownika na Stronie i obowi\u0105zuje mi\u0119dzy U\u017cytkownikiem a Firm\u0105 przez ca\u0142y okres korzystania przez U\u017cytkownika ze Strony.<\/p>\n<p>9.3. Strona podlega prawom w\u0142asno\u015bci intelektualnej Administracji Strony. Wszystkie wy\u0142\u0105czne prawa autorskie do strony nale\u017c\u0105 do Administracji Strony. Korzystanie ze strony przez U\u017cytkownik\u00f3w jest mo\u017cliwe wy\u0142\u0105cznie w ramach Umowy oraz przepis\u00f3w o prawach w\u0142asno\u015bci intelektualnej.<\/p>\n<p>9.4. Wszystkie znaki towarowe i nazwy wymienione w materia\u0142ach na tej Stronie s\u0105 w\u0142asno\u015bci\u0105 ich odpowiednich w\u0142a\u015bcicieli.<\/p>\n<p>9.5. U\u017cytkownik zobowi\u0105zuje si\u0119 nie reprodukowa\u0107, nie powiela\u0107, nie kopiowa\u0107 \u017cadnych cz\u0119\u015bci Strony, chyba \u017ce takie zezwolenie zosta\u0142o udzielone U\u017cytkownikowi przez Administracj\u0119 Strony.<\/p>\n<p>9.6. Niniejsza Umowa jest regulowana i interpretowana zgodnie z prawem Ukrainy. Kwestie nieuregulowane Umow\u0105 podlegaj\u0105 rozstrzygni\u0119ciu zgodnie z ustawodawstwem Ukrainy.<\/p>\n","protected":false},"excerpt":{"rendered":"<p>Warunki korzystania 1. Umowa u\u017cytkownika 1.1. Niniejsza umowa u\u017cytkownika (zwana dalej Umow\u0105) stanowi ofert\u0119 warunk\u00f3w korzystania ze strony internetowej https:\/\/feetglide.com\/ (dalej \u2013 Strona) przez Administratora strony i osob\u0119 fizyczn\u0105 (zwan\u0105 dalej U\u017cytkownikiem) oraz reguluje warunki przekazywania przez U\u017cytkownika informacji do korzystania ze Strony. 1.2. U\u017cytkownikiem Strony jest ka\u017cda osoba fizyczna, kt\u00f3ra kiedykolwiek uzyska\u0142a dost\u0119p do &hellip; <\/p>\n<p class=\"link-more\"><a href=\"https:\/\/feetglide.com\/pl\/terms-of-use\/\" class=\"more-link\">Kontynuuj czytanie<span class=\"screen-reader-text\"> &#8220;Warunki korzystania&#8221;<\/span><\/a><\/p>\n","protected":false},"author":3,"featured_media":0,"parent":0,"menu_order":0,"comment_status":"closed","ping_status":"closed","template":"","meta":{"footnotes":""},"class_list":["post-1304","page","type-page","status-publish","hentry"],"translation":{"provider":"WPGlobus","version":"2.8.2","language":"pl","enabled_languages":["en","pl","ru","uk","ua"],"languages":{"en":{"title":true,"content":true,"excerpt":false},"pl":{"title":true,"content":true,"excerpt":false},"ru":{"title":true,"content":true,"excerpt":false},"uk":{"title":true,"content":true,"excerpt":false},"ua":{"title":true,"content":true,"excerpt":false}}},"yoast_head":"<!-- This site is optimized with the Yoast SEO plugin v23.5 - https:\/\/yoast.com\/wordpress\/plugins\/seo\/ -->\n<title>Warunki u\u017cytkowania i umowa u\u017cytkownika - feetglide.com<\/title>\n<meta name=\"description\" content=\"Niniejsza Umowa u\u017cytkownika (zwana dalej Umow\u0105) stanowi ofert\u0119 warunk\u00f3w korzystania ze strony internetowej https:\/\/feetglide.com\/ (zwanej dalej Stron\u0105), reprezentowan\u0105 przez Administracj\u0119 Strony i osob\u0119 fizyczn\u0105 (zwan\u0105 dalej U\u017cytkownika) oraz reguluj\u0105ce warunki udost\u0119pniania U\u017cytkownikowi informacji do wykorzystania przez Serwis\" \/>\n<meta name=\"robots\" content=\"index, follow, max-snippet:-1, max-image-preview:large, max-video-preview:-1\" \/>\n<link rel=\"canonical\" href=\"https:\/\/feetglide.com\/pl\/terms-of-use\/\" \/>\n<meta property=\"og:locale\" content=\"pl_PL\" \/>\n<meta property=\"og:type\" content=\"article\" \/>\n<meta property=\"og:title\" content=\"Warunki korzystania - FeetGlide\" \/>\n<meta property=\"og:description\" content=\"Niniejsza Umowa u\u017cytkownika (zwana dalej Umow\u0105) stanowi ofert\u0119 warunk\u00f3w korzystania ze strony internetowej https:\/\/feetglide.com\/ (zwanej dalej Stron\u0105), reprezentowan\u0105 przez Administracj\u0119 Strony i osob\u0119 fizyczn\u0105 (zwan\u0105 dalej U\u017cytkownika) oraz reguluj\u0105ce warunki udost\u0119pniania U\u017cytkownikowi informacji do wykorzystania przez Serwis\" \/>\n<meta property=\"og:url\" content=\"https:\/\/feetglide.com\/pl\/terms-of-use\/\" \/>\n<meta property=\"og:site_name\" content=\"FeetGlide\" \/>\n<meta property=\"article:modified_time\" content=\"2024-06-29T09:45:16+00:00\" \/>\n<meta property=\"og:image\" content=\"https:\/\/feetglide.com\/wp-content\/uploads\/icons\/terms-of-use.svg\" \/>\n<meta name=\"twitter:card\" content=\"summary_large_image\" \/>\n<meta name=\"twitter:label1\" content=\"Szacowany czas czytania\" \/>\n\t<meta name=\"twitter:data1\" content=\"6 minut\" \/>\n<script type=\"application\/ld+json\" class=\"yoast-schema-graph\">{\"@context\":\"https:\/\/schema.org\",\"@graph\":[{\"@type\":\"WebPage\",\"@id\":\"https:\/\/feetglide.com\/pl\/terms-of-use\/\",\"url\":\"https:\/\/feetglide.com\/pl\/terms-of-use\/\",\"name\":\"Terms of use and user agreement - feetglide.com\",\"isPartOf\":{\"@id\":\"https:\/\/feetglide.com\/pl\/#website\"},\"primaryImageOfPage\":{\"@id\":\"https:\/\/feetglide.com\/pl\/terms-of-use\/#primaryimage\"},\"image\":{\"@id\":\"https:\/\/feetglide.com\/pl\/terms-of-use\/#primaryimage\"},\"thumbnailUrl\":\"https:\/\/feetglide.com\/pl\/wp-content\/uploads\/icons\/terms-of-use.svg\",\"datePublished\":\"2021-03-09T08:21:03+00:00\",\"dateModified\":\"2024-06-29T09:45:16+00:00\",\"description\":\"This user agreement (hereinafter referred to as the Agreement) is an offer of conditions for using the website https:\/\/feetglide.com\/ (hereinafter referred to as the Site), represented by the Site Administration and an individual (hereinafter referred to as the User), and governing the terms of provision User of information for use by the Site\",\"breadcrumb\":{\"@id\":\"https:\/\/feetglide.com\/pl\/terms-of-use\/#breadcrumb\"},\"inLanguage\":\"pl-PL\",\"potentialAction\":[{\"@type\":\"ReadAction\",\"target\":[\"https:\/\/feetglide.com\/pl\/terms-of-use\/\"]}]},{\"@type\":\"ImageObject\",\"inLanguage\":\"pl-PL\",\"@id\":\"https:\/\/feetglide.com\/pl\/terms-of-use\/#primaryimage\",\"url\":\"https:\/\/feetglide.com\/pl\/wp-content\/uploads\/icons\/terms-of-use.svg\",\"contentUrl\":\"https:\/\/feetglide.com\/pl\/wp-content\/uploads\/icons\/terms-of-use.svg\"},{\"@type\":\"BreadcrumbList\",\"@id\":\"https:\/\/feetglide.com\/pl\/terms-of-use\/#breadcrumb\",\"itemListElement\":[{\"@type\":\"ListItem\",\"position\":1,\"name\":\"FeetGlide\",\"item\":\"https:\/\/feetglide.com\/\"},{\"@type\":\"ListItem\",\"position\":2,\"name\":\"Terms of use\"}]},{\"@type\":\"WebSite\",\"@id\":\"https:\/\/feetglide.com\/pl\/#website\",\"url\":\"https:\/\/feetglide.com\/pl\/\",\"name\":\"FeetGlide\",\"description\":\"\",\"publisher\":{\"@id\":\"https:\/\/feetglide.com\/pl\/#organization\"},\"potentialAction\":[{\"@type\":\"SearchAction\",\"target\":{\"@type\":\"EntryPoint\",\"urlTemplate\":\"https:\/\/feetglide.com\/pl\/?s={search_term_string}\"},\"query-input\":{\"@type\":\"PropertyValueSpecification\",\"valueRequired\":true,\"valueName\":\"search_term_string\"}}],\"inLanguage\":\"pl-PL\"},{\"@type\":\"Organization\",\"@id\":\"https:\/\/feetglide.com\/pl\/#organization\",\"name\":\"FeetGlide\",\"url\":\"https:\/\/feetglide.com\/pl\/\",\"logo\":{\"@type\":\"ImageObject\",\"inLanguage\":\"pl-PL\",\"@id\":\"https:\/\/feetglide.com\/pl\/#\/schema\/logo\/image\/\",\"url\":\"https:\/\/feetglide.com\/pl\/wp-content\/uploads\/2020\/12\/logo.png\",\"contentUrl\":\"https:\/\/feetglide.com\/pl\/wp-content\/uploads\/2020\/12\/logo.png\",\"width\":288,\"height\":58,\"caption\":\"FeetGlide\"},\"image\":{\"@id\":\"https:\/\/feetglide.com\/pl\/#\/schema\/logo\/image\/\"}}]}<\/script>\n<!-- \/ Yoast SEO plugin. -->","yoast_head_json":{"title":"Warunki u\u017cytkowania i umowa u\u017cytkownika - feetglide.com","description":"Niniejsza Umowa u\u017cytkownika (zwana dalej Umow\u0105) stanowi ofert\u0119 warunk\u00f3w korzystania ze strony internetowej https:\/\/feetglide.com\/ (zwanej dalej Stron\u0105), reprezentowan\u0105 przez Administracj\u0119 Strony i osob\u0119 fizyczn\u0105 (zwan\u0105 dalej U\u017cytkownika) oraz reguluj\u0105ce warunki udost\u0119pniania U\u017cytkownikowi informacji do wykorzystania przez Serwis","robots":{"index":"index","follow":"follow","max-snippet":"max-snippet:-1","max-image-preview":"max-image-preview:large","max-video-preview":"max-video-preview:-1"},"canonical":"https:\/\/feetglide.com\/pl\/terms-of-use\/","og_locale":"pl_PL","og_type":"article","og_title":"Warunki korzystania - FeetGlide","og_description":"Niniejsza Umowa u\u017cytkownika (zwana dalej Umow\u0105) stanowi ofert\u0119 warunk\u00f3w korzystania ze strony internetowej https:\/\/feetglide.com\/ (zwanej dalej Stron\u0105), reprezentowan\u0105 przez Administracj\u0119 Strony i osob\u0119 fizyczn\u0105 (zwan\u0105 dalej U\u017cytkownika) oraz reguluj\u0105ce warunki udost\u0119pniania U\u017cytkownikowi informacji do wykorzystania przez Serwis","og_url":"https:\/\/feetglide.com\/pl\/terms-of-use\/","og_site_name":"FeetGlide","article_modified_time":"2024-06-29T09:45:16+00:00","og_image":[{"url":"https:\/\/feetglide.com\/wp-content\/uploads\/icons\/terms-of-use.svg"}],"twitter_card":"summary_large_image","twitter_misc":{"Szacowany czas czytania":"6 minut"},"schema":{"@context":"https:\/\/schema.org","@graph":[{"@type":"WebPage","@id":"https:\/\/feetglide.com\/pl\/terms-of-use\/","url":"https:\/\/feetglide.com\/pl\/terms-of-use\/","name":"Terms of use and user agreement - feetglide.com","isPartOf":{"@id":"https:\/\/feetglide.com\/pl\/#website"},"primaryImageOfPage":{"@id":"https:\/\/feetglide.com\/pl\/terms-of-use\/#primaryimage"},"image":{"@id":"https:\/\/feetglide.com\/pl\/terms-of-use\/#primaryimage"},"thumbnailUrl":"https:\/\/feetglide.com\/pl\/wp-content\/uploads\/icons\/terms-of-use.svg","datePublished":"2021-03-09T08:21:03+00:00","dateModified":"2024-06-29T09:45:16+00:00","description":"This user agreement (hereinafter referred to as the Agreement) is an offer of conditions for using the website https:\/\/feetglide.com\/ (hereinafter referred to as the Site), represented by the Site Administration and an individual (hereinafter referred to as the User), and governing the terms of provision User of information for use by the Site","breadcrumb":{"@id":"https:\/\/feetglide.com\/pl\/terms-of-use\/#breadcrumb"},"inLanguage":"pl-PL","potentialAction":[{"@type":"ReadAction","target":["https:\/\/feetglide.com\/pl\/terms-of-use\/"]}]},{"@type":"ImageObject","inLanguage":"pl-PL","@id":"https:\/\/feetglide.com\/pl\/terms-of-use\/#primaryimage","url":"https:\/\/feetglide.com\/pl\/wp-content\/uploads\/icons\/terms-of-use.svg","contentUrl":"https:\/\/feetglide.com\/pl\/wp-content\/uploads\/icons\/terms-of-use.svg"},{"@type":"BreadcrumbList","@id":"https:\/\/feetglide.com\/pl\/terms-of-use\/#breadcrumb","itemListElement":[{"@type":"ListItem","position":1,"name":"FeetGlide","item":"https:\/\/feetglide.com\/"},{"@type":"ListItem","position":2,"name":"Terms of use"}]},{"@type":"WebSite","@id":"https:\/\/feetglide.com\/pl\/#website","url":"https:\/\/feetglide.com\/pl\/","name":"FeetGlide","description":"","publisher":{"@id":"https:\/\/feetglide.com\/pl\/#organization"},"potentialAction":[{"@type":"SearchAction","target":{"@type":"EntryPoint","urlTemplate":"https:\/\/feetglide.com\/pl\/?s={search_term_string}"},"query-input":{"@type":"PropertyValueSpecification","valueRequired":true,"valueName":"search_term_string"}}],"inLanguage":"pl-PL"},{"@type":"Organization","@id":"https:\/\/feetglide.com\/pl\/#organization","name":"FeetGlide","url":"https:\/\/feetglide.com\/pl\/","logo":{"@type":"ImageObject","inLanguage":"pl-PL","@id":"https:\/\/feetglide.com\/pl\/#\/schema\/logo\/image\/","url":"https:\/\/feetglide.com\/pl\/wp-content\/uploads\/2020\/12\/logo.png","contentUrl":"https:\/\/feetglide.com\/pl\/wp-content\/uploads\/2020\/12\/logo.png","width":288,"height":58,"caption":"FeetGlide"},"image":{"@id":"https:\/\/feetglide.com\/pl\/#\/schema\/logo\/image\/"}}]}},"_links":{"self":[{"href":"https:\/\/feetglide.com\/pl\/wp-json\/wp\/v2\/pages\/1304"}],"collection":[{"href":"https:\/\/feetglide.com\/pl\/wp-json\/wp\/v2\/pages"}],"about":[{"href":"https:\/\/feetglide.com\/pl\/wp-json\/wp\/v2\/types\/page"}],"author":[{"embeddable":true,"href":"https:\/\/feetglide.com\/pl\/wp-json\/wp\/v2\/users\/3"}],"replies":[{"embeddable":true,"href":"https:\/\/feetglide.com\/pl\/wp-json\/wp\/v2\/comments?post=1304"}],"version-history":[{"count":22,"href":"https:\/\/feetglide.com\/pl\/wp-json\/wp\/v2\/pages\/1304\/revisions"}],"predecessor-version":[{"id":4878,"href":"https:\/\/feetglide.com\/pl\/wp-json\/wp\/v2\/pages\/1304\/revisions\/4878"}],"wp:attachment":[{"href":"https:\/\/feetglide.com\/pl\/wp-json\/wp\/v2\/media?parent=1304"}],"curies":[{"name":"wp","href":"https:\/\/api.w.org\/{rel}","templated":true}]}}